{"id":15,"date":"2014-05-08T11:35:10","date_gmt":"2014-05-08T09:35:10","guid":{"rendered":"http:\/\/kmim.wm.pwr.edu.pl\/bio\/?page_id=15"},"modified":"2014-05-15T12:50:01","modified_gmt":"2014-05-15T10:50:01","slug":"zespoly_naukowe","status":"publish","type":"page","link":"https:\/\/kmim.wm.pwr.edu.pl\/bio\/badania\/zespoly_naukowe\/","title":{"rendered":"Zespo\u0142y naukowe"},"content":{"rendered":"<p>W ramach Katedry Mechaniki i In\u017cynierii Materia\u0142owej funkcjonuj\u0105 zespo\u0142y zajmuj\u0105ce si\u0119 szeroko poj\u0119t\u0105 tematyk\u0105 bio-, kt\u00f3ra jest przez nie poruszana w zakresie prowadzonych bada\u0144 w\u0142asnych.<\/p>\n<ol>\n<li><a title=\"Zesp\u00f3\u0142 biochemiczny\" href=\"http:\/\/kmim.wm.pwr.edu.pl\/bio\/zespoly_naukowe\/zespol-biochemiczny\/\">Zesp\u00f3\u0142 biochemiczny Zol-\u017bel<\/a><\/li>\n<li><a title=\"Zesp\u00f3\u0142 biomechaniczny\" href=\"http:\/\/kmim.wm.pwr.edu.pl\/bio\/zespoly_naukowe\/zespol-biomechaniczny\/\">Zesp\u00f3\u0142 biomechniczny<\/a><\/li>\n<\/ol>\n","protected":false},"excerpt":{"rendered":"<p>W ramach Katedry Mechaniki i In\u017cynierii Materia\u0142owej funkcjonuj\u0105 zespo\u0142y zajmuj\u0105ce si\u0119 szeroko poj\u0119t\u0105 tematyk\u0105 bio-, kt\u00f3ra jest przez nie poruszana w zakresie prowadzonych bada\u0144 w\u0142asnych. Zesp\u00f3\u0142 biochemiczny Zol-\u017bel Zesp\u00f3\u0142 biomechniczny<\/p>\n","protected":false},"author":2,"featured_media":0,"parent":19,"menu_order":0,"comment_status":"closed","ping_status":"open","template":"","meta":{"ngg_post_thumbnail":0,"footnotes":""},"class_list":["post-15","page","type-page","status-publish","hentry"],"publishpress_future_action":{"enabled":false,"date":"2026-04-19 19:21:13","action":"change-status","newStatus":"draft","terms":[],"taxonomy":"language","extraData":[]},"publishpress_future_workflow_manual_trigger":{"enabledWorkflows":[]},"_links":{"self":[{"href":"https:\/\/kmim.wm.pwr.edu.pl\/bio\/wp-json\/wp\/v2\/pages\/15","targetHints":{"allow":["GET"]}}],"collection":[{"href":"https:\/\/kmim.wm.pwr.edu.pl\/bio\/wp-json\/wp\/v2\/pages"}],"about":[{"href":"https:\/\/kmim.wm.pwr.edu.pl\/bio\/wp-json\/wp\/v2\/types\/page"}],"author":[{"embeddable":true,"href":"https:\/\/kmim.wm.pwr.edu.pl\/bio\/wp-json\/wp\/v2\/users\/2"}],"replies":[{"embeddable":true,"href":"https:\/\/kmim.wm.pwr.edu.pl\/bio\/wp-json\/wp\/v2\/comments?post=15"}],"version-history":[{"count":6,"href":"https:\/\/kmim.wm.pwr.edu.pl\/bio\/wp-json\/wp\/v2\/pages\/15\/revisions"}],"predecessor-version":[{"id":38,"href":"https:\/\/kmim.wm.pwr.edu.pl\/bio\/wp-json\/wp\/v2\/pages\/15\/revisions\/38"}],"up":[{"embeddable":true,"href":"https:\/\/kmim.wm.pwr.edu.pl\/bio\/wp-json\/wp\/v2\/pages\/19"}],"wp:attachment":[{"href":"https:\/\/kmim.wm.pwr.edu.pl\/bio\/wp-json\/wp\/v2\/media?parent=15"}],"curies":[{"name":"wp","href":"https:\/\/api.w.org\/{rel}","templated":true}]}}