{"id":29,"date":"2014-05-13T13:54:15","date_gmt":"2014-05-13T11:54:15","guid":{"rendered":"http:\/\/kmim.wm.pwr.edu.pl\/bio\/?page_id=29"},"modified":"2014-05-13T13:54:40","modified_gmt":"2014-05-13T11:54:40","slug":"zespol-biochemiczny","status":"publish","type":"page","link":"https:\/\/kmim.wm.pwr.edu.pl\/bio\/badania\/zespoly_naukowe\/zespol-biochemiczny\/","title":{"rendered":"Zesp\u00f3\u0142 biochemiczny"},"content":{"rendered":"<p>Zesp\u00f3\u0142 biochemiczny tworz\u0105:<\/p>\n<ul>\n<li>dr in\u017c.\u00a0Justyna Krzak<\/li>\n<li>mgr in\u017c. Anna Donesz-Sikorska<\/li>\n<li>dr\u00a0Agnieszka Baszczuk<\/li>\n<li>dr\u00a0Beata Borak<\/li>\n<li>dr\u00a0Marek Jasiorski<\/li>\n<\/ul>\n","protected":false},"excerpt":{"rendered":"<p>Zesp\u00f3\u0142 biochemiczny tworz\u0105: dr in\u017c.\u00a0Justyna Krzak mgr in\u017c. Anna Donesz-Sikorska dr\u00a0Agnieszka Baszczuk dr\u00a0Beata Borak dr\u00a0Marek Jasiorski<\/p>\n","protected":false},"author":2,"featured_media":0,"parent":15,"menu_order":0,"comment_status":"closed","ping_status":"open","template":"","meta":{"ngg_post_thumbnail":0,"footnotes":""},"class_list":["post-29","page","type-page","status-publish","hentry"],"publishpress_future_action":{"enabled":false,"date":"2026-04-19 19:19:35","action":"change-status","newStatus":"draft","terms":[],"taxonomy":"language","extraData":[]},"publishpress_future_workflow_manual_trigger":{"enabledWorkflows":[]},"_links":{"self":[{"href":"https:\/\/kmim.wm.pwr.edu.pl\/bio\/wp-json\/wp\/v2\/pages\/29","targetHints":{"allow":["GET"]}}],"collection":[{"href":"https:\/\/kmim.wm.pwr.edu.pl\/bio\/wp-json\/wp\/v2\/pages"}],"about":[{"href":"https:\/\/kmim.wm.pwr.edu.pl\/bio\/wp-json\/wp\/v2\/types\/page"}],"author":[{"embeddable":true,"href":"https:\/\/kmim.wm.pwr.edu.pl\/bio\/wp-json\/wp\/v2\/users\/2"}],"replies":[{"embeddable":true,"href":"https:\/\/kmim.wm.pwr.edu.pl\/bio\/wp-json\/wp\/v2\/comments?post=29"}],"version-history":[{"count":2,"href":"https:\/\/kmim.wm.pwr.edu.pl\/bio\/wp-json\/wp\/v2\/pages\/29\/revisions"}],"predecessor-version":[{"id":32,"href":"https:\/\/kmim.wm.pwr.edu.pl\/bio\/wp-json\/wp\/v2\/pages\/29\/revisions\/32"}],"up":[{"embeddable":true,"href":"https:\/\/kmim.wm.pwr.edu.pl\/bio\/wp-json\/wp\/v2\/pages\/15"}],"wp:attachment":[{"href":"https:\/\/kmim.wm.pwr.edu.pl\/bio\/wp-json\/wp\/v2\/media?parent=29"}],"curies":[{"name":"wp","href":"https:\/\/api.w.org\/{rel}","templated":true}]}}