{"id":34,"date":"2014-05-13T16:43:18","date_gmt":"2014-05-13T14:43:18","guid":{"rendered":"http:\/\/kmim.wm.pwr.edu.pl\/bio\/?page_id=34"},"modified":"2014-05-13T16:44:53","modified_gmt":"2014-05-13T14:44:53","slug":"zespol-biomechaniczny","status":"publish","type":"page","link":"https:\/\/kmim.wm.pwr.edu.pl\/bio\/badania\/zespoly_naukowe\/zespol-biomechaniczny\/","title":{"rendered":"Zesp\u00f3\u0142 biomechaniczny"},"content":{"rendered":"<p>Zesp\u00f3\u0142 biomechaniczny tworz\u0105:<\/p>\n<ul>\n<li>dr in\u017c. Miros\u0142aw Bocian<\/li>\n<li>dr in\u017c. Grzegorz Lesiuk<\/li>\n<li>dr in\u017c. Jakub S\u0142owi\u0144ski<\/li>\n<\/ul>\n<p>&nbsp;<\/p>\n","protected":false},"excerpt":{"rendered":"<p>Zesp\u00f3\u0142 biomechaniczny tworz\u0105: dr in\u017c. Miros\u0142aw Bocian dr in\u017c. Grzegorz Lesiuk dr in\u017c. Jakub S\u0142owi\u0144ski &nbsp;<\/p>\n","protected":false},"author":2,"featured_media":0,"parent":15,"menu_order":0,"comment_status":"closed","ping_status":"open","template":"","meta":{"ngg_post_thumbnail":0,"footnotes":""},"class_list":["post-34","page","type-page","status-publish","hentry"],"publishpress_future_action":{"enabled":false,"date":"2026-04-19 19:19:58","action":"change-status","newStatus":"draft","terms":[],"taxonomy":"language","extraData":[]},"publishpress_future_workflow_manual_trigger":{"enabledWorkflows":[]},"_links":{"self":[{"href":"https:\/\/kmim.wm.pwr.edu.pl\/bio\/wp-json\/wp\/v2\/pages\/34","targetHints":{"allow":["GET"]}}],"collection":[{"href":"https:\/\/kmim.wm.pwr.edu.pl\/bio\/wp-json\/wp\/v2\/pages"}],"about":[{"href":"https:\/\/kmim.wm.pwr.edu.pl\/bio\/wp-json\/wp\/v2\/types\/page"}],"author":[{"embeddable":true,"href":"https:\/\/kmim.wm.pwr.edu.pl\/bio\/wp-json\/wp\/v2\/users\/2"}],"replies":[{"embeddable":true,"href":"https:\/\/kmim.wm.pwr.edu.pl\/bio\/wp-json\/wp\/v2\/comments?post=34"}],"version-history":[{"count":2,"href":"https:\/\/kmim.wm.pwr.edu.pl\/bio\/wp-json\/wp\/v2\/pages\/34\/revisions"}],"predecessor-version":[{"id":37,"href":"https:\/\/kmim.wm.pwr.edu.pl\/bio\/wp-json\/wp\/v2\/pages\/34\/revisions\/37"}],"up":[{"embeddable":true,"href":"https:\/\/kmim.wm.pwr.edu.pl\/bio\/wp-json\/wp\/v2\/pages\/15"}],"wp:attachment":[{"href":"https:\/\/kmim.wm.pwr.edu.pl\/bio\/wp-json\/wp\/v2\/media?parent=34"}],"curies":[{"name":"wp","href":"https:\/\/api.w.org\/{rel}","templated":true}]}}