{"id":43,"date":"2014-06-09T18:10:35","date_gmt":"2014-06-09T16:10:35","guid":{"rendered":"http:\/\/kmim.wm.pwr.edu.pl\/bio\/?page_id=43"},"modified":"2014-06-29T03:25:18","modified_gmt":"2014-06-29T01:25:18","slug":"prace-dyplomowe","status":"publish","type":"page","link":"https:\/\/kmim.wm.pwr.edu.pl\/bio\/prace-dyplomowe\/","title":{"rendered":"Prace dyplomowe"},"content":{"rendered":"<p>W zakresie szeroko poj\u0119tej biomechaniki na Katedrze realizowane s\u0105 prace dyplomowe I-go i II-go stopnia.<\/p>\n<p><strong>\u00a02014<\/strong><\/p>\n<ul>\n<li>Przebudowa tkanki kostnej okolic przyz\u0119bia powodowana si\u0142ami \u017cucia &#8211; stud. K. Stempek, prom. J. J. S\u0142owi\u0144ski, praca magisterska;<\/li>\n<li>Numeryczne wsparcie procesu leczenia zespo\u0142u Pierre Robina &#8211; stud. A. Czarnecka, prom. J. J. S\u0142owi\u0144ski, praca magisterska;<\/li>\n<li>Wp\u0142yw b\u0142\u0119dnego zamocowania endoprotezy stawu biodrowego na zu\u017cycie implantu i niszczenie tkanki kostnej &#8211; stud. Angelika Koby\u0142ko, prom. J. J. S\u0142owi\u0144ski, praca in\u017cynierska;<\/li>\n<\/ul>\n<p><strong>2013<\/strong><\/p>\n<ul>\n<li>\n<p align=\"LEFT\">Przebudowa struktury beleczkowej w kr\u0119gach kr\u0119gos\u0142upa szyjnego z wprowadzonymi elementami stabilizuj\u0105cymi &#8211; stud. Agata Kizny, prom. J. J. S\u0142owi\u0144ski, praca in\u017cynierska;<\/p>\n<\/li>\n<li>Projekt trzonu endoprotezy ko\u015bci udowej i jego numeryczna weryfikacja w odniesieniu do konstrukcji istniej\u0105cych &#8211; stud. Maciej Majka, prom. J. J. S\u0142owi\u0144ski, praca in\u017cynierska;<\/li>\n<\/ul>\n<p>2012<\/p>\n<ul>\n<li>Analiza wp\u0142ywu typu obci\u0105\u017cenia kr\u0119gos\u0142upa szyjnego na rozk\u0142ad struktur beleczkowych w trzonie kr\u0119gu &#8211; stud. Joanna Mazurek, prom. J. J. S\u0142owi\u0144ski, praca in\u017cynierska;<\/li>\n<\/ul>\n","protected":false},"excerpt":{"rendered":"<p>W zakresie szeroko poj\u0119tej biomechaniki na Katedrze realizowane s\u0105 prace dyplomowe I-go i II-go stopnia. \u00a02014 Przebudowa tkanki kostnej okolic przyz\u0119bia powodowana si\u0142ami \u017cucia &#8211; stud. K. Stempek, prom. J. J. S\u0142owi\u0144ski, praca magisterska; Numeryczne wsparcie procesu leczenia zespo\u0142u Pierre Robina &#8211; stud. A. Czarnecka, prom. J. J. S\u0142owi\u0144ski, praca magisterska; Wp\u0142yw b\u0142\u0119dnego zamocowania endoprotezy &hellip; <a href=\"https:\/\/kmim.wm.pwr.edu.pl\/bio\/prace-dyplomowe\/\" class=\"more-link\">Czytaj dalej <span class=\"screen-reader-text\">Prace dyplomowe<\/span> <span class=\"meta-nav\">&rarr;<\/span><\/a><\/p>\n","protected":false},"author":2,"featured_media":0,"parent":0,"menu_order":0,"comment_status":"closed","ping_status":"open","template":"","meta":{"ngg_post_thumbnail":0,"footnotes":""},"class_list":["post-43","page","type-page","status-publish","hentry"],"publishpress_future_action":{"enabled":false,"date":"2026-04-19 19:19:52","action":"change-status","newStatus":"draft","terms":[],"taxonomy":"language","extraData":[]},"publishpress_future_workflow_manual_trigger":{"enabledWorkflows":[]},"_links":{"self":[{"href":"https:\/\/kmim.wm.pwr.edu.pl\/bio\/wp-json\/wp\/v2\/pages\/43","targetHints":{"allow":["GET"]}}],"collection":[{"href":"https:\/\/kmim.wm.pwr.edu.pl\/bio\/wp-json\/wp\/v2\/pages"}],"about":[{"href":"https:\/\/kmim.wm.pwr.edu.pl\/bio\/wp-json\/wp\/v2\/types\/page"}],"author":[{"embeddable":true,"href":"https:\/\/kmim.wm.pwr.edu.pl\/bio\/wp-json\/wp\/v2\/users\/2"}],"replies":[{"embeddable":true,"href":"https:\/\/kmim.wm.pwr.edu.pl\/bio\/wp-json\/wp\/v2\/comments?post=43"}],"version-history":[{"count":5,"href":"https:\/\/kmim.wm.pwr.edu.pl\/bio\/wp-json\/wp\/v2\/pages\/43\/revisions"}],"predecessor-version":[{"id":79,"href":"https:\/\/kmim.wm.pwr.edu.pl\/bio\/wp-json\/wp\/v2\/pages\/43\/revisions\/79"}],"wp:attachment":[{"href":"https:\/\/kmim.wm.pwr.edu.pl\/bio\/wp-json\/wp\/v2\/media?parent=43"}],"curies":[{"name":"wp","href":"https:\/\/api.w.org\/{rel}","templated":true}]}}