{"id":44,"date":"2015-11-02T12:05:19","date_gmt":"2015-11-02T11:05:19","guid":{"rendered":"http:\/\/kmim.wm.pwr.edu.pl\/biomat\/?page_id=44"},"modified":"2022-03-25T12:19:52","modified_gmt":"2022-03-25T11:19:52","slug":"publikacja","status":"publish","type":"page","link":"https:\/\/kmim.wm.pwr.edu.pl\/biomat\/o-nas\/publikacja\/","title":{"rendered":"DOROBEK PUBLIKACYJNY"},"content":{"rendered":"<p style=\"text-align: justify\">NAJWA\u017bNIEJSZE PUBLIKACJE<\/p>\n<ul style=\"text-align: justify\">\n<li>Jako\u015b\u0107 us\u0142ug medycznych ocena statystyczna: podstawy metodyczne (Beata Detyna, <a href=\"http:\/\/kmim.wm.pwr.edu.pl\/detyna\/\">Jerzy Detyna<\/a>), Difin, 2011. <a href=\"http:\/\/kmim.wm.pwr.edu.pl\/detyna\/wp-publications\/detyna2011\/\">[bibtex]<\/a><\/li>\n<li>Maksimum entropii jako teoretyczne kryterium statystycznego opisu separacji materii granulowanej (<a href=\"http:\/\/kmim.wm.pwr.edu.pl\/detyna\/\">Jerzy Detyna<\/a>), Oficyna Wydaw. PWroc., 2007. <a href=\"http:\/\/kmim.wm.pwr.edu.pl\/detyna\/wp-publications\/detyna2007\/\">[bibtex]<\/a><\/li>\n<li>Agrotechnologia Praca zbiorowa (Jan Banasiak, <a href=\"http:\/\/kmim.wm.pwr.edu.pl\/detyna\/\">Jerzy Detyna<\/a>, Edward Hutnik, Antoni Szewczyk, Les\u0142aw Zimny), (Jan Banasiak, ed.), Wyd. Nauk. PWN, 1999. <a href=\"http:\/\/kmim.wm.pwr.edu.pl\/detyna\/wp-publications\/banasiak1999\/\">[bibtex]<\/a><\/li>\n<li>Near infrared light induces post-translational modifications of human red blood cell proteins (Tomasz Walski, Agnieszka Dyrda, Ma\u0142gorzata Dzik, Ludmi\u0142a Chludzi\u0144ska, Tomasz Tomk\u00f3w, Joanna Mehl, <a href=\"http:\/\/kmim.wm.pwr.edu.pl\/detyna\/\">Jerzy Detyna<\/a>, Katarzyna Ga\u0142ecka, Wojciech Witkiewicz, Ma\u0142gorzata Komorowska), In Photochemical &amp; Photobiological Sciences, 2015. <a href=\"http:\/\/kmim.wm.pwr.edu.pl\/detyna\/wp-publications\/walski2015\/\">[bibtex]<\/a> <a href=\"http:\/\/dx.doi.org\/10.1039\/C5PP00203F\">[doi]<\/a><\/li>\n<li><a href=\"http:\/\/yadda.icm.edu.pl\/baztech\/element\/bwmeta1.element.baztech-99290c5e-6c97-43a2-bad5-b1a79ffd4d04\/c\/Ziety.pdf\">Ocena wp\u0142ywu warunk\u00f3w \u015brodowiskowych na odporno\u015b\u0107 korozyjn\u0105 stopu Ti6Al4V<\/a> (<a href=\"http:\/\/kmim.wm.pwr.edu.pl\/ziety\/\">Anna Zi\u0119ty<\/a>, <a href=\"http:\/\/kmim.wm.pwr.edu.pl\/detyna\/\">Jerzy Detyna<\/a>), In Aktualne Problemy Biomechaniki, 2013. <a href=\"http:\/\/kmim.wm.pwr.edu.pl\/detyna\/wp-publications\/ziety2013\/\">[bibtex]<\/a> <a href=\"http:\/\/yadda.icm.edu.pl\/baztech\/element\/bwmeta1.element.baztech-99290c5e-6c97-43a2-bad5-b1a79ffd4d04\/c\/Ziety.pdf\">[pdf]<\/a><\/li>\n<li>Analiza efektywno\u015bci metod wyboru zmiennych obja\u015bniaj\u0105cych do budowy modelu regresyjnego (Maria M Rosienkiewicz, <a href=\"http:\/\/kmim.wm.pwr.edu.pl\/detyna\/\">Jerzy Detyna<\/a>), In Prace Naukowe Uniwersytetu Ekonomicznego we Wroc\u0142awiu, 2013. <a href=\"http:\/\/kmim.wm.pwr.edu.pl\/detyna\/wp-publications\/rosienkiewicz2013\/\">[bibtex]<\/a><\/li>\n<li>Przydatno\u015b\u0107 test\u00f3w nieparametrycznych Kruskala-Wallisa i mediany w d\u0142ugoterminowej ocenie parametr\u00f3w kruszyw melafirowych (Mariusz Donocik, Bogdan Kisia\u0142a, Miros\u0142aw Mr\u00f3z, Beata Detyna, <a href=\"http:\/\/kmim.wm.pwr.edu.pl\/detyna\/\">Jerzy Detyna<\/a>), In Prace Naukowe Uniwersytetu Ekonomicznego we Wroc\u0142awiu, 2013. <a href=\"http:\/\/kmim.wm.pwr.edu.pl\/detyna\/wp-publications\/donocik2013a\/\">[bibtex]<\/a><\/li>\n<li><a href=\"http:\/\/ko-oper.pwr.wroc.pl\/files\/Interdyscyplinarnosc_badan_naukowych_2014_JS.pdf\">Influence of alternating magnetic field on selected plants properties<\/a> (<a href=\"http:\/\/kmim.wm.pwr.edu.pl\/grabowska\/\">Katarzyna Grabowska<\/a>, <a href=\"http:\/\/kmim.wm.pwr.edu.pl\/detyna\/\">Jerzy Detyna<\/a>, Henryk Bujak), In Interdyscyplinarno\u015b\u0107 bada\u0144 naukowych 2014: praca zbiorowa (Jaros\u0142aw Szrek, ed.), Oficyna Wydawnicza Politechniki Wroc\u0142awskiej, 2014. <a href=\"http:\/\/kmim.wm.pwr.edu.pl\/grabowska\/wp-publications\/grabowska2014\/\">[bibtex]<\/a> <a href=\"http:\/\/ko-oper.pwr.wroc.pl\/files\/Interdyscyplinarnosc_badan_naukowych_2014_JS.pdf\">[pdf]<\/a><\/li>\n<li>Release of ciprofloxacin and moxifloxacin from daily disposable contact lenses from an in vitro eye model (<a href=\"http:\/\/kmim.wm.pwr.edu.pl\/bajgrowicz\/\">Magdalena Bajgrowicz<\/a>, Phan Chau-Minh, N. Subbaraman Lakshman, Lyndon Jones), In Investigative Ophthalmology &amp; Visual Science, volume 56, 2015. <a href=\"http:\/\/kmim.wm.pwr.edu.pl\/bajgrowicz\/wp-publications\/bajgrowicz2015a\/\">[bibtex]<\/a> <a href=\"http:\/\/dx.doi.org\/10.1167\/iovs.15-16379\">[doi]<\/a><\/li>\n<li><a href=\"http:\/\/yadda.icm.edu.pl\/baztech\/element\/bwmeta1.element.baztech-99290c5e-6c97-43a2-bad5-b1a79ffd4d04\/c\/Ziety.pdf\">Ocena wp\u0142ywu warunk\u00f3w \u015brodowiskowych na odporno\u015b\u0107 korozyjn\u0105 stopu Ti6Al4V<\/a> (<a href=\"http:\/\/kmim.wm.pwr.edu.pl\/ziety\/\">Anna Zi\u0119ty<\/a>, <a href=\"http:\/\/kmim.wm.pwr.edu.pl\/detyna\/\">Jerzy Detyna<\/a>), In Aktualne Problemy Biomechaniki, 2013. <a href=\"http:\/\/kmim.wm.pwr.edu.pl\/ziety\/wp-publications\/ziety2013\/\">[bibtex]<\/a> <a href=\"http:\/\/yadda.icm.edu.pl\/baztech\/element\/bwmeta1.element.baztech-99290c5e-6c97-43a2-bad5-b1a79ffd4d04\/c\/Ziety.pdf\">[pdf]<\/a><\/li>\n<li>Dynamika procesu uwodnienia element\u00f3w segmentu ruchowego kr\u0119gos\u0142upa (<a href=\"http:\/\/kmim.wm.pwr.edu.pl\/ziety\/\">Anna Zi\u0119ty<\/a>, Ma\u0142gorzata \u017bak), In Aktualne Problemy Biomechaniki, 2012. <a href=\"http:\/\/kmim.wm.pwr.edu.pl\/ziety\/wp-publications\/ziety2012\/\">[bibtex]<\/a><\/li>\n<li>Wp\u0142yw obr\u00f3bki cieplnej na odporno\u015b\u0107 korozyjn\u0105 stopu Ti6Al4V przeznaczonego na endoprotezy (<a href=\"http:\/\/kmim.wm.pwr.edu.pl\/ziety\/\">Anna Zi\u0119ty<\/a>), In Maj\u00f3wka M\u0142odych Biomechanik\u00f3w 2015 : XII Konferencja Naukowa im. prof. Dagmary Tejszerskiej, 2015. <a href=\"http:\/\/kmim.wm.pwr.edu.pl\/ziety\/wp-publications\/ziety2015\/\">[bibtex]<\/a><\/li>\n<li><a href=\"http:\/\/www.inzynieria-biomedyczna.com\">Kr\u00f3tki przegl\u0105d na temat kom\u00f3rek macierzystych<\/a> (<a href=\"http:\/\/kmim.wm.pwr.edu.pl\/kmiecik\/\">Barbara Kmiecik<\/a>, Anna Skotny-Krakowian, Zbigniew Rybak), In Acta Bio-Optica et Informatica Medica, volume 21, 2015. <a href=\"http:\/\/kmim.wm.pwr.edu.pl\/kmiecik\/wp-publications\/kmiecik2015a\/\">[bibtex]<\/a> <a href=\"http:\/\/www.inzynieria-biomedyczna.com\">[pdf]<\/a><\/li>\n<li>Diagnostyka alergii in vitro (Anna Skotny, <a href=\"http:\/\/kmim.wm.pwr.edu.pl\/kmiecik\/\">Barbara Kmiecik<\/a>, Emilia Siwak, Wojciech M\u0119drala), In International Review of Allergology and Clinical Immunology in Family Medicine, volume 20, 2014. <a href=\"http:\/\/kmim.wm.pwr.edu.pl\/kmiecik\/wp-publications\/skotny2014a\/\">[bibtex]<\/a><\/li>\n<li><a href=\"http:\/\/www.polimery.am.wroc.pl\/pdf\/206.pdf\">Wp\u0142yw stresu oksydacyjnego na procesy regeneracji tkankowej<\/a> (<a href=\"http:\/\/kmim.wm.pwr.edu.pl\/kmiecik\/\">Barbara Kmiecik<\/a>, Anna Skotny, Ma\u0142gorzata Batycka, Renata Wawrzaszek, Zbigniew Rybak), In Polimery w Medycynie, volume 43, 2013. <a href=\"http:\/\/kmim.wm.pwr.edu.pl\/kmiecik\/wp-publications\/kmiecik2013\/\">[bibtex]<\/a> <a href=\"http:\/\/www.polimery.am.wroc.pl\/pdf\/206.pdf\">[pdf]<\/a><\/li>\n<li><a href=\"http:\/\/www.mededu.pl\/pdf\/2013_07_09_13_33_56_pl_ap4-2012_srodek_do_internetu-bez.pdf\">Cytometria przep\u0142ywowa w diagnostyce alergii &#8211; protoko\u0142y identyfikacji bazofil\u00f3w<\/a> (Anna Skotny, <a href=\"http:\/\/kmim.wm.pwr.edu.pl\/kmiecik\/\">Barbara Kmiecik<\/a>, Ewa Zbrojewicz, Emilia Siwak, Wojciech M\u0119drala), In Alergoprofil, volume 8, 2012. <a href=\"http:\/\/kmim.wm.pwr.edu.pl\/kmiecik\/wp-publications\/skotny2012\/\">[bibtex]<\/a> <a href=\"http:\/\/www.mededu.pl\/pdf\/2013_07_09_13_33_56_pl_ap4-2012_srodek_do_internetu-bez.pdf\">[pdf]<\/a><\/li>\n<\/ul>\n<p style=\"text-align: justify\">&nbsp;<\/p>\n","protected":false},"excerpt":{"rendered":"<p>NAJWA\u017bNIEJSZE PUBLIKACJE Jako\u015b\u0107 us\u0142ug medycznych ocena statystyczna: podstawy metodyczne (Beata Detyna, Jerzy Detyna), Difin, 2011. [bibtex] Maksimum entropii jako teoretyczne kryterium statystycznego opisu separacji materii granulowanej (Jerzy Detyna), Oficyna Wydaw. PWroc., 2007. [bibtex] Agrotechnologia Praca zbiorowa (Jan Banasiak, Jerzy Detyna, Edward Hutnik, Antoni Szewczyk, Les\u0142aw Zimny), (Jan Banasiak, ed.), Wyd. Nauk. PWN, 1999. [bibtex] Near &hellip; <a href=\"https:\/\/kmim.wm.pwr.edu.pl\/biomat\/o-nas\/publikacja\/\" class=\"more-link\">Czytaj dalej <span class=\"screen-reader-text\">DOROBEK PUBLIKACYJNY<\/span> <span class=\"meta-nav\">&rarr;<\/span><\/a><\/p>\n","protected":false},"author":43,"featured_media":0,"parent":19,"menu_order":1,"comment_status":"closed","ping_status":"closed","template":"page-templates\/full-width.php","meta":{"ngg_post_thumbnail":0,"footnotes":""},"class_list":["post-44","page","type-page","status-publish","hentry"],"publishpress_future_action":{"enabled":false,"date":"2026-05-06 13:35:53","action":"change-status","newStatus":"draft","terms":[],"taxonomy":"language","extraData":[]},"publishpress_future_workflow_manual_trigger":{"enabledWorkflows":[]},"_links":{"self":[{"href":"https:\/\/kmim.wm.pwr.edu.pl\/biomat\/wp-json\/wp\/v2\/pages\/44","targetHints":{"allow":["GET"]}}],"collection":[{"href":"https:\/\/kmim.wm.pwr.edu.pl\/biomat\/wp-json\/wp\/v2\/pages"}],"about":[{"href":"https:\/\/kmim.wm.pwr.edu.pl\/biomat\/wp-json\/wp\/v2\/types\/page"}],"author":[{"embeddable":true,"href":"https:\/\/kmim.wm.pwr.edu.pl\/biomat\/wp-json\/wp\/v2\/users\/43"}],"replies":[{"embeddable":true,"href":"https:\/\/kmim.wm.pwr.edu.pl\/biomat\/wp-json\/wp\/v2\/comments?post=44"}],"version-history":[{"count":6,"href":"https:\/\/kmim.wm.pwr.edu.pl\/biomat\/wp-json\/wp\/v2\/pages\/44\/revisions"}],"predecessor-version":[{"id":128,"href":"https:\/\/kmim.wm.pwr.edu.pl\/biomat\/wp-json\/wp\/v2\/pages\/44\/revisions\/128"}],"up":[{"embeddable":true,"href":"https:\/\/kmim.wm.pwr.edu.pl\/biomat\/wp-json\/wp\/v2\/pages\/19"}],"wp:attachment":[{"href":"https:\/\/kmim.wm.pwr.edu.pl\/biomat\/wp-json\/wp\/v2\/media?parent=44"}],"curies":[{"name":"wp","href":"https:\/\/api.w.org\/{rel}","templated":true}]}}