{"id":1060,"date":"2014-10-15T09:53:09","date_gmt":"2014-10-15T07:53:09","guid":{"rendered":"http:\/\/kmim.wm.pwr.edu.pl\/borak\/?page_id=1060"},"modified":"2014-10-15T09:53:09","modified_gmt":"2014-10-15T07:53:09","slug":"badania","status":"publish","type":"page","link":"https:\/\/kmim.wm.pwr.edu.pl\/borak\/badania\/","title":{"rendered":"BADANIA"},"content":{"rendered":"<ul>\n<li>synteza i powierzchniowa modyfikacja kul krzemionkowych grupami funkcyjnymi<\/li>\n<li>domieszkowanie kul krzemionkowych nanocz\u0105stkami magnetycznymi<\/li>\n<li>kule krzemionkowe jako potencjalne no\u015bniki lek\u00f3w<\/li>\n<li>toksyczno\u015b\u0107 nanokrzemionki<\/li>\n<li>metoda zol-\u017cel<\/li>\n<\/ul>\n","protected":false},"excerpt":{"rendered":"<p>synteza i powierzchniowa modyfikacja kul krzemionkowych grupami funkcyjnymi domieszkowanie kul krzemionkowych nanocz\u0105stkami magnetycznymi kule krzemionkowe jako potencjalne no\u015bniki lek\u00f3w toksyczno\u015b\u0107 nanokrzemionki metoda zol-\u017cel<\/p>\n","protected":false},"author":13,"featured_media":0,"parent":0,"menu_order":0,"comment_status":"closed","ping_status":"open","template":"","meta":{"ngg_post_thumbnail":0,"footnotes":""},"class_list":["post-1060","page","type-page","status-publish","hentry"],"publishpress_future_action":{"enabled":false,"date":"2026-05-19 07:52:40","action":"change-status","newStatus":"draft","terms":[],"taxonomy":"language","extraData":[]},"publishpress_future_workflow_manual_trigger":{"enabledWorkflows":[]},"_links":{"self":[{"href":"https:\/\/kmim.wm.pwr.edu.pl\/borak\/wp-json\/wp\/v2\/pages\/1060","targetHints":{"allow":["GET"]}}],"collection":[{"href":"https:\/\/kmim.wm.pwr.edu.pl\/borak\/wp-json\/wp\/v2\/pages"}],"about":[{"href":"https:\/\/kmim.wm.pwr.edu.pl\/borak\/wp-json\/wp\/v2\/types\/page"}],"author":[{"embeddable":true,"href":"https:\/\/kmim.wm.pwr.edu.pl\/borak\/wp-json\/wp\/v2\/users\/13"}],"replies":[{"embeddable":true,"href":"https:\/\/kmim.wm.pwr.edu.pl\/borak\/wp-json\/wp\/v2\/comments?post=1060"}],"version-history":[{"count":2,"href":"https:\/\/kmim.wm.pwr.edu.pl\/borak\/wp-json\/wp\/v2\/pages\/1060\/revisions"}],"predecessor-version":[{"id":1227,"href":"https:\/\/kmim.wm.pwr.edu.pl\/borak\/wp-json\/wp\/v2\/pages\/1060\/revisions\/1227"}],"wp:attachment":[{"href":"https:\/\/kmim.wm.pwr.edu.pl\/borak\/wp-json\/wp\/v2\/media?parent=1060"}],"curies":[{"name":"wp","href":"https:\/\/api.w.org\/{rel}","templated":true}]}}