{"id":1246,"date":"2015-07-15T13:37:43","date_gmt":"2015-07-15T11:37:43","guid":{"rendered":"http:\/\/kmim.wm.pwr.edu.pl\/borak\/?page_id=1246"},"modified":"2021-03-23T16:11:06","modified_gmt":"2021-03-23T15:11:06","slug":"notka","status":"publish","type":"page","link":"https:\/\/kmim.wm.pwr.edu.pl\/borak\/o-mnie\/notka\/","title":{"rendered":"Wykszta\u0142cenie"},"content":{"rendered":"<p style=\"text-align: justify\">\u2022 29.09.2009 &#8211; <strong>doktor nauk technicznych, specjalizacja: in\u017cynieria materia\u0142owa<\/strong>, Wydzia\u0142 In\u017cynierii Materia\u0142owej i\u00a0\u00a0 Metalurgii, Politechnika \u015al\u0105ska, tytu\u0142 pracy: <em>\u201eAktywne biologicznie materia\u0142y otrzymywane metod\u0105 zol-\u017cel\u201d<\/em>.<\/p>\n<p style=\"text-align: justify\">\u2022 29.06.1999 &#8211; <strong>magister chemii<\/strong>, Wydzia\u0142 Chemii, Uniwersytet Wroc\u0142awski, tytu\u0142 pracy: <em>\u201eReakcje hydroformylacji katalizowane przez kompleksy rodu(I) modyfikowane ligandami trifenylofosfitowymi, N,N-pirolilofosfinowymi i aminofosfinowymi\u201d<\/em><\/p>\n","protected":false},"excerpt":{"rendered":"<p>\u2022 29.09.2009 &#8211; doktor nauk technicznych, specjalizacja: in\u017cynieria materia\u0142owa, Wydzia\u0142 In\u017cynierii Materia\u0142owej i\u00a0\u00a0 Metalurgii, Politechnika \u015al\u0105ska, tytu\u0142 pracy: \u201eAktywne biologicznie materia\u0142y otrzymywane metod\u0105 zol-\u017cel\u201d. \u2022 29.06.1999 &#8211; magister chemii, Wydzia\u0142 Chemii, Uniwersytet Wroc\u0142awski, tytu\u0142 pracy: \u201eReakcje hydroformylacji katalizowane przez kompleksy rodu(I) modyfikowane ligandami trifenylofosfitowymi, N,N-pirolilofosfinowymi i aminofosfinowymi\u201d<\/p>\n","protected":false},"author":13,"featured_media":0,"parent":6,"menu_order":0,"comment_status":"closed","ping_status":"open","template":"","meta":{"ngg_post_thumbnail":0,"footnotes":""},"class_list":["post-1246","page","type-page","status-publish","hentry"],"publishpress_future_action":{"enabled":false,"date":"2026-05-10 11:17:31","action":"change-status","newStatus":"draft","terms":[],"taxonomy":"language","extraData":[]},"publishpress_future_workflow_manual_trigger":{"enabledWorkflows":[]},"_links":{"self":[{"href":"https:\/\/kmim.wm.pwr.edu.pl\/borak\/wp-json\/wp\/v2\/pages\/1246","targetHints":{"allow":["GET"]}}],"collection":[{"href":"https:\/\/kmim.wm.pwr.edu.pl\/borak\/wp-json\/wp\/v2\/pages"}],"about":[{"href":"https:\/\/kmim.wm.pwr.edu.pl\/borak\/wp-json\/wp\/v2\/types\/page"}],"author":[{"embeddable":true,"href":"https:\/\/kmim.wm.pwr.edu.pl\/borak\/wp-json\/wp\/v2\/users\/13"}],"replies":[{"embeddable":true,"href":"https:\/\/kmim.wm.pwr.edu.pl\/borak\/wp-json\/wp\/v2\/comments?post=1246"}],"version-history":[{"count":6,"href":"https:\/\/kmim.wm.pwr.edu.pl\/borak\/wp-json\/wp\/v2\/pages\/1246\/revisions"}],"predecessor-version":[{"id":3355,"href":"https:\/\/kmim.wm.pwr.edu.pl\/borak\/wp-json\/wp\/v2\/pages\/1246\/revisions\/3355"}],"up":[{"embeddable":true,"href":"https:\/\/kmim.wm.pwr.edu.pl\/borak\/wp-json\/wp\/v2\/pages\/6"}],"wp:attachment":[{"href":"https:\/\/kmim.wm.pwr.edu.pl\/borak\/wp-json\/wp\/v2\/media?parent=1246"}],"curies":[{"name":"wp","href":"https:\/\/api.w.org\/{rel}","templated":true}]}}