{"id":3079,"date":"2020-02-28T17:38:48","date_gmt":"2020-02-28T16:38:48","guid":{"rendered":"http:\/\/kmim.wm.pwr.edu.pl\/borak\/?page_id=3079"},"modified":"2021-03-23T16:27:10","modified_gmt":"2021-03-23T15:27:10","slug":"prace-dyplomowe","status":"publish","type":"page","link":"https:\/\/kmim.wm.pwr.edu.pl\/borak\/dydaktyka\/prace-dyplomowe\/","title":{"rendered":"Prace dyplomowe"},"content":{"rendered":"<p><strong>Zrealizowane prace dyplomowe:<\/strong><\/p>\n<p>2020\/2021<\/p>\n<p>1. Kontrolowane wprowadzanie defekt\u00f3w do zol-\u017celowych pow\u0142ok nanometrycznych i submikronowych &#8211; analiza mo\u017cliwo\u015bci oraz badania eksperymentalne (Wydzia\u0142 Mechaniczny, MBM) &#8211; praca magisterska (w toku)<\/p>\n<p>2. Opracowanie sposobu nanoszenia warstw zol-\u017celowych na druty ortodontyczne (Wydzia\u0142 Chemiczny) \u2013 praca in\u017cynierska (w toku).<\/li>\n<p><strong>2019\/2020<\/strong><\/p>\n<li>Domieszkowane miedzi\u0105 zol-\u017celowe otoczki na nasiona (Wydzia\u0142 Chemiczny) \u2013 praca in\u017cynierska.<\/li>\n<li>Wzrost odporno\u015bci korozyjnej poprzez zmian\u0119 k\u0105ta zwil\u017cania matrycy krzemionkowej modyfikowanej nanocz\u0105stkami (Wydzia\u0142 Chemiczny) \u2013 praca magisterska.<\/li>\n<li>W\u0142a\u015bciwo\u015bci barierowe pow\u0142ok tlenkowych na bazie izopropanolanu glinu (Wydzia\u0142 Chemiczny) \u2013 praca in\u017cynierska.<\/li>\n<p><strong>2018\/2019<\/strong><\/p>\n<li>Synteza i badania mechaniczne pow\u0142ok na bazie SiO<sub>2<\/sub> nanoszonych metod\u0105 atomizowania hydrolizatu przy cz\u0119stotliwo\u015bciach powy\u017cej 50kHz z wysok\u0105 selektywno\u015bci\u0105 wielko\u015bci cz\u0105stek \u2013 praca in\u017cynierska.<\/li>\n<li>Synteza i badania mechaniczne wielowarstwowych pow\u0142ok tlenkowych o w\u0142a\u015bciwo\u015bciach superhydrofobowych (Wydzia\u0142 Chemiczny) \u2013 praca in\u017cynierska.<\/li>\n<li>Wytwarzanie oraz badanie w\u0142a\u015bciwo\u015bci mechanicznych nowootrzymanych biokompozyt\u00f3w na bazie grafenu (Wydzia\u0142 Chemiczny)\u2013 praca in\u017cynierska.<\/li>\n<li>Mechaniczne w\u0142a\u015bciwo\u015bci w\u0142\u00f3kien kevlarowych modyfikowanych ciecz\u0105 nienewtonowsk\u0105 na bazie kul SiO<sub>2<\/sub> (Wydzia\u0142 Mechaniczny, MBM) \u2013 praca magisterska.<\/li>\n<p><strong>2017\/2018<\/strong><\/p>\n<ol start=\"9\">\n<li>Synteza kul krzemionkowych modyfikowanych grupami aminowymi (Wydzia\u0142 Chemiczny) \u2013 praca in\u017cynierska.<\/li>\n<li>Synteza kul krzemionkowych modyfikowanych grupami tiolowymi (Wydzia\u0142 Chemiczny) \u2013 praca in\u017cynierska.<\/li>\n<li>Badania uwalniania kwasu salicylowego z syntezowanych bioszkie\u0142 (Wydzia\u0142 Chemiczny) \u2013 praca in\u017cynierska.<\/li>\n<\/ol>\n<p><strong>2015\/2016<\/strong><\/p>\n<ol start=\"12\">\n<li>Zastosowanie technologii zol-\u017cel w przemy\u015ble motoryzacyjnym (Wydzia\u0142 Mechaniczny, MBM) \u2013 praca in\u017cynierska.<\/li>\n<li>Zastosowanie kul krzemionkowych jako no\u015bnik\u00f3w lek\u00f3w (Wydzia\u0142 Mechaniczny, In\u017cynieria Biomedyczna) \u2013 praca magisterska.<\/li>\n<\/ol>\n<p><strong>2014\/2015<\/strong><\/p>\n<ol start=\"14\">\n<li>Zastosowanie r\u00f3\u017cnych metod barwienia szk\u0142a w przemy\u015ble szklarskim (Wydzia\u0142 Mechaniczny, ZIP) \u2013 praca in\u017cynierska.<\/li>\n<\/ol>\n","protected":false},"excerpt":{"rendered":"<p>Zrealizowane prace dyplomowe: 2020\/2021 1. Kontrolowane wprowadzanie defekt\u00f3w do zol-\u017celowych pow\u0142ok nanometrycznych i submikronowych &#8211; analiza mo\u017cliwo\u015bci oraz badania eksperymentalne (Wydzia\u0142 Mechaniczny, MBM) &#8211; praca magisterska (w toku) 2. Opracowanie sposobu nanoszenia warstw zol-\u017celowych na druty ortodontyczne (Wydzia\u0142 Chemiczny) \u2013 praca in\u017cynierska (w toku). 2019\/2020 Domieszkowane miedzi\u0105 zol-\u017celowe otoczki na nasiona (Wydzia\u0142 Chemiczny) \u2013 praca &hellip; <a href=\"https:\/\/kmim.wm.pwr.edu.pl\/borak\/dydaktyka\/prace-dyplomowe\/\" class=\"more-link\">Czytaj dalej <span class=\"screen-reader-text\">Prace dyplomowe<\/span> <span class=\"meta-nav\">&rarr;<\/span><\/a><\/p>\n","protected":false},"author":13,"featured_media":0,"parent":1056,"menu_order":0,"comment_status":"closed","ping_status":"closed","template":"","meta":{"ngg_post_thumbnail":0,"footnotes":""},"class_list":["post-3079","page","type-page","status-publish","hentry"],"publishpress_future_action":{"enabled":false,"date":"2026-04-24 15:30:36","action":"change-status","newStatus":"draft","terms":[],"taxonomy":"language","extraData":[]},"publishpress_future_workflow_manual_trigger":{"enabledWorkflows":[]},"_links":{"self":[{"href":"https:\/\/kmim.wm.pwr.edu.pl\/borak\/wp-json\/wp\/v2\/pages\/3079","targetHints":{"allow":["GET"]}}],"collection":[{"href":"https:\/\/kmim.wm.pwr.edu.pl\/borak\/wp-json\/wp\/v2\/pages"}],"about":[{"href":"https:\/\/kmim.wm.pwr.edu.pl\/borak\/wp-json\/wp\/v2\/types\/page"}],"author":[{"embeddable":true,"href":"https:\/\/kmim.wm.pwr.edu.pl\/borak\/wp-json\/wp\/v2\/users\/13"}],"replies":[{"embeddable":true,"href":"https:\/\/kmim.wm.pwr.edu.pl\/borak\/wp-json\/wp\/v2\/comments?post=3079"}],"version-history":[{"count":11,"href":"https:\/\/kmim.wm.pwr.edu.pl\/borak\/wp-json\/wp\/v2\/pages\/3079\/revisions"}],"predecessor-version":[{"id":3363,"href":"https:\/\/kmim.wm.pwr.edu.pl\/borak\/wp-json\/wp\/v2\/pages\/3079\/revisions\/3363"}],"up":[{"embeddable":true,"href":"https:\/\/kmim.wm.pwr.edu.pl\/borak\/wp-json\/wp\/v2\/pages\/1056"}],"wp:attachment":[{"href":"https:\/\/kmim.wm.pwr.edu.pl\/borak\/wp-json\/wp\/v2\/media?parent=3079"}],"curies":[{"name":"wp","href":"https:\/\/api.w.org\/{rel}","templated":true}]}}