{"id":3347,"date":"2021-03-23T15:51:58","date_gmt":"2021-03-23T14:51:58","guid":{"rendered":"http:\/\/kmim.wm.pwr.edu.pl\/borak\/?page_id=3347"},"modified":"2021-03-23T15:52:35","modified_gmt":"2021-03-23T14:52:35","slug":"nagrody-i-wyroznienia","status":"publish","type":"page","link":"https:\/\/kmim.wm.pwr.edu.pl\/borak\/o-mnie\/nagrody-i-wyroznienia\/","title":{"rendered":"Nagrody i wyr\u00f3\u017cnienia"},"content":{"rendered":"<p>\u2022 Z\u0142oty medal za \u201eTechnologia nanopow\u0142okowego wyko\u0144czenia tekstyli\u00f3w zwi\u0119kszaj\u0105ca ich  trwa\u0142o\u015b\u0107 u\u017cytkow\u0105\u201d, Brzezi\u0144ski S., Kowalczyk D., Borak B., na 41 Mi\u0119dzynarodowej Wystawie Wynalazczo\u015bci International Exhibition of Inventions of Geneva, 10-14.04.2013, Genewa.<\/p>\n<p>\u2022 Br\u0105zowy medal podczas 7th International Warsaw Invention Show (IWIS 2013) 8-10.10.2013 za wynalazek \u201cMethod for the production of antibacterial and antifungal textile-polymeric coating materials\u201d, Marek Jasiorski, Agnieszka Baszczuk, Katarzyna \u0141uszczyk, Beata Borak.<br \/>\n\u2022 Wyr\u00f3\u017cnienie za Spos\u00f3b produkcji antybakteryjnych i antygrzybiczych w\u0142\u00f3kienno-tworzywowych materia\u0142\u00f3w pow\u0142okowych, D\u0105bek-\u0141uszczyk K., Brzezi\u0144ski S., Malinowska G., Kowalczyk D., Kaleta A., Jasiorski M., Borak B., Baszczuk A., w Og\u00f3lnopolskim Konkursie Student Wynalazca, 14.06.2013.<\/p>\n<p>\u2022 Dyplom Ministra Nauki i Szkolnictwa Wy\u017cszego za W\u0142\u00f3kienno-tworzywowe warstwowe nanokompozytowe higieniczne pokrowce po\u015bcieli o w\u0142a\u015bciwo\u015bciach antyalergennych, antybakteryjnych i antygrzybiczych, Brzezi\u0144ski S., Borak B., Malinowska G., Kaleta A., na XIX Gie\u0142dzie Polskich Wynalazk\u00f3w, 06.03.2012, Warszawa.<\/p>\n<p>\u2022 Srebrny Medal za \u201eTextile-polymeric Multi-layer Nano-composite hygienic bedding covers with antiallergic, antibacterial and antifungial properties\u201d, Brzezi\u0144ski S., Malinowska G., Kaleta A., Borak B., na XIV Mi\u0119dzynarodowych Salonach Wynalazk\u00f3w i Innowacyjnych Technologii ARCHIMEDES, 05-08.04.2011, Moskwa.<\/p>\n<p>\u2022 Nagroda Rektora PWr w roku 2012 \u2013 \u201eW uznaniu wyr\u00f3\u017cniaj\u0105cego wk\u0142adu w dzia\u0142alno\u015b\u0107 Uczelni\u201d,<\/p>\n","protected":false},"excerpt":{"rendered":"<p>\u2022 Z\u0142oty medal za \u201eTechnologia nanopow\u0142okowego wyko\u0144czenia tekstyli\u00f3w zwi\u0119kszaj\u0105ca ich trwa\u0142o\u015b\u0107 u\u017cytkow\u0105\u201d, Brzezi\u0144ski S., Kowalczyk D., Borak B., na 41 Mi\u0119dzynarodowej Wystawie Wynalazczo\u015bci International Exhibition of Inventions of Geneva, 10-14.04.2013, Genewa. \u2022 Br\u0105zowy medal podczas 7th International Warsaw Invention Show (IWIS 2013) 8-10.10.2013 za wynalazek \u201cMethod for the production of antibacterial and antifungal textile-polymeric coating &hellip; <a href=\"https:\/\/kmim.wm.pwr.edu.pl\/borak\/o-mnie\/nagrody-i-wyroznienia\/\" class=\"more-link\">Czytaj dalej <span class=\"screen-reader-text\">Nagrody i wyr\u00f3\u017cnienia<\/span> <span class=\"meta-nav\">&rarr;<\/span><\/a><\/p>\n","protected":false},"author":13,"featured_media":0,"parent":6,"menu_order":0,"comment_status":"closed","ping_status":"closed","template":"","meta":{"ngg_post_thumbnail":0,"footnotes":""},"class_list":["post-3347","page","type-page","status-publish","hentry"],"publishpress_future_action":{"enabled":false,"date":"2026-04-26 21:39:02","action":"change-status","newStatus":"draft","terms":[],"taxonomy":"language","extraData":[]},"publishpress_future_workflow_manual_trigger":{"enabledWorkflows":[]},"_links":{"self":[{"href":"https:\/\/kmim.wm.pwr.edu.pl\/borak\/wp-json\/wp\/v2\/pages\/3347","targetHints":{"allow":["GET"]}}],"collection":[{"href":"https:\/\/kmim.wm.pwr.edu.pl\/borak\/wp-json\/wp\/v2\/pages"}],"about":[{"href":"https:\/\/kmim.wm.pwr.edu.pl\/borak\/wp-json\/wp\/v2\/types\/page"}],"author":[{"embeddable":true,"href":"https:\/\/kmim.wm.pwr.edu.pl\/borak\/wp-json\/wp\/v2\/users\/13"}],"replies":[{"embeddable":true,"href":"https:\/\/kmim.wm.pwr.edu.pl\/borak\/wp-json\/wp\/v2\/comments?post=3347"}],"version-history":[{"count":2,"href":"https:\/\/kmim.wm.pwr.edu.pl\/borak\/wp-json\/wp\/v2\/pages\/3347\/revisions"}],"predecessor-version":[{"id":3349,"href":"https:\/\/kmim.wm.pwr.edu.pl\/borak\/wp-json\/wp\/v2\/pages\/3347\/revisions\/3349"}],"up":[{"embeddable":true,"href":"https:\/\/kmim.wm.pwr.edu.pl\/borak\/wp-json\/wp\/v2\/pages\/6"}],"wp:attachment":[{"href":"https:\/\/kmim.wm.pwr.edu.pl\/borak\/wp-json\/wp\/v2\/media?parent=3347"}],"curies":[{"name":"wp","href":"https:\/\/api.w.org\/{rel}","templated":true}]}}