{"id":3351,"date":"2021-03-23T15:59:29","date_gmt":"2021-03-23T14:59:29","guid":{"rendered":"http:\/\/kmim.wm.pwr.edu.pl\/borak\/?page_id=3351"},"modified":"2021-03-23T15:59:29","modified_gmt":"2021-03-23T14:59:29","slug":"wnioski-patentowe","status":"publish","type":"page","link":"https:\/\/kmim.wm.pwr.edu.pl\/borak\/o-mnie\/wnioski-patentowe\/","title":{"rendered":"Wnioski patentowe"},"content":{"rendered":"<p>1)\tP-395680  data zg\u0142oszenia 2011-07-18<br \/>\nStefan Brzezi\u0144ski,, Dorota Kowalczyk, Gra\u017cyna Malinowska, Agnieszka Kaleta, Marek Jasiorski, Beata Borak, Agnieszka Baszczuk, Katarzyna D\u0105bek<br \/>\n\u201eSpos\u00f3b produkcji antybakteryjnych i antygrzybiczych w\u0142\u00f3kienno-tworzywowych materia\u0142\u00f3w pow\u0142okowych\u201d<\/p>\n<p>2)\tP-395765 data zg\u0142oszenia 2011-07-25<br \/>\nStefan Brzezi\u0144ski,, Dorota Kowalczyk, Gra\u017cyna Malinowska, Agnieszka Kaleta, Marek Jasiorski, Beata Borak, Agnieszka Baszczuk<br \/>\n\u201eSpos\u00f3b wytwarzania materia\u0142u w\u0142\u00f3kienniczego o zwi\u0119kszonej trwa\u0142o\u015bci u\u017cytkowej\u201d<\/p>\n<p>3)\tP-406396 data zg\u0142oszenia 2013-12-05<br \/>\nStefan Brzezi\u0144ski,, Dorota Kowalczyk, Gra\u017cyna Malinowska, Marek Jasiorski, Beata Borak, \u201eSpos\u00f3b produkcji wielofunkcyjnych wyrob\u00f3w w\u0142\u00f3kienniczych\u201d<\/p>\n<p>4)\tP-407849 data zg\u0142oszenia 2014-04-09<br \/>\nStefan Brzezi\u0144ski,, Dorota Kowalczyk, Marek Jasiorski, Beata Borak, \u201eSpos\u00f3b produkcji materia\u0142\u00f3w w\u0142\u00f3kienniczych o w\u0142a\u015bciwo\u015bciach hydrofobowych i zwi\u0119kszonej trwa\u0142o\u015bci u\u017cytkowej\u201d<\/p>\n<p>5)\tP-407857 data zg\u0142oszenia 2014-04-10<br \/>\nStefan Brzezi\u0144ski,, Dorota Kowalczyk, Marek Jasiorski, Beata Borak, \u201eSpos\u00f3b produkcji materia\u0142\u00f3w w\u0142\u00f3kienniczych o w\u0142a\u015bciwo\u015bciach bioaktywnych i zwi\u0119kszonej trwa\u0142o\u015bci u\u017cytkowej\u201d<\/p>\n","protected":false},"excerpt":{"rendered":"<p>1) P-395680 data zg\u0142oszenia 2011-07-18 Stefan Brzezi\u0144ski,, Dorota Kowalczyk, Gra\u017cyna Malinowska, Agnieszka Kaleta, Marek Jasiorski, Beata Borak, Agnieszka Baszczuk, Katarzyna D\u0105bek \u201eSpos\u00f3b produkcji antybakteryjnych i antygrzybiczych w\u0142\u00f3kienno-tworzywowych materia\u0142\u00f3w pow\u0142okowych\u201d 2) P-395765 data zg\u0142oszenia 2011-07-25 Stefan Brzezi\u0144ski,, Dorota Kowalczyk, Gra\u017cyna Malinowska, Agnieszka Kaleta, Marek Jasiorski, Beata Borak, Agnieszka Baszczuk \u201eSpos\u00f3b wytwarzania materia\u0142u w\u0142\u00f3kienniczego o zwi\u0119kszonej trwa\u0142o\u015bci &hellip; <a href=\"https:\/\/kmim.wm.pwr.edu.pl\/borak\/o-mnie\/wnioski-patentowe\/\" class=\"more-link\">Czytaj dalej <span class=\"screen-reader-text\">Wnioski patentowe<\/span> <span class=\"meta-nav\">&rarr;<\/span><\/a><\/p>\n","protected":false},"author":13,"featured_media":0,"parent":6,"menu_order":0,"comment_status":"closed","ping_status":"closed","template":"","meta":{"ngg_post_thumbnail":0,"footnotes":""},"class_list":["post-3351","page","type-page","status-publish","hentry"],"publishpress_future_action":{"enabled":false,"date":"2026-04-26 20:04:40","action":"change-status","newStatus":"draft","terms":[],"taxonomy":"language","extraData":[]},"publishpress_future_workflow_manual_trigger":{"enabledWorkflows":[]},"_links":{"self":[{"href":"https:\/\/kmim.wm.pwr.edu.pl\/borak\/wp-json\/wp\/v2\/pages\/3351","targetHints":{"allow":["GET"]}}],"collection":[{"href":"https:\/\/kmim.wm.pwr.edu.pl\/borak\/wp-json\/wp\/v2\/pages"}],"about":[{"href":"https:\/\/kmim.wm.pwr.edu.pl\/borak\/wp-json\/wp\/v2\/types\/page"}],"author":[{"embeddable":true,"href":"https:\/\/kmim.wm.pwr.edu.pl\/borak\/wp-json\/wp\/v2\/users\/13"}],"replies":[{"embeddable":true,"href":"https:\/\/kmim.wm.pwr.edu.pl\/borak\/wp-json\/wp\/v2\/comments?post=3351"}],"version-history":[{"count":1,"href":"https:\/\/kmim.wm.pwr.edu.pl\/borak\/wp-json\/wp\/v2\/pages\/3351\/revisions"}],"predecessor-version":[{"id":3352,"href":"https:\/\/kmim.wm.pwr.edu.pl\/borak\/wp-json\/wp\/v2\/pages\/3351\/revisions\/3352"}],"up":[{"embeddable":true,"href":"https:\/\/kmim.wm.pwr.edu.pl\/borak\/wp-json\/wp\/v2\/pages\/6"}],"wp:attachment":[{"href":"https:\/\/kmim.wm.pwr.edu.pl\/borak\/wp-json\/wp\/v2\/media?parent=3351"}],"curies":[{"name":"wp","href":"https:\/\/api.w.org\/{rel}","templated":true}]}}