{"id":5710,"date":"2023-02-24T15:12:42","date_gmt":"2023-02-24T14:12:42","guid":{"rendered":"https:\/\/kmim.wm.pwr.edu.pl\/dziuba\/?page_id=5710"},"modified":"2024-03-06T13:40:13","modified_gmt":"2024-03-06T12:40:13","slug":"dydaktyka","status":"publish","type":"page","link":"https:\/\/kmim.wm.pwr.edu.pl\/dziuba\/dydaktyka\/","title":{"rendered":"Dydaktyka"},"content":{"rendered":"<blockquote class=\"wp-embedded-content\" data-secret=\"YouqqdkJMV\"><p><a href=\"https:\/\/kmim.wm.pwr.edu.pl\/fatigue\/dydaktyka\/wytrzymalosc-materialow-laboratorium\/\">Wytrzyma\u0142o\u015b\u0107 Materia\u0142\u00f3w &#8211; Laboratorium<\/a><\/p><\/blockquote>\n<p><iframe loading=\"lazy\" class=\"wp-embedded-content\" sandbox=\"allow-scripts\" security=\"restricted\" style=\"position: absolute; clip: rect(1px, 1px, 1px, 1px);\" title=\"&#8222;Wytrzyma\u0142o\u015b\u0107 Materia\u0142\u00f3w &#8211; Laboratorium&#8221; &#8212; Research Group of Fatigue Fracture of Materials and Structures\" src=\"https:\/\/kmim.wm.pwr.edu.pl\/fatigue\/dydaktyka\/wytrzymalosc-materialow-laboratorium\/embed\/#?secret=anK4aDBV3D#?secret=YouqqdkJMV\" data-secret=\"YouqqdkJMV\" width=\"474\" height=\"267\" frameborder=\"0\" marginwidth=\"0\" marginheight=\"0\" scrolling=\"no\"><\/iframe><\/p>\n","protected":false},"excerpt":{"rendered":"<p>Wytrzyma\u0142o\u015b\u0107 Materia\u0142\u00f3w &#8211; Laboratorium<\/p>\n","protected":false},"author":108,"featured_media":0,"parent":0,"menu_order":0,"comment_status":"closed","ping_status":"closed","template":"","meta":{"ngg_post_thumbnail":0,"footnotes":""},"class_list":["post-5710","page","type-page","status-publish","hentry"],"publishpress_future_action":{"enabled":false,"date":"2026-05-21 17:46:21","action":"change-status","newStatus":"draft","terms":[],"taxonomy":"language","extraData":[]},"publishpress_future_workflow_manual_trigger":{"enabledWorkflows":[]},"_links":{"self":[{"href":"https:\/\/kmim.wm.pwr.edu.pl\/dziuba\/wp-json\/wp\/v2\/pages\/5710","targetHints":{"allow":["GET"]}}],"collection":[{"href":"https:\/\/kmim.wm.pwr.edu.pl\/dziuba\/wp-json\/wp\/v2\/pages"}],"about":[{"href":"https:\/\/kmim.wm.pwr.edu.pl\/dziuba\/wp-json\/wp\/v2\/types\/page"}],"author":[{"embeddable":true,"href":"https:\/\/kmim.wm.pwr.edu.pl\/dziuba\/wp-json\/wp\/v2\/users\/108"}],"replies":[{"embeddable":true,"href":"https:\/\/kmim.wm.pwr.edu.pl\/dziuba\/wp-json\/wp\/v2\/comments?post=5710"}],"version-history":[{"count":7,"href":"https:\/\/kmim.wm.pwr.edu.pl\/dziuba\/wp-json\/wp\/v2\/pages\/5710\/revisions"}],"predecessor-version":[{"id":5923,"href":"https:\/\/kmim.wm.pwr.edu.pl\/dziuba\/wp-json\/wp\/v2\/pages\/5710\/revisions\/5923"}],"wp:attachment":[{"href":"https:\/\/kmim.wm.pwr.edu.pl\/dziuba\/wp-json\/wp\/v2\/media?parent=5710"}],"curies":[{"name":"wp","href":"https:\/\/api.w.org\/{rel}","templated":true}]}}