{"id":151,"date":"2022-01-20T14:04:23","date_gmt":"2022-01-20T13:04:23","guid":{"rendered":"https:\/\/kmim.wm.pwr.edu.pl\/fatigue\/?page_id=151"},"modified":"2022-03-04T13:21:00","modified_gmt":"2022-03-04T12:21:00","slug":"wytrzymalosc-materialow-laboratorium","status":"publish","type":"page","link":"https:\/\/kmim.wm.pwr.edu.pl\/fatigue\/dydaktyka\/wytrzymalosc-materialow-laboratorium\/","title":{"rendered":"Wytrzyma\u0142o\u015b\u0107 Materia\u0142\u00f3w &#8211; Laboratorium"},"content":{"rendered":"<p>Harmonogramy dla poszczeg\u00f3lnych kierunk\u00f3w studi\u00f3w zawieraj\u0105ce tematy realizowane w poszczeg\u00f3lnych datach zaj\u0119\u0107 znajduj\u0105 si\u0119 w poni\u017cszej tabeli.<\/p>\n\n<table id=\"tablepress-2\" class=\"tablepress tablepress-id-2\">\n<thead>\n<tr class=\"row-1\">\n\t<th class=\"column-1\">LP<\/th><th class=\"column-2\">Wydzia\u0142<\/th><th class=\"column-3\">Kierunek<\/th><th class=\"column-4\">Harmonogram<\/th>\n<\/tr>\n<\/thead>\n<tbody class=\"row-striping row-hover\">\n<tr class=\"row-2\">\n\t<td class=\"column-1\">1<\/td><td class=\"column-2\">W-10<\/td><td class=\"column-3\">BMI<\/td><td class=\"column-4\"><a href=\"http:\/\/kmim.wm.pwr.edu.pl\/fatigue\/wp-content\/uploads\/sites\/74\/2025\/03\/Harmonogram-W10_BMI.pdf\" rel=\"noopener\" target=\"_blank\"> Harmonogram - semestr letni 2024\/2025<\/a><\/td>\n<\/tr>\n<tr class=\"row-3\">\n\t<td class=\"column-1\">2<\/td><td class=\"column-2\">W-3<\/td><td class=\"column-3\">CIM<\/td><td class=\"column-4\"><a href=\"http:\/\/kmim.wm.pwr.edu.pl\/fatigue\/wp-content\/uploads\/sites\/74\/2025\/03\/Harmonogram-W3-CIM.pdf\" rel=\"noopener\" target=\"_blank\"> Harmonogram - semestr letni 2024\/2025<\/a><\/td>\n<\/tr>\n<tr class=\"row-4\">\n\t<td class=\"column-1\">3<\/td><td class=\"column-2\">W-10<\/td><td class=\"column-3\">MBM (en)<\/td><td class=\"column-4\"><a href=\"http:\/\/kmim.wm.pwr.edu.pl\/fatigue\/wp-content\/uploads\/sites\/74\/2025\/03\/Harmonogram-Fundamentals-of-Materials-Strength.pdf\" rel=\"noopener\" target=\"_blank\">Fundamentals of Materials Strength - Schedule - winter 2024\/2025<\/a><\/td>\n<\/tr>\n<tr class=\"row-5\">\n\t<td class=\"column-1\">4<\/td><td class=\"column-2\">W-10<\/td><td class=\"column-3\">TRN<\/td><td class=\"column-4\"><a href=\"http:\/\/kmim.wm.pwr.edu.pl\/fatigue\/wp-content\/uploads\/sites\/74\/2025\/03\/Harmonogram-W10-TRN.pdf\" rel=\"noopener\" target=\"_blank\"> Harmonogram - semestr letni 2024\/2025<\/a><\/td>\n<\/tr>\n<tr class=\"row-6\">\n\t<td class=\"column-1\">5<\/td><td class=\"column-2\">W-10<\/td><td class=\"column-3\">MBM<\/td><td class=\"column-4\"><a href=\"http:\/\/kmim.wm.pwr.edu.pl\/fatigue\/wp-content\/uploads\/sites\/74\/2025\/03\/Harmonogram-W10-MBM.pdf\" rel=\"noopener\" target=\"_blank\"> Harmonogram - semestr letni 2024\/2025<\/a><\/td>\n<\/tr>\n<tr class=\"row-7\">\n\t<td class=\"column-1\">5<\/td><td class=\"column-2\">W-9<\/td><td class=\"column-3\">MBE<\/td><td class=\"column-4\"><a href=\"http:\/\/kmim.wm.pwr.edu.pl\/fatigue\/wp-content\/uploads\/sites\/74\/2025\/03\/Harmonogram-W9_MBE.pdf\" rel=\"noopener\" target=\"_blank\"> Harmonogram - semestr letni 2024\/2025<\/a><\/td>\n<\/tr>\n<\/tbody>\n<\/table>\n<!-- #tablepress-2 from cache -->\n<p>Poni\u017cej znajd\u0105 Pa\u0144stwo zestawienie temat\u00f3w oraz&nbsp; szablon\u00f3w sprawozda\u0144 wraz z wybranymi wzorami i danymi pomocniczymi. Do niekt\u00f3rych temat\u00f3w przygotowano dodatkow\u0105 instrukcj\u0119. Do pozosta\u0142ych materia\u0142y odnajd\u0105 Pa\u0144stwo w nast\u0119puj\u0105cych pozycjach literaturowych:<\/p>\n<ul>\n<li>[1] Laboratorium wytrzyma\u0142o\u015bci materia\u0142\u00f3w, Praca zbiorowa, Oficyna Wydawnicza PWr, Wroc\u0142aw 2001r.<\/li>\n<li>[2] Laboratorium wytrzyma\u0142o\u015bci materia\u0142\u00f3w, skrypt pod red. R. \u017buchowskiego, Oficyna Wydawnicza PWr,<br \/>\nWroc\u0142aw 1988r.&nbsp;<\/li>\n<\/ul>\n\n<table id=\"tablepress-3\" class=\"tablepress tablepress-id-3 tbody-has-connected-cells\">\n<thead>\n<tr class=\"row-1\">\n\t<th class=\"column-1\">LP<\/th><th class=\"column-2\">Temat<\/th><th class=\"column-3\">Sprawozdanie<\/th><th class=\"column-4\">Instrukcja\/Materia\u0142y<\/th>\n<\/tr>\n<\/thead>\n<tbody class=\"row-striping row-hover\">\n<tr class=\"row-2\">\n\t<td class=\"column-1\">1<\/td><td class=\"column-2\">Badania w\u0142asno\u015bci mechanicznych metali i tworzyw sztucznych. Pr\u00f3ba rozci\u0105gania.<\/td><td class=\"column-3\"><a href=\"http:\/\/kmim.wm.pwr.edu.pl\/fatigue\/wp-content\/uploads\/sites\/74\/2022\/01\/SPRAWOZDANIE_nr1_n.pdf\" rel=\"noopener\" target=\"_blank\"> SPRAWOZDANIE 1<\/a><\/td><td class=\"column-4\">[1]: strony 18 - 58<br \/>\n[2]: strony 5 - 48<\/td>\n<\/tr>\n<tr class=\"row-3\">\n\t<td class=\"column-1\">2<\/td><td class=\"column-2\">Badanie w\u0142asno\u015bci mechanicznych tworzyw sztucznych - rozci\u0105ganie, zginanie, udarno\u015b\u0107.<\/td><td class=\"column-3\"><a href=\"http:\/\/kmim.wm.pwr.edu.pl\/fatigue\/wp-content\/uploads\/sites\/74\/2022\/01\/SPRAWOZDANIE_nr2_n.pdf\" rel=\"noopener\" target=\"_blank\"> SPRAWOZDANIE 2<\/a><\/td><td class=\"column-4\">[1]: strony 47 - 72<br \/>\n[2]: strony 41 - 60<\/td>\n<\/tr>\n<tr class=\"row-4\">\n\t<td class=\"column-1\">3<\/td><td class=\"column-2\">Pomiary odkszta\u0142ce\u0144 w elementach konstrukcyjnych przy pomocy elektrycznych<br \/>\ntensometr\u00f3w oporowych.<\/td><td class=\"column-3\"><a href=\"http:\/\/kmim.wm.pwr.edu.pl\/fatigue\/wp-content\/uploads\/sites\/74\/2022\/01\/SPRAWOZDANIE_nr3_nowe.pdf\" rel=\"noopener\" target=\"_blank\"> SPRAWOZDANIE 3<\/a><\/td><td class=\"column-4\">[1]: strony 229 - 250<br \/>\n[2]: strony 196 - 223<\/td>\n<\/tr>\n<tr class=\"row-5\">\n\t<td class=\"column-1\">4<\/td><td class=\"column-2\">Badanie w\u0142asno\u015bci reologicznych- pe\u0142zanie i relaksacja.<\/td><td class=\"column-3\"><a href=\"http:\/\/kmim.wm.pwr.edu.pl\/fatigue\/wp-content\/uploads\/sites\/74\/2022\/01\/SPRAWOZDANIE_nr4_n.pdf\" rel=\"noopener\" target=\"_blank\"> SPRAWOZDANIE 4<\/a><\/td><td class=\"column-4\">[1]: strony 73 - 95<br \/>\n[2]: strony 61 - 78<\/td>\n<\/tr>\n<tr class=\"row-6\">\n\t<td class=\"column-1\">5<\/td><td class=\"column-2\">Badania zm\u0119czeniowe metali.<\/td><td class=\"column-3\"><a href=\"http:\/\/kmim.wm.pwr.edu.pl\/fatigue\/wp-content\/uploads\/sites\/74\/2022\/01\/SPRAWOZDANIE_nr5_n.pdf\" rel=\"noopener\" target=\"_blank\"> SPRAWOZDANIE 5<\/a><\/td><td class=\"column-4\">[1]: strony 96 - 116<br \/>\n[2]: strony 78 - 99<br \/>\n<a href=\"http:\/\/kmim.wm.pwr.edu.pl\/fatigue\/wp-content\/uploads\/sites\/74\/2022\/01\/inst_5.pdf\" rel=\"noopener\" target=\"_blank\"> INSTRUKCJA 5 <\/a><\/td>\n<\/tr>\n<tr class=\"row-7\">\n\t<td class=\"column-1\">6<\/td><td class=\"column-2\">Wytrzyma\u0142o\u015b\u0107 z\u0142o\u017cona-skr\u0119canie ze zginaniem, wyznaczanie modu\u0142u Kirchhoffa. (Wyt\u0119\u017cenie,<br \/>\nweryfikacja hipotez - skr\u0119canie ze zginaniem. Hipotezy wyt\u0119\u017ceniowe)<\/td><td class=\"column-3\"><a href=\"http:\/\/kmim.wm.pwr.edu.pl\/fatigue\/wp-content\/uploads\/sites\/74\/2022\/01\/SPRAWOZDANIE_nr6_nowe.pdf\" rel=\"noopener\" target=\"_blank\"> SPRAWOZDANIE 6<\/a><\/td><td class=\"column-4\">[1]: strony 133 - 154<br \/>\n[2]: strony 111 -134<\/td>\n<\/tr>\n<tr class=\"row-8\">\n\t<td class=\"column-1\">7<\/td><td class=\"column-2\">Utrata stateczno\u015bci pr\u0119t\u00f3w. Pr\u00f3ba \u015bciskania<\/td><td class=\"column-3\"><a href=\"http:\/\/kmim.wm.pwr.edu.pl\/fatigue\/wp-content\/uploads\/sites\/74\/2022\/01\/SPRAWOZDANIE_nr7_n.pdf\" rel=\"noopener\" target=\"_blank\"> SPRAWOZDANIE 7<\/a><\/td><td class=\"column-4\">[1]: strony 155 - 165<br \/>\n[2]: strony 134 - 143<\/td>\n<\/tr>\n<tr class=\"row-9\">\n\t<td class=\"column-1\">8<\/td><td class=\"column-2\">Zginanie proste i uko\u015bne<\/td><td class=\"column-3\"><a href=\"http:\/\/kmim.wm.pwr.edu.pl\/fatigue\/wp-content\/uploads\/sites\/74\/2022\/01\/SPRAWOZDANIE_nr8_nowe.pdf\" rel=\"noopener\" target=\"_blank\"> SPRAWOZDANIE 8<\/a><\/td><td class=\"column-4\">[1]: strony 166 - 174<br \/>\n[2]: strony 143 - 152<\/td>\n<\/tr>\n<tr class=\"row-10\">\n\t<td class=\"column-1\">9<\/td><td class=\"column-2\">Belki, belki hiperstatyczne. \u015arodek zginania.<\/td><td class=\"column-3\"><a href=\"http:\/\/kmim.wm.pwr.edu.pl\/fatigue\/wp-content\/uploads\/sites\/74\/2022\/01\/slw_9.pdf\" rel=\"noopener\" target=\"_blank\"> SPRAWOZDANIE 9<\/a><\/td><td class=\"column-4\">[1]: strony 178 - 224<br \/>\n[2]: strony 152 - 195<\/td>\n<\/tr>\n<tr class=\"row-11\">\n\t<td class=\"column-1\">11<\/td><td class=\"column-2\">Analiza stanu napr\u0119\u017cenia metod\u0105 elastooptyczn\u0105.<\/td><td class=\"column-3\"><a href=\"http:\/\/kmim.wm.pwr.edu.pl\/fatigue\/wp-content\/uploads\/sites\/74\/2022\/01\/SPRAWOZDANIE_nr11_n.pdf\" rel=\"noopener\" target=\"_blank\"> SPRAWOZDANIE 11<\/a><\/td><td class=\"column-4\">[1]: strony 256 - 284<br \/>\n[2]: strony 224 - 238<\/td>\n<\/tr>\n<tr class=\"row-12\">\n\t<td class=\"column-1\">12<\/td><td class=\"column-2\">Metody oceny w\u0142asno\u015bci mechanicznych materia\u0142\u00f3w kompozytowych - wst\u0119pna ocena<br \/>\nstruktury, pr\u00f3ba zginania, pr\u00f3ba twardo\u015bci.<\/td><td class=\"column-3\"><a href=\"http:\/\/kmim.wm.pwr.edu.pl\/fatigue\/wp-content\/uploads\/sites\/74\/2022\/01\/slw_12.pdf\" rel=\"noopener\" target=\"_blank\"> SPRAWOZDANIE 12<\/a><\/td><td class=\"column-4\"><a href=\"http:\/\/kmim.wm.pwr.edu.pl\/fatigue\/wp-content\/uploads\/sites\/74\/2022\/01\/inst_12.pdf\" rel=\"noopener\" target=\"_blank\"> INSTRUKCJA 12<\/a><\/td>\n<\/tr>\n<tr class=\"row-13\">\n\t<td class=\"column-1\">13<\/td><td class=\"column-2\">Pr\u00f3ba pe\u0142zania polimerowych materia\u0142\u00f3w konstrukcyjnych.<\/td><td class=\"column-3\"><a href=\"http:\/\/kmim.wm.pwr.edu.pl\/fatigue\/wp-content\/uploads\/sites\/74\/2022\/01\/SPRAWOZDANIE_nr13_n.pdf\" rel=\"noopener\" target=\"_blank\"> SPRAWOZDANIE 13<\/a><\/td><td class=\"column-4\">[1]: strony 73 - 95<br \/>\n[2]: strony 61 - 78<\/td>\n<\/tr>\n<tr class=\"row-14\">\n\t<td class=\"column-1\">14<\/td><td class=\"column-2\">Wyznaczania odporno\u015bci materia\u0142\u00f3w na p\u0119kanie w p\u0142askim stanie napr\u0119\u017cenia - COD<\/td><td class=\"column-3\"><a href=\"http:\/\/kmim.wm.pwr.edu.pl\/fatigue\/wp-content\/uploads\/sites\/74\/2022\/01\/slw_14.pdf\" rel=\"noopener\" target=\"_blank\"> SPRAWOZDANIE 14<\/a><\/td><td rowspan=\"2\" class=\"column-4\"><p>&#010;&#013;<\/p><a href=\"http:\/\/kmim.wm.pwr.edu.pl\/fatigue\/wp-content\/uploads\/sites\/74\/2022\/01\/inst_14_15.pdf\" rel=\"noopener\" target=\"_blank\"> INSTRUKCJA 14  i 15<\/a><p>&#010;&#013;<\/p><\/td>\n<\/tr>\n<tr class=\"row-15\">\n\t<td class=\"column-1\">15<\/td><td class=\"column-2\">Wyznaczania odporno\u015bci materia\u0142\u00f3w na p\u0119kanie w p\u0142askim stanie odkszta\u0142cenia - K<sub>Ic<\/sub><\/td><td class=\"column-3\"><a href=\"http:\/\/kmim.wm.pwr.edu.pl\/fatigue\/wp-content\/uploads\/sites\/74\/2022\/01\/slw_15.pdf\" rel=\"noopener\" target=\"_blank\"> SPRAWOZDANIE 15<\/a><\/td>\n<\/tr>\n<tr class=\"row-16\">\n\t<td class=\"column-1\">16<\/td><td class=\"column-2\">Badania tensometryczne zbiornika ci\u015bnieniowego<\/td><td class=\"column-3\"><a href=\"http:\/\/kmim.wm.pwr.edu.pl\/fatigue\/wp-content\/uploads\/sites\/74\/2022\/01\/slw_16.pdf\" rel=\"noopener\" target=\"_blank\"> SPRAWOZDANIE 16<\/a><\/td><td class=\"column-4\"><a href=\"http:\/\/kmim.wm.pwr.edu.pl\/fatigue\/wp-content\/uploads\/sites\/74\/2022\/01\/inst_16.pdf\" rel=\"noopener\" target=\"_blank\"> INSTRUKCJA 16<\/a><\/td>\n<\/tr>\n<tr class=\"row-17\">\n\t<td class=\"column-1\">17<\/td><td class=\"column-2\">Wielokryterialny dob\u00f3r w\u0142asno\u015bci wytrzyma\u0142o\u015bciowych materia\u0142\u00f3w<br \/>\nz uwzgl\u0119dnieniem ich odporno\u015bci na p\u0119kanie - K<sub>Ic <\/sub>.<\/td><td class=\"column-3\"><a href=\"http:\/\/kmim.wm.pwr.edu.pl\/fatigue\/wp-content\/uploads\/sites\/74\/2022\/01\/slw_17.pdf\" rel=\"noopener\" target=\"_blank\"> SPRAWOZDANIE 17<\/a><\/td><td class=\"column-4\"><a href=\"http:\/\/kmim.wm.pwr.edu.pl\/fatigue\/wp-content\/uploads\/sites\/74\/2022\/01\/inst_17.pdf\" rel=\"noopener\" target=\"_blank\"> INSTRUKCJA 17<\/a><\/td>\n<\/tr>\n<\/tbody>\n<\/table>\n<!-- #tablepress-3 from cache -->\n","protected":false},"excerpt":{"rendered":"<p>Harmonogramy dla poszczeg\u00f3lnych kierunk\u00f3w studi\u00f3w zawieraj\u0105ce tematy realizowane w poszczeg\u00f3lnych datach zaj\u0119\u0107 znajduj\u0105 si\u0119 w poni\u017cszej tabeli. Poni\u017cej znajd\u0105 Pa\u0144stwo zestawienie temat\u00f3w oraz&nbsp; szablon\u00f3w sprawozda\u0144 wraz z wybranymi wzorami i danymi pomocniczymi. Do niekt\u00f3rych temat\u00f3w przygotowano dodatkow\u0105 instrukcj\u0119. Do pozosta\u0142ych materia\u0142y odnajd\u0105 Pa\u0144stwo w nast\u0119puj\u0105cych pozycjach literaturowych: [1] Laboratorium wytrzyma\u0142o\u015bci materia\u0142\u00f3w, Praca zbiorowa, Oficyna Wydawnicza &hellip; <a href=\"https:\/\/kmim.wm.pwr.edu.pl\/fatigue\/dydaktyka\/wytrzymalosc-materialow-laboratorium\/\" class=\"more-link\">Continue reading <span class=\"screen-reader-text\">Wytrzyma\u0142o\u015b\u0107 Materia\u0142\u00f3w &#8211; Laboratorium<\/span> <span class=\"meta-nav\">&rarr;<\/span><\/a><\/p>\n","protected":false},"author":66,"featured_media":0,"parent":126,"menu_order":0,"comment_status":"closed","ping_status":"closed","template":"","meta":{"ngg_post_thumbnail":0,"footnotes":""},"class_list":["post-151","page","type-page","status-publish","hentry"],"publishpress_future_action":{"enabled":false,"date":"2026-04-12 04:24:36","action":"change-status","newStatus":"draft","terms":[],"taxonomy":"language","extraData":[]},"publishpress_future_workflow_manual_trigger":{"enabledWorkflows":[]},"_links":{"self":[{"href":"https:\/\/kmim.wm.pwr.edu.pl\/fatigue\/wp-json\/wp\/v2\/pages\/151","targetHints":{"allow":["GET"]}}],"collection":[{"href":"https:\/\/kmim.wm.pwr.edu.pl\/fatigue\/wp-json\/wp\/v2\/pages"}],"about":[{"href":"https:\/\/kmim.wm.pwr.edu.pl\/fatigue\/wp-json\/wp\/v2\/types\/page"}],"author":[{"embeddable":true,"href":"https:\/\/kmim.wm.pwr.edu.pl\/fatigue\/wp-json\/wp\/v2\/users\/66"}],"replies":[{"embeddable":true,"href":"https:\/\/kmim.wm.pwr.edu.pl\/fatigue\/wp-json\/wp\/v2\/comments?post=151"}],"version-history":[{"count":7,"href":"https:\/\/kmim.wm.pwr.edu.pl\/fatigue\/wp-json\/wp\/v2\/pages\/151\/revisions"}],"predecessor-version":[{"id":216,"href":"https:\/\/kmim.wm.pwr.edu.pl\/fatigue\/wp-json\/wp\/v2\/pages\/151\/revisions\/216"}],"up":[{"embeddable":true,"href":"https:\/\/kmim.wm.pwr.edu.pl\/fatigue\/wp-json\/wp\/v2\/pages\/126"}],"wp:attachment":[{"href":"https:\/\/kmim.wm.pwr.edu.pl\/fatigue\/wp-json\/wp\/v2\/media?parent=151"}],"curies":[{"name":"wp","href":"https:\/\/api.w.org\/{rel}","templated":true}]}}