{"id":25,"date":"2019-06-13T11:28:00","date_gmt":"2019-06-13T09:28:00","guid":{"rendered":"http:\/\/kmim.wm.pwr.edu.pl\/fatigue\/?page_id=25"},"modified":"2023-01-25T13:14:54","modified_gmt":"2023-01-25T12:14:54","slug":"about","status":"publish","type":"page","link":"https:\/\/kmim.wm.pwr.edu.pl\/fatigue\/","title":{"rendered":"About"},"content":{"rendered":"<ul>\n<li style=\"list-style-type: none\">\n<ul>\n<li><a href=\"https:\/\/kmim.wm.pwr.edu.pl\/lesiuk\/\">PhD. DSc. Eng. Grzegorz Lesiuk, Associate Professor<\/a> (Head)<\/li>\n<li><a href=\"https:\/\/kmim.wm.pwr.edu.pl\/szata\/\">PhD. DSc. Eng. Mieczys\u0142aw Szata<\/a>, Full Professor (Honorary Head, Former Director of the Institute of Materials Science and Applied Mechanics)<\/li>\n<li><a href=\"https:\/\/kmim.wm.pwr.edu.pl\/kotowski\/about-me-2\/\">PhD. Eng. Piotr Kotowski<\/a>&nbsp;<\/li>\n<li>PhD. Eng. Przemys\u0142aw Str\u00f3\u017cyk<\/li>\n<li>PhD. Eng. Agnieszka Szust<\/li>\n<li><a href=\"https:\/\/kmim.wm.pwr.edu.pl\/smolnicki\/\" target=\"_blank\" rel=\"noopener noreferrer\">PhD. Eng. Micha\u0142 Smolnicki<\/a><\/li>\n<li><a href=\"https:\/\/kmim.wm.pwr.edu.pl\/duda\/\">MSc. Eng. Monika Duda<\/a><\/li>\n<li><a href=\"https:\/\/kmim.wm.pwr.edu.pl\/sduda\/\">MSc. Eng. Szymon Duda<\/a><\/li>\n<li>MSc. Eng. Krzysztof Junik<\/li>\n<li>Tomasz Markiewicz<\/li>\n<li>MSc. Eng. Anna Wybraniec<\/li>\n<li><a href=\"https:\/\/kmim.wm.pwr.edu.pl\/zielonka\/\">MSc. Eng. Pawe\u0142 Zielonka<\/a><\/li>\n<li><a href=\"https:\/\/kmim.wm.pwr.edu.pl\/dziuba\/\">MSc. Eng. Szymon Dziuba<\/a><\/li>\n<\/ul>\n<\/li>\n<\/ul>\n<p>SHORT PRESENTATION OF THE SCIENTIFIC ACTIVITIES: <a href=\"https:\/\/kmim.wm.pwr.edu.pl\/fatigue\/wp-content\/uploads\/sites\/74\/2022\/10\/PREZENTACJA_NA_STRONE_NOWA.pdf\" class=\"pdfemb-viewer\" style=\"\" data-width=\"max\" data-height=\"max\" data-toolbar=\"bottom\" data-toolbar-fixed=\"off\">PREZENTACJA_NA_STRONE_NOWA<\/a><\/p>\n<p>Our research interests:&nbsp;<\/p>\n<ul>\n<li>Fundamental problems in fracture mechanics (metals, non-metals, polymers, composite materials, fibre-metal laminates)<\/li>\n<li>Fatigue fracture&nbsp;<\/li>\n<li>Structural Integrity<\/li>\n<li>Computational Fracture Mechanics<\/li>\n<li>Fatigue of Metals and non-metals<\/li>\n<li>Energy approach in fatigue and fracture modelling<\/li>\n<li>Experimental methods in fatigue and fracture of materials<\/li>\n<li>Role of the microstructure and material composition of the fatigue fracture<\/li>\n<li>Degradation of the materials &#8211; testing and modelling<\/li>\n<\/ul>\n<p>&nbsp;<\/p>\n","protected":false},"excerpt":{"rendered":"<p>PhD. DSc. Eng. Grzegorz Lesiuk, Associate Professor (Head) PhD. DSc. Eng. Mieczys\u0142aw Szata, Full Professor (Honorary Head, Former Director of the Institute of Materials Science and Applied Mechanics) PhD. Eng. Piotr Kotowski&nbsp; PhD. Eng. Przemys\u0142aw Str\u00f3\u017cyk PhD. Eng. Agnieszka Szust PhD. Eng. Micha\u0142 Smolnicki MSc. Eng. Monika Duda MSc. Eng. Szymon Duda MSc. Eng. Krzysztof &hellip; <a href=\"https:\/\/kmim.wm.pwr.edu.pl\/fatigue\/\" class=\"more-link\">Continue reading <span class=\"screen-reader-text\">About<\/span> <span class=\"meta-nav\">&rarr;<\/span><\/a><\/p>\n","protected":false},"author":7,"featured_media":0,"parent":0,"menu_order":0,"comment_status":"closed","ping_status":"closed","template":"","meta":{"ngg_post_thumbnail":0,"footnotes":""},"class_list":["post-25","page","type-page","status-publish","hentry"],"publishpress_future_action":{"enabled":false,"date":"2026-04-18 17:08:12","action":"change-status","newStatus":"draft","terms":[],"taxonomy":"language","extraData":[]},"publishpress_future_workflow_manual_trigger":{"enabledWorkflows":[]},"_links":{"self":[{"href":"https:\/\/kmim.wm.pwr.edu.pl\/fatigue\/wp-json\/wp\/v2\/pages\/25","targetHints":{"allow":["GET"]}}],"collection":[{"href":"https:\/\/kmim.wm.pwr.edu.pl\/fatigue\/wp-json\/wp\/v2\/pages"}],"about":[{"href":"https:\/\/kmim.wm.pwr.edu.pl\/fatigue\/wp-json\/wp\/v2\/types\/page"}],"author":[{"embeddable":true,"href":"https:\/\/kmim.wm.pwr.edu.pl\/fatigue\/wp-json\/wp\/v2\/users\/7"}],"replies":[{"embeddable":true,"href":"https:\/\/kmim.wm.pwr.edu.pl\/fatigue\/wp-json\/wp\/v2\/comments?post=25"}],"version-history":[{"count":27,"href":"https:\/\/kmim.wm.pwr.edu.pl\/fatigue\/wp-json\/wp\/v2\/pages\/25\/revisions"}],"predecessor-version":[{"id":238,"href":"https:\/\/kmim.wm.pwr.edu.pl\/fatigue\/wp-json\/wp\/v2\/pages\/25\/revisions\/238"}],"wp:attachment":[{"href":"https:\/\/kmim.wm.pwr.edu.pl\/fatigue\/wp-json\/wp\/v2\/media?parent=25"}],"curies":[{"name":"wp","href":"https:\/\/api.w.org\/{rel}","templated":true}]}}