{"id":38,"date":"2019-10-11T20:25:31","date_gmt":"2019-10-11T18:25:31","guid":{"rendered":"http:\/\/kmim.wm.pwr.edu.pl\/fatigue\/?page_id=38"},"modified":"2023-03-15T22:02:49","modified_gmt":"2023-03-15T21:02:49","slug":"projects","status":"publish","type":"page","link":"https:\/\/kmim.wm.pwr.edu.pl\/fatigue\/projects\/","title":{"rendered":"PROJECTS"},"content":{"rendered":"<p>Projects with group members as primary investigators:<\/p>\n<ol>\n<li>NCBiR (LIDER X) 0219\/L-10\/2018 &#8211; The new generation of hybrid composite bars for concrete and soil reinforcement (<strong>PI: PhD. DSc. Eng. Grzegorz LESIUK<\/strong>)<\/li>\n<li>NCN (PRELUDIUM) &#8211; (<strong>PI: MSc. Eng. Monika DUDA<\/strong>) &#8211; Analysis of the fatigue crack closure effect under complex stress state in relation to energy approach &#8211; UMO-2018\/31\/N\/ST8\/03590&nbsp;<\/li>\n<li>NCN (MINIATURA) &#8211; (<strong>PI: PhD. Eng. Grzegorz LESIUK<\/strong>),&nbsp; &#8211; NCN-MINIATURA2&nbsp; &#8220;Fatigue crack closure effect under multiaxial stress state&#8221; &#8211; NCN2018\/02\/X\/ST8\/02041<\/li>\n<li>NCN (PRELUDIUM) &#8211; (<strong>Pl: Szymon DUDA, M.Sc.<\/strong>) &#8211; Fatigue behavior and life assessment of CFRP structures under global non-proportional multiaxial loading conditions &#8211; 2021\/41\/N\/ST8\/03365 &#8211;&nbsp;<a href=\"https:\/\/kmim.wm.pwr.edu.pl\/fatigue\/projects\/ncn-preludium-szymon-duda\/\" target=\"_blank\" rel=\"noopener\">CHECK IT!<\/a><\/li>\n<li>NAWA \u2013 PPN\/BUA\/2019\/1\/00086 (2020-2022) <i>Interfacial strength examination of new hybrid composite materials using fracture mechanics approach<\/i><i>: Polska &#8211; Politechnika Wroc\u0142awska (Head &#8211; <\/i><strong><i>PhD<\/i><i>. <\/i><i>DSc<\/i><i>. <\/i><i>Eng<\/i><i>. <\/i><i>Assoc<\/i><\/strong><i><strong>. Prof. Grzegorz Lesiuk <\/strong>and <strong>MSc. Eng. Monika DUDA, MSc Eng. Micha\u0142 Smolnicki<\/strong>), Ukraina \u2013 <\/i><i>Physico-Mechanical<\/i> <i>Karpenko<\/i> <i>Institute<\/i><i>, <\/i><i>Lviv<\/i><i>,&nbsp; (prof. <\/i><i>Olha<\/i> <i>Zvirko and team<\/i><i>)<\/i><\/li>\n<\/ol>\n<p>Projects with group members as co-investigators:<\/p>\n<ol>\n<li><i>NCN \u2013 OPUS LAP &#8211; <\/i>2020\/39\/I\/ST5\/03493 (2022-2025) Research on the influence of self-healing, organic-inorganic sol-gel layers on the corrosion resistance and fatigue of steel in the VHCF range, PI: Dr Justyna Krzak<\/li>\n<li>Fatigue strengthening and assessment of railway metallic bridges using fiber-reinforced polymers (FiberBridge) &#8211; 02\/SAICT\/2017 \/ PT2020, 3 years (2018-2021) &#8211; leader: University of Porto (<strong>PhD. DSc. Eng. Grzegorz LESIUK)<\/strong><\/li>\n<li>NCBiR: MAZOWSZE\/0141\/19 &#8211; Opracowanie inteligentnej konstrukcji ci\u015bnieniowego zbiornika kompozytowego z uchyln\u0105 dennic\u0105. [INNOTANK] (<strong>PhD. DSc. Eng. Grzegorz LESIUK, MSc Eng. Micha\u0142 Smolnicki)<\/strong><\/li>\n<\/ol>\n","protected":false},"excerpt":{"rendered":"<p>Projects with group members as primary investigators: NCBiR (LIDER X) 0219\/L-10\/2018 &#8211; The new generation of hybrid composite bars for concrete and soil reinforcement (PI: PhD. DSc. Eng. Grzegorz LESIUK) NCN (PRELUDIUM) &#8211; (PI: MSc. Eng. Monika DUDA) &#8211; Analysis of the fatigue crack closure effect under complex stress state in relation to energy approach &hellip; <a href=\"https:\/\/kmim.wm.pwr.edu.pl\/fatigue\/projects\/\" class=\"more-link\">Continue reading <span class=\"screen-reader-text\">PROJECTS<\/span> <span class=\"meta-nav\">&rarr;<\/span><\/a><\/p>\n","protected":false},"author":7,"featured_media":0,"parent":0,"menu_order":2,"comment_status":"closed","ping_status":"closed","template":"","meta":{"ngg_post_thumbnail":0,"footnotes":""},"class_list":["post-38","page","type-page","status-publish","hentry"],"publishpress_future_action":{"enabled":false,"date":"2026-04-27 14:29:06","action":"change-status","newStatus":"draft","terms":[],"taxonomy":"language","extraData":[]},"publishpress_future_workflow_manual_trigger":{"enabledWorkflows":[]},"_links":{"self":[{"href":"https:\/\/kmim.wm.pwr.edu.pl\/fatigue\/wp-json\/wp\/v2\/pages\/38","targetHints":{"allow":["GET"]}}],"collection":[{"href":"https:\/\/kmim.wm.pwr.edu.pl\/fatigue\/wp-json\/wp\/v2\/pages"}],"about":[{"href":"https:\/\/kmim.wm.pwr.edu.pl\/fatigue\/wp-json\/wp\/v2\/types\/page"}],"author":[{"embeddable":true,"href":"https:\/\/kmim.wm.pwr.edu.pl\/fatigue\/wp-json\/wp\/v2\/users\/7"}],"replies":[{"embeddable":true,"href":"https:\/\/kmim.wm.pwr.edu.pl\/fatigue\/wp-json\/wp\/v2\/comments?post=38"}],"version-history":[{"count":7,"href":"https:\/\/kmim.wm.pwr.edu.pl\/fatigue\/wp-json\/wp\/v2\/pages\/38\/revisions"}],"predecessor-version":[{"id":270,"href":"https:\/\/kmim.wm.pwr.edu.pl\/fatigue\/wp-json\/wp\/v2\/pages\/38\/revisions\/270"}],"wp:attachment":[{"href":"https:\/\/kmim.wm.pwr.edu.pl\/fatigue\/wp-json\/wp\/v2\/media?parent=38"}],"curies":[{"name":"wp","href":"https:\/\/api.w.org\/{rel}","templated":true}]}}