{"id":41,"date":"2019-10-11T20:31:10","date_gmt":"2019-10-11T18:31:10","guid":{"rendered":"http:\/\/kmim.wm.pwr.edu.pl\/fatigue\/?page_id=41"},"modified":"2022-01-08T17:14:08","modified_gmt":"2022-01-08T16:14:08","slug":"awards","status":"publish","type":"page","link":"https:\/\/kmim.wm.pwr.edu.pl\/fatigue\/awards\/","title":{"rendered":"AWARDS"},"content":{"rendered":"<ol>\n<li>2021: 20th International Colloquium on Mechanical Fatigue of Metals: <strong>The EXCEPTIONAL YOUNG TEAMWORK AWARD<\/strong> (Micha\u0142 Smolnicki, Szymon Duda)<\/li>\n<li>2021: 20th International Colloquium on Mechanical Fatigue of Metals: <strong>Outstanding Contribution of Young Researcher Award&nbsp;<\/strong>(Szymon Duda)<\/li>\n<li>2021: WCA: <strong>Stypendium im. Mariana Suskiego<\/strong> (Nauki Techniczne) &#8211; Finali\u015bci, wyr\u00f3\u017cnienie (Micha\u0142 Smolnicki, Szymon Duda)<\/li>\n<li>2021: Student Award (3rd Place) (Anna Wybraniec)<\/li>\n<li>2020: <strong>IABSE Young Engineers&#8217; Contribution Award<\/strong> (Bruno Pedrosa)&nbsp;<\/li>\n<li>2019: International Journal of Structural Integrity: <strong>Highly Commended Award<\/strong> (Monika Duda)<\/li>\n<li>2019: <strong>TOP 1% Reviewer<\/strong> (Grzegorz Lesiuk); Materials Science, Cross-Field<\/li>\n<li>2019: <strong>ESIS TC12 MERIT AWARD<\/strong> (Grzegorz Lesiuk)<\/li>\n<li>2018: 19ICMFM: <strong>THE BEST STUDENT PAPER<\/strong> (<strong>Monika Duda &#8211; <\/strong>pregelegent, Grzegorz Lesiuk and Micha\u0142 Smolnicki &#8211; co-authors)&nbsp;<\/li>\n<\/ol>\nngg_shortcode_0_placeholder\n","protected":false},"excerpt":{"rendered":"<p>2021: 20th International Colloquium on Mechanical Fatigue of Metals: The EXCEPTIONAL YOUNG TEAMWORK AWARD (Micha\u0142 Smolnicki, Szymon Duda) 2021: 20th International Colloquium on Mechanical Fatigue of Metals: Outstanding Contribution of Young Researcher Award&nbsp;(Szymon Duda) 2021: WCA: Stypendium im. Mariana Suskiego (Nauki Techniczne) &#8211; Finali\u015bci, wyr\u00f3\u017cnienie (Micha\u0142 Smolnicki, Szymon Duda) 2021: Student Award (3rd Place) (Anna &hellip; <a href=\"https:\/\/kmim.wm.pwr.edu.pl\/fatigue\/awards\/\" class=\"more-link\">Continue reading <span class=\"screen-reader-text\">AWARDS<\/span> <span class=\"meta-nav\">&rarr;<\/span><\/a><\/p>\n","protected":false},"author":66,"featured_media":0,"parent":0,"menu_order":1,"comment_status":"closed","ping_status":"closed","template":"","meta":{"ngg_post_thumbnail":0,"footnotes":""},"class_list":["post-41","page","type-page","status-publish","hentry"],"publishpress_future_action":{"enabled":false,"date":"2026-04-12 11:39:22","action":"change-status","newStatus":"draft","terms":[],"taxonomy":"language","extraData":[]},"publishpress_future_workflow_manual_trigger":{"enabledWorkflows":[]},"_links":{"self":[{"href":"https:\/\/kmim.wm.pwr.edu.pl\/fatigue\/wp-json\/wp\/v2\/pages\/41","targetHints":{"allow":["GET"]}}],"collection":[{"href":"https:\/\/kmim.wm.pwr.edu.pl\/fatigue\/wp-json\/wp\/v2\/pages"}],"about":[{"href":"https:\/\/kmim.wm.pwr.edu.pl\/fatigue\/wp-json\/wp\/v2\/types\/page"}],"author":[{"embeddable":true,"href":"https:\/\/kmim.wm.pwr.edu.pl\/fatigue\/wp-json\/wp\/v2\/users\/66"}],"replies":[{"embeddable":true,"href":"https:\/\/kmim.wm.pwr.edu.pl\/fatigue\/wp-json\/wp\/v2\/comments?post=41"}],"version-history":[{"count":10,"href":"https:\/\/kmim.wm.pwr.edu.pl\/fatigue\/wp-json\/wp\/v2\/pages\/41\/revisions"}],"predecessor-version":[{"id":124,"href":"https:\/\/kmim.wm.pwr.edu.pl\/fatigue\/wp-json\/wp\/v2\/pages\/41\/revisions\/124"}],"wp:attachment":[{"href":"https:\/\/kmim.wm.pwr.edu.pl\/fatigue\/wp-json\/wp\/v2\/media?parent=41"}],"curies":[{"name":"wp","href":"https:\/\/api.w.org\/{rel}","templated":true}]}}