{"id":10,"date":"2014-10-16T11:16:20","date_gmt":"2014-10-16T09:14:26","guid":{"rendered":"http:\/\/kmim.wm.pwr.edu.pl\/immt\/?page_id=10"},"modified":"2018-05-16T07:01:25","modified_gmt":"2018-05-16T05:01:25","slug":"instytut-materialoznawstwa-i-mechaniki-technicznej","status":"publish","type":"page","link":"https:\/\/kmim.wm.pwr.edu.pl\/immt\/instytut-materialoznawstwa-i-mechaniki-technicznej\/","title":{"rendered":"Instytut Materia\u0142oznawstwa i Mechaniki Technicznej"},"content":{"rendered":"<p>To s\u0105 archiwalne strony Instytutu Materia\u0142oznawstwa i Mechaniki Technicznej. W zwi\u0105zku z przeprowadzan\u0105 reorganizacj\u0105 instytut przesta\u0142 istnie\u0107 w czerwcu 2014 roku.<\/p>\n<p>Tu znajduj\u0105 si\u0119 najwa\u017cniejsze informacje przeniesione ze starego serwisu WWW.<\/p>\n<p><strong>W kwietniu 2018 roku uleg\u0142 awarii komputer, na kt\u00f3rym by\u0142y stare strony Instytutu<\/strong>. Wszystkie odsy\u0142acze prowadz\u0105ce do adres\u00f3w z domeny www.immt.pwr.wroc.pl przesta\u0142y dzia\u0142a\u0107.<\/p>\n","protected":false},"excerpt":{"rendered":"<p>To s\u0105 archiwalne strony Instytutu Materia\u0142oznawstwa i Mechaniki Technicznej. W zwi\u0105zku z przeprowadzan\u0105 reorganizacj\u0105 instytut przesta\u0142 istnie\u0107 w czerwcu 2014 roku. Tu znajduj\u0105 si\u0119 najwa\u017cniejsze informacje przeniesione ze starego serwisu WWW. W kwietniu 2018 roku uleg\u0142 awarii komputer, na kt\u00f3rym by\u0142y stare strony Instytutu. Wszystkie odsy\u0142acze prowadz\u0105ce do adres\u00f3w z domeny www.immt.pwr.wroc.pl przesta\u0142y dzia\u0142a\u0107.<\/p>\n","protected":false},"author":1,"featured_media":0,"parent":0,"menu_order":0,"comment_status":"closed","ping_status":"open","template":"","meta":{"ngg_post_thumbnail":0,"footnotes":""},"class_list":["post-10","page","type-page","status-publish","hentry"],"publishpress_future_action":{"enabled":false,"date":"2026-04-26 15:31:30","action":"change-status","newStatus":"draft","terms":[],"taxonomy":"language","extraData":[]},"publishpress_future_workflow_manual_trigger":{"enabledWorkflows":[]},"_links":{"self":[{"href":"https:\/\/kmim.wm.pwr.edu.pl\/immt\/wp-json\/wp\/v2\/pages\/10","targetHints":{"allow":["GET"]}}],"collection":[{"href":"https:\/\/kmim.wm.pwr.edu.pl\/immt\/wp-json\/wp\/v2\/pages"}],"about":[{"href":"https:\/\/kmim.wm.pwr.edu.pl\/immt\/wp-json\/wp\/v2\/types\/page"}],"author":[{"embeddable":true,"href":"https:\/\/kmim.wm.pwr.edu.pl\/immt\/wp-json\/wp\/v2\/users\/1"}],"replies":[{"embeddable":true,"href":"https:\/\/kmim.wm.pwr.edu.pl\/immt\/wp-json\/wp\/v2\/comments?post=10"}],"version-history":[{"count":2,"href":"https:\/\/kmim.wm.pwr.edu.pl\/immt\/wp-json\/wp\/v2\/pages\/10\/revisions"}],"predecessor-version":[{"id":2841,"href":"https:\/\/kmim.wm.pwr.edu.pl\/immt\/wp-json\/wp\/v2\/pages\/10\/revisions\/2841"}],"wp:attachment":[{"href":"https:\/\/kmim.wm.pwr.edu.pl\/immt\/wp-json\/wp\/v2\/media?parent=10"}],"curies":[{"name":"wp","href":"https:\/\/api.w.org\/{rel}","templated":true}]}}