{"id":1403,"date":"2014-10-31T18:59:06","date_gmt":"2014-10-31T17:59:06","guid":{"rendered":"http:\/\/kmim.wm.pwr.edu.pl\/immt\/?page_id=1403"},"modified":"2014-10-31T18:59:06","modified_gmt":"2014-10-31T17:59:06","slug":"kierownictwo-instytutu","status":"publish","type":"page","link":"https:\/\/kmim.wm.pwr.edu.pl\/immt\/instytut-materialoznawstwa-i-mechaniki-technicznej\/kierownictwo-instytutu\/","title":{"rendered":"Kierownictwo instytutu"},"content":{"rendered":"<p>INSTYTUT MATERIA\u0141OZNAWSTWA I MECHANIKI TECHNICZNEJ, W10\/I19<br \/>\nSekretariat:<br \/>\nbud.B-1, pok.124, telefon +48 (71) 3202765, telefon\/fax +48 (71) 3211235<br \/>\nDyrektor:<\/p>\n<p>prof. dr in\u017c. Mieczys\u0142\u0105w Szata telefon: +48 71 3203138<\/p>\n<p>z-ca dyrektora ds. nauki i wsp\u00f3\u0142pracy z przemys\u0142em:<\/p>\n<p>dr in\u017c. Wojciech Myszka telefon: +48 71 3202790<\/p>\n<p>z-ca dyrektora ds. dydaktyki:<\/p>\n<p>dr in\u017c. Maciej Lachowicz, telefon: +48 71 3202767<\/p>\n<p>z-ca dyrektora ds. administracyjnych:<\/p>\n<p>mgr Gra\u017cyna Ko\u0144czal, telefon: +48 71 3202765<\/p>\n","protected":false},"excerpt":{"rendered":"<p>INSTYTUT MATERIA\u0141OZNAWSTWA I MECHANIKI TECHNICZNEJ, W10\/I19 Sekretariat: bud.B-1, pok.124, telefon +48 (71) 3202765, telefon\/fax +48 (71) 3211235 Dyrektor: prof. dr in\u017c. Mieczys\u0142\u0105w Szata telefon: +48 71 3203138 z-ca dyrektora ds. nauki i wsp\u00f3\u0142pracy z przemys\u0142em: dr in\u017c. Wojciech Myszka telefon: +48 71 3202790 z-ca dyrektora ds. dydaktyki: dr in\u017c. Maciej Lachowicz, telefon: +48 71 3202767 &hellip; <a href=\"https:\/\/kmim.wm.pwr.edu.pl\/immt\/instytut-materialoznawstwa-i-mechaniki-technicznej\/kierownictwo-instytutu\/\" class=\"more-link\">Czytaj dalej <span class=\"screen-reader-text\">Kierownictwo instytutu<\/span> <span class=\"meta-nav\">&rarr;<\/span><\/a><\/p>\n","protected":false},"author":1,"featured_media":0,"parent":10,"menu_order":0,"comment_status":"closed","ping_status":"open","template":"","meta":{"ngg_post_thumbnail":0,"footnotes":""},"class_list":["post-1403","page","type-page","status-publish","hentry"],"publishpress_future_action":{"enabled":false,"date":"2026-04-25 06:33:42","action":"change-status","newStatus":"draft","terms":[],"taxonomy":"language","extraData":[]},"publishpress_future_workflow_manual_trigger":{"enabledWorkflows":[]},"_links":{"self":[{"href":"https:\/\/kmim.wm.pwr.edu.pl\/immt\/wp-json\/wp\/v2\/pages\/1403","targetHints":{"allow":["GET"]}}],"collection":[{"href":"https:\/\/kmim.wm.pwr.edu.pl\/immt\/wp-json\/wp\/v2\/pages"}],"about":[{"href":"https:\/\/kmim.wm.pwr.edu.pl\/immt\/wp-json\/wp\/v2\/types\/page"}],"author":[{"embeddable":true,"href":"https:\/\/kmim.wm.pwr.edu.pl\/immt\/wp-json\/wp\/v2\/users\/1"}],"replies":[{"embeddable":true,"href":"https:\/\/kmim.wm.pwr.edu.pl\/immt\/wp-json\/wp\/v2\/comments?post=1403"}],"version-history":[{"count":1,"href":"https:\/\/kmim.wm.pwr.edu.pl\/immt\/wp-json\/wp\/v2\/pages\/1403\/revisions"}],"predecessor-version":[{"id":1404,"href":"https:\/\/kmim.wm.pwr.edu.pl\/immt\/wp-json\/wp\/v2\/pages\/1403\/revisions\/1404"}],"up":[{"embeddable":true,"href":"https:\/\/kmim.wm.pwr.edu.pl\/immt\/wp-json\/wp\/v2\/pages\/10"}],"wp:attachment":[{"href":"https:\/\/kmim.wm.pwr.edu.pl\/immt\/wp-json\/wp\/v2\/media?parent=1403"}],"curies":[{"name":"wp","href":"https:\/\/api.w.org\/{rel}","templated":true}]}}