{"id":1405,"date":"2014-10-31T19:07:42","date_gmt":"2014-10-31T18:07:42","guid":{"rendered":"http:\/\/kmim.wm.pwr.edu.pl\/immt\/?page_id=1405"},"modified":"2014-10-31T19:07:42","modified_gmt":"2014-10-31T18:07:42","slug":"historia","status":"publish","type":"page","link":"https:\/\/kmim.wm.pwr.edu.pl\/immt\/instytut-materialoznawstwa-i-mechaniki-technicznej\/historia\/","title":{"rendered":"Historia"},"content":{"rendered":"<table class=\"contentpaneopen\" border=\"0\" width=\"100%\" cellspacing=\"1\" cellpadding=\"0\">\n<tbody>\n<tr>\n<td colspan=\"2\" valign=\"top\">Instytut powsta\u0142 w lipcu 1963 roku; w jego sk\u0142ad wchodzi\u0142y katedry Wydzia\u0142u Mechanicznego, a mianowicie Katedra Mechaniki Technicznej i Katedra Metaloznawstwa. Przybra\u0142 wtedy nazw\u0119 Instytut Materia\u0142oznawstwa. Jego organizatorem i pierwszym Dyrektorem zosta\u0142 prof. dr in\u017c. Marek Zakrzewski, przewodnicz\u0105cym Rady Naukowej natomiast prof. dr in\u017c. Jerzy Zawadzki. Nazwiska wszystkich dyrektor\u00f3w Instytutu oraz ich zast\u0119pc\u00f3w ujmuje tabela.<\/p>\n<div align=\"center\">Dyrektor i Jego zast\u0119pcy w Instytucie Materia\u0142oznawstwa i Mechaniki Technicznej w latach 1963\u20132014<\/div>\n<table border=\"1\" cellpadding=\"3\">\n<tbody>\n<tr>\n<td align=\"center\">Okres<\/td>\n<td align=\"left\">Dyrektor<\/td>\n<td align=\"left\" valign=\"top\" width=\"256\">Zast\u0119pcy<\/td>\n<\/tr>\n<tr>\n<td align=\"center\">1963-1972<\/td>\n<td align=\"left\">prof.dr in\u017c. Marek Zakrzewski<\/td>\n<td align=\"left\" valign=\"top\" width=\"256\">prof. dr in\u017c. Jerzy Zawadzki<br \/>\ndoc. dr in\u017c. Rudolf Haimann<br \/>\ndoc. dr hab.in\u017c. Zdzis\u0142aw Gabryszewski (1970)<br \/>\nmgr Agnieszka Walkowiak<br \/>\nIrena Koch<\/td>\n<\/tr>\n<tr>\n<td align=\"center\">1972-1981<\/td>\n<td align=\"left\">doc. dr hab. in\u017c. Zdzis\u0142aw Gabryszewski<\/td>\n<td align=\"left\" valign=\"top\" width=\"256\">prof. dr in\u017c. Jerzy Zawadzki (1972-1973)<br \/>\ndoc. dr hab. in\u017c. Marian Nowak (1972-1975-1978)<br \/>\ndoc. dr in\u017c. Les\u0142aw Go\u0142aski (1972-1975)<br \/>\ndr in\u017c. Andrzej Kania (1978-1981)<br \/>\ndoc. dr in\u017c. Rudolf Haimann<br \/>\nIrena Koch<br \/>\nmgr Jan Bondaruk<\/td>\n<\/tr>\n<tr>\n<td align=\"center\">1981-1984<\/td>\n<td align=\"left\">prof. dr in\u017c. Marek Zakrzewski<\/td>\n<td align=\"left\" valign=\"top\" width=\"256\">dr in\u017c. Andrzej Kania<br \/>\ndr in\u017c. Jerzy Baranek<br \/>\nmgr Jan Bondaruk<\/td>\n<\/tr>\n<tr>\n<td align=\"center\">1984-1987<\/td>\n<td align=\"left\">prof. dr hab. in\u017c. Zdzis\u0142aw Gabryszewski<\/td>\n<td align=\"left\" valign=\"top\" width=\"256\">prof. dr hab. in\u017c. Marian Nowak<br \/>\ndoc. dr in\u017c. Rudolf Haimann<br \/>\nmgr Jan Bondaruk<\/td>\n<\/tr>\n<tr>\n<td align=\"center\">1987- 1990<\/td>\n<td align=\"left\">doc. dr in\u017c. Rudolf Haimann<\/td>\n<td align=\"left\" valign=\"top\" width=\"256\">prof. dr hab. in\u017c. Marian Nowak<br \/>\ndoc. dr in\u017c. Barbara Gabryszewska<br \/>\nmgr Gra\u017cyna Ko\u0144czal<\/td>\n<\/tr>\n<tr>\n<td align=\"center\">1990-1991<\/td>\n<td align=\"left\">prof. dr hab.in\u017c. Ryszard \u017buchowski<\/td>\n<td align=\"left\" valign=\"top\" width=\"256\">dr in\u017c. Kazimierz Tokarz<br \/>\ndr in\u017c. Adam Krajczyk<br \/>\nmgr Gra\u017cyna Ko\u0144czal<\/td>\n<\/tr>\n<tr>\n<td align=\"center\">1991-1993<\/td>\n<td align=\"left\">dr hab.in\u017c. Dionizy Dudek, prof. ndzw. PWr.<\/td>\n<td align=\"left\" valign=\"top\" width=\"256\">dr in\u017c. Kazimierz Tokarz<br \/>\ndr in\u017c. Adam Krajczyk<br \/>\nmgr Gra\u017cyna Ko\u0144czal<\/td>\n<\/tr>\n<tr>\n<td align=\"center\">1993-1999<\/td>\n<td align=\"left\">dr in\u017c. Mieczys\u0142aw Szata<\/td>\n<td align=\"left\" valign=\"top\" width=\"256\">dr in\u017c. Kazimierz Tokarz (1993-1996)<br \/>\ndr in\u017c. Jerzy Kaleta (1996-1999)<br \/>\ndr in\u017c. Lidia P\u0119kalska<br \/>\nmgr Gra\u017cyna Ko\u0144czal<\/td>\n<\/tr>\n<tr>\n<td align=\"center\">1999-2005<\/td>\n<td align=\"left\">dr hab. in\u017c. Jerzy Kaleta<\/td>\n<td align=\"left\" valign=\"top\" width=\"256\">dr hab. in\u017c. W\u0142odzimierz Dudzi\u0144ski, prof. PWr.<br \/>\ndr in\u017c. Stanis\u0142aw Piesiak<br \/>\nmgr Gra\u017cyna Ko\u0144czal<\/td>\n<\/tr>\n<tr>\n<td colspan=\"1\" rowspan=\"3\">2005-2008<\/td>\n<td>dr hab. in\u017c. Mieczys\u0142aw Szata (01\/10\/2005 &#8211; 05\/01\/2006)<\/td>\n<td>dr hab. in\u017c. Krzysztof Maruszewski, prof. PWr.<br \/>\ndr in\u017c. Grzegorz P\u0119kalski<br \/>\nmgr Gra\u017cyna Ko\u0144czal<\/td>\n<\/tr>\n<tr>\n<td rowspan=\"1\">prof. dr hab. Krzysztof Maruszewski (30\/01\/2006 &#8211; 12\/01\/2007)<\/td>\n<td rowspan=\"1\">prof. dr in\u017c. Maciej Kulisiewicz<br \/>\ndr in\u017c. Grzegorz P\u0119kalski<br \/>\nmgr Gra\u017cyna Ko\u0144czal<\/td>\n<\/tr>\n<tr>\n<td rowspan=\"1\">doc. dr in\u017c. Grzegorz P\u0119kalski (12\/01\/2007 &#8211; 31\/08\/2008)<\/td>\n<td rowspan=\"1\">prof. dr in\u017c. Maciej Kulisiewicz<br \/>\ndr in\u017c. Miros\u0142aw Bocian<br \/>\nmgr Gra\u017cyna Ko\u0144czal<\/td>\n<\/tr>\n<tr>\n<td rowspan=\"1\">2008-2012<\/td>\n<td rowspan=\"1\">doc. dr in\u017c. Grzegorz P\u0119kalski<\/td>\n<td rowspan=\"1\">prof. dr in\u017c. Marek Rybaczuk<br \/>\ndr in\u017c. Miros\u0142aw Bocian<br \/>\nmgr Gra\u017cyna Ko\u0144czal<\/td>\n<\/tr>\n<tr>\n<td rowspan=\"1\">2012-2014<\/td>\n<td rowspan=\"1\">prof. dr hab. in\u017c. Mieczys\u0142\u0105w Szata<\/td>\n<td rowspan=\"1\">dr in\u017c. Wojciech Myszka<br \/>\ndr in\u017c. Maciej Lachowicz<br \/>\nmgr Gra\u017cyna Ko\u0144czal<\/td>\n<\/tr>\n<\/tbody>\n<\/table>\n<p>Praca naukowa i dydaktyczna by\u0142a skupiona w sze\u015bciu wyspecjalizowanych zak\u0142adach naukowych. Nazwy zak\u0142ad\u00f3w oraz ich pierwszych kierownik\u00f3w uj\u0119to w tabeli. Powsta\u0142e zak\u0142ady by\u0142y sukcesorami dw\u00f3ch katedr, z kt\u00f3rych powsta\u0142 Instytut.<\/p>\n<div align=\"center\">Zak\u0142ady Instytutu w roku 1966 i ich pierwsi kierownicy<\/div>\n<table border=\"1\" cellpadding=\"3\">\n<tbody>\n<tr>\n<td align=\"left\">Zak\u0142ad Metalografii<\/td>\n<td align=\"left\">doc.dr in\u017c. Rudolf Haimann<\/td>\n<\/tr>\n<tr>\n<td align=\"left\">Zak\u0142ad Pomiar\u00f3w Przemieszcze\u0144 i Odkszta\u0142ce\u0144<\/td>\n<td align=\"left\">doc. dr in\u017c. Wac\u0142aw Kasprzak<\/td>\n<\/tr>\n<tr>\n<td align=\"left\">Zak\u0142ad Reologii i Wyt\u0119\u017cenia<\/td>\n<td align=\"left\">prof.dr in\u017c. Jerzy Zawadzki<\/td>\n<\/tr>\n<tr>\n<td align=\"left\">Zak\u0142ad Spr\u0119\u017cysto\u015bci i Plastyczno\u015bci<\/td>\n<td align=\"left\">doc.dr in\u017c. Zdzis\u0142aw Gabryszewski<\/td>\n<\/tr>\n<tr>\n<td align=\"left\">Zak\u0142ad Wytrzyma\u0142o\u015bci Materia\u0142\u00f3w<\/td>\n<td align=\"left\">prof.dr in\u017c. Marek Zakrzewski<\/td>\n<\/tr>\n<tr>\n<td align=\"left\">Zak\u0142ad Zm\u0119czenia Metali<\/td>\n<td align=\"left\">prof.dr in\u017c. Tadeusz Por\u0119bski<\/td>\n<\/tr>\n<\/tbody>\n<\/table>\n<p>Katedra Mechaniki Technicznej powsta\u0142a w roku 1946. W latach od 1946 do 1952 kierowa\u0142 ni\u0105 prof. dr in\u017c. Stanis\u0142aw Bodaszewski, doje\u017cd\u017caj\u0105cy z Politechniki \u015al\u0105skiej w Gliwicach. Nast\u0119pnie kierownictwo przesz\u0142o w r\u0119ce prof. dra in\u017c. Zawadzkiego. Katedra, rozszerzaj\u0105c zakres swej dzia\u0142alno\u015bci dydaktycznej oraz naukowej, stale si\u0119 rozwija\u0142a. Ze szczup\u0142ego pi\u0119cioosobowego grona w 1946 roku wyr\u00f3s\u0142 zesp\u00f3\u0142 sk\u0142adaj\u0105cy si\u0119 w roku 1968 z 27 pracownik\u00f3w naukowo-dydaktycznych (w tym 1 profesor i 2 docent\u00f3w).<\/p>\n<p>Prace naukowe Katedry koncentrowa\u0142y si\u0119 wok\u00f3\u0142 kierunk\u00f3w przyj\u0119tych nast\u0119pnie przez Zak\u0142ady Naukowe Instytutu Materia\u0142oznawstwa, a zatem: dekohezji cia\u0142 polikrystalicznych oraz reotermokinetycznych efekt\u00f3w wyt\u0119\u017cenia tworzyw podczas obci\u0105\u017ce\u0144 quasi-statycznych oraz okresowo zmiennych. W tej dziedzinie podejmowano tematy i opracowano w\u0142asne oryginalne metody w taki spos\u00f3b, aby z czasem zwi\u0105za\u0142y si\u0119 z sob\u0105 w kompleksowe opracowania od strony fizykalno-strukturalnej badanych zjawisk.<\/p>\n<p>Katedr\u0119 Metaloznawstwa wy\u0142oniono w 1963 roku z Katedry Technologii Metali. Kierownikiemjej by\u0142 prof. dr in\u017c. Zakrzewski, powo\u0142any na to stanowisko w roku 1964.<\/p>\n<p>Pracownicy naukowi Katedry, skupieni nast\u0119pnie w Zak\u0142adzie Metalografii Instytutu, zajmowali si\u0119 problematyk\u0105 kinetyki i mechanizmu przemian w stanie sta\u0142ym metali i ich stop\u00f3w, przy czym przede wszystkim by\u0142y badane stopy miedzi i aluminium. Wyposa\u017cenie w aparatur\u0119 umo\u017cliwia\u0142o prowadzenie bada\u0144 rentgenograficznych i mikroskopii elektronowej.<\/p>\n<p>Podczas reorganizacji Uczelni w roku 1968 Instytut przyj\u0105\u0142 nazw\u0119 Instytutu Materia\u0142oznawstwa i Mechaniki Technicznej.<\/td>\n<\/tr>\n<\/tbody>\n<\/table>\n","protected":false},"excerpt":{"rendered":"<p>Instytut powsta\u0142 w lipcu 1963 roku; w jego sk\u0142ad wchodzi\u0142y katedry Wydzia\u0142u Mechanicznego, a mianowicie Katedra Mechaniki Technicznej i Katedra Metaloznawstwa. Przybra\u0142 wtedy nazw\u0119 Instytut Materia\u0142oznawstwa. Jego organizatorem i pierwszym Dyrektorem zosta\u0142 prof. dr in\u017c. Marek Zakrzewski, przewodnicz\u0105cym Rady Naukowej natomiast prof. dr in\u017c. Jerzy Zawadzki. Nazwiska wszystkich dyrektor\u00f3w Instytutu oraz ich zast\u0119pc\u00f3w ujmuje tabela. &hellip; <a href=\"https:\/\/kmim.wm.pwr.edu.pl\/immt\/instytut-materialoznawstwa-i-mechaniki-technicznej\/historia\/\" class=\"more-link\">Czytaj dalej <span class=\"screen-reader-text\">Historia<\/span> <span class=\"meta-nav\">&rarr;<\/span><\/a><\/p>\n","protected":false},"author":1,"featured_media":0,"parent":10,"menu_order":0,"comment_status":"closed","ping_status":"open","template":"","meta":{"ngg_post_thumbnail":0,"footnotes":""},"class_list":["post-1405","page","type-page","status-publish","hentry"],"publishpress_future_action":{"enabled":false,"date":"2026-04-23 12:09:47","action":"change-status","newStatus":"draft","terms":[],"taxonomy":"language","extraData":[]},"publishpress_future_workflow_manual_trigger":{"enabledWorkflows":[]},"_links":{"self":[{"href":"https:\/\/kmim.wm.pwr.edu.pl\/immt\/wp-json\/wp\/v2\/pages\/1405","targetHints":{"allow":["GET"]}}],"collection":[{"href":"https:\/\/kmim.wm.pwr.edu.pl\/immt\/wp-json\/wp\/v2\/pages"}],"about":[{"href":"https:\/\/kmim.wm.pwr.edu.pl\/immt\/wp-json\/wp\/v2\/types\/page"}],"author":[{"embeddable":true,"href":"https:\/\/kmim.wm.pwr.edu.pl\/immt\/wp-json\/wp\/v2\/users\/1"}],"replies":[{"embeddable":true,"href":"https:\/\/kmim.wm.pwr.edu.pl\/immt\/wp-json\/wp\/v2\/comments?post=1405"}],"version-history":[{"count":1,"href":"https:\/\/kmim.wm.pwr.edu.pl\/immt\/wp-json\/wp\/v2\/pages\/1405\/revisions"}],"predecessor-version":[{"id":1406,"href":"https:\/\/kmim.wm.pwr.edu.pl\/immt\/wp-json\/wp\/v2\/pages\/1405\/revisions\/1406"}],"up":[{"embeddable":true,"href":"https:\/\/kmim.wm.pwr.edu.pl\/immt\/wp-json\/wp\/v2\/pages\/10"}],"wp:attachment":[{"href":"https:\/\/kmim.wm.pwr.edu.pl\/immt\/wp-json\/wp\/v2\/media?parent=1405"}],"curies":[{"name":"wp","href":"https:\/\/api.w.org\/{rel}","templated":true}]}}