{"id":1407,"date":"2003-12-29T11:59:22","date_gmt":"2003-12-29T10:59:22","guid":{"rendered":"http:\/\/kmim.wm.pwr.edu.pl\/immt\/instytut-materialoznawstwa-i-mechaniki-technicznej\/badania-naukowe\/"},"modified":"2014-11-03T17:07:13","modified_gmt":"2014-11-03T16:07:13","slug":"badania-naukowe","status":"publish","type":"page","link":"https:\/\/kmim.wm.pwr.edu.pl\/immt\/instytut-materialoznawstwa-i-mechaniki-technicznej\/badania-naukowe\/","title":{"rendered":"Badania Naukowe"},"content":{"rendered":"<p><strong>Uprawiane dyscypliny naukowe:<\/strong>\u00a0<!--StartFragment --> in\u017cynieria materia\u0142owa, mechanika.<\/p>\n<p><!--StartFragment --><strong>G\u0142\u00f3wne kierunki dzia\u0142alno\u015bci naukowo-badawczej oraz wdro\u017ceniowej:<\/strong>\u00a0mechanika o\u015brodk\u00f3w ci\u0105g\u0142ych i dyskretnych; teoria spr\u0119\u017cysto\u015bci i plastyczno\u015bci; wytrzyma\u0142o\u015b\u0107 materia\u0142\u00f3w i konstrukcji; materia\u0142oznawstwo; reologia.<\/p>\n<p><!--StartFragment -->Instytut posiada\u00a0uprawnienia do nadawania stopni naukowych doktora nauk technicznych w zakresie mechaniki.<\/p>\n<p>Dzia\u0142alno\u015b\u0107 naukowo-badawcza realizowana jest w trzech <a title=\"Zak\u0142ady\" href=\"http:\/\/kmim.wm.pwr.edu.pl\/immt\/instytut-materialoznawstwa-i-mechaniki-technicznej\/badania-naukowe\/zaklady\/\"><strong style=\"font-weight: normal;\">Zak\u0142adach Naukowo-Dydaktycznych<\/strong><\/a>. Zak\u0142ady maj\u0105 do dyspozycji trzy <a title=\"Laboratoria\" href=\"http:\/\/kmim.wm.pwr.edu.pl\/immt\/instytut-materialoznawstwa-i-mechaniki-technicznej\/badania-naukowe\/laboratoria\/\">laboratoria badawcze<\/a> a mianowicie: Dynamiki, Materia\u0142oznawstwa oraz \u015arodowiskowe Laboratorium Mikroskopii Elektronowej. Ka\u017cdy z Zak\u0142ad\u00f3w prowadzi seminarium naukowe.<\/p>\n","protected":false},"excerpt":{"rendered":"<p>Uprawiane dyscypliny naukowe:\u00a0 in\u017cynieria materia\u0142owa, mechanika. G\u0142\u00f3wne kierunki dzia\u0142alno\u015bci naukowo-badawczej oraz wdro\u017ceniowej:\u00a0mechanika o\u015brodk\u00f3w ci\u0105g\u0142ych i dyskretnych; teoria spr\u0119\u017cysto\u015bci i plastyczno\u015bci; wytrzyma\u0142o\u015b\u0107 materia\u0142\u00f3w i konstrukcji; materia\u0142oznawstwo; reologia. Instytut posiada\u00a0uprawnienia do nadawania stopni naukowych doktora nauk technicznych w zakresie mechaniki. Dzia\u0142alno\u015b\u0107 naukowo-badawcza realizowana jest w trzech Zak\u0142adach Naukowo-Dydaktycznych. Zak\u0142ady maj\u0105 do dyspozycji trzy laboratoria badawcze a mianowicie: &hellip; <a href=\"https:\/\/kmim.wm.pwr.edu.pl\/immt\/instytut-materialoznawstwa-i-mechaniki-technicznej\/badania-naukowe\/\" class=\"more-link\">Czytaj dalej <span class=\"screen-reader-text\">Badania Naukowe<\/span> <span class=\"meta-nav\">&rarr;<\/span><\/a><\/p>\n","protected":false},"author":1,"featured_media":0,"parent":10,"menu_order":0,"comment_status":"closed","ping_status":"open","template":"","meta":{"ngg_post_thumbnail":0,"footnotes":""},"class_list":["post-1407","page","type-page","status-publish","hentry"],"publishpress_future_action":{"enabled":false,"date":"2026-04-25 06:33:42","action":"change-status","newStatus":"draft","terms":[],"taxonomy":"language","extraData":[]},"publishpress_future_workflow_manual_trigger":{"enabledWorkflows":[]},"_links":{"self":[{"href":"https:\/\/kmim.wm.pwr.edu.pl\/immt\/wp-json\/wp\/v2\/pages\/1407","targetHints":{"allow":["GET"]}}],"collection":[{"href":"https:\/\/kmim.wm.pwr.edu.pl\/immt\/wp-json\/wp\/v2\/pages"}],"about":[{"href":"https:\/\/kmim.wm.pwr.edu.pl\/immt\/wp-json\/wp\/v2\/types\/page"}],"author":[{"embeddable":true,"href":"https:\/\/kmim.wm.pwr.edu.pl\/immt\/wp-json\/wp\/v2\/users\/1"}],"replies":[{"embeddable":true,"href":"https:\/\/kmim.wm.pwr.edu.pl\/immt\/wp-json\/wp\/v2\/comments?post=1407"}],"version-history":[{"count":2,"href":"https:\/\/kmim.wm.pwr.edu.pl\/immt\/wp-json\/wp\/v2\/pages\/1407\/revisions"}],"predecessor-version":[{"id":1687,"href":"https:\/\/kmim.wm.pwr.edu.pl\/immt\/wp-json\/wp\/v2\/pages\/1407\/revisions\/1687"}],"up":[{"embeddable":true,"href":"https:\/\/kmim.wm.pwr.edu.pl\/immt\/wp-json\/wp\/v2\/pages\/10"}],"wp:attachment":[{"href":"https:\/\/kmim.wm.pwr.edu.pl\/immt\/wp-json\/wp\/v2\/media?parent=1407"}],"curies":[{"name":"wp","href":"https:\/\/api.w.org\/{rel}","templated":true}]}}