{"id":1408,"date":"2003-12-29T12:00:38","date_gmt":"2003-12-29T11:00:38","guid":{"rendered":"http:\/\/kmim.wm.pwr.edu.pl\/immt\/instytut-materialoznawstwa-i-mechaniki-technicznej\/dzialalnosc-dydaktyczna\/"},"modified":"2003-12-29T12:00:38","modified_gmt":"2003-12-29T11:00:38","slug":"dzialalnosc-dydaktyczna","status":"publish","type":"page","link":"https:\/\/kmim.wm.pwr.edu.pl\/immt\/instytut-materialoznawstwa-i-mechaniki-technicznej\/dzialalnosc-dydaktyczna\/","title":{"rendered":"Dzia\u0142alno\u015b\u0107 Dydaktyczna"},"content":{"rendered":"<p><P>Organizacj\u0105 nauczania zajmuj\u0105 si\u0119 dwa Zespo\u0142y Dydaktyczne: Materia\u0142oznawstwa oraz Mechaniki. Instytut kszta\u0142ci student\u00f3w w zakresie szeroko pojmowanych podstaw mechaniki, wytrzyma\u0142o\u015bci materia\u0142\u00f3w i in\u017cynierii materia\u0142owej oraz materia\u0142oznawstwa w tym chemii i fizykochemii materia\u0142\u00f3w. Wyk\u0142ady, \u0107wiczenia rachunkowe i laboratoryjne oraz seminaria prowadzone s\u0105 dla student\u00f3w Wydzia\u0142u Mechanicznego, dla kierunk\u00f3w studi\u00f3w: Mechanika i Budowa Maszyn, Automatyka i Robotyka, In\u017cynieria Materia\u0142owa, Zarz\u0105dzanie i In\u017cynieria Produkcji, Transport oraz w ramach Indywidualnego Toku Studi\u00f3w.<\/P> <P>Ponadto prowadzone s\u0105 zaj\u0119cia dla student\u00f3w Wydzia\u0142\u00f3w: Mechaniczno-Energetycznego, Elektroniki, Elektrycznego, Informatyki i Zarz\u0105dzania, Wydzia\u0142u In\u017cynierii \u015arodowiska oraz&nbsp; Podstawowych Problem\u00f3w Techniki. Odbywaj\u0105 si\u0119 one zar\u00f3wno we Wroc\u0142awiu jak i w Filiach w Jeleniej G\u00f3rze, Legnicy i Wa\u0142brzychu, na studiach dziennych oraz zaocznych.<\/P> <H5>Prowadzone zaj\u0119cia<\/H5> <UL> <LI>Materia\u0142oznawstwo<\/LI> <LI>Mechanika<\/LI> <LI>&#8230;<\/LI><\/UL><\/p>\n","protected":false},"excerpt":{"rendered":"<p>Organizacj\u0105 nauczania zajmuj\u0105 si\u0119 dwa Zespo\u0142y Dydaktyczne: Materia\u0142oznawstwa oraz Mechaniki. Instytut kszta\u0142ci student\u00f3w w zakresie szeroko pojmowanych podstaw mechaniki, wytrzyma\u0142o\u015bci materia\u0142\u00f3w i in\u017cynierii materia\u0142owej oraz materia\u0142oznawstwa w tym chemii i fizykochemii materia\u0142\u00f3w. Wyk\u0142ady, \u0107wiczenia rachunkowe i laboratoryjne oraz seminaria prowadzone s\u0105 dla student\u00f3w Wydzia\u0142u Mechanicznego, dla kierunk\u00f3w studi\u00f3w: Mechanika i Budowa Maszyn, Automatyka i Robotyka, &hellip; <a href=\"https:\/\/kmim.wm.pwr.edu.pl\/immt\/instytut-materialoznawstwa-i-mechaniki-technicznej\/dzialalnosc-dydaktyczna\/\" class=\"more-link\">Czytaj dalej <span class=\"screen-reader-text\">Dzia\u0142alno\u015b\u0107 Dydaktyczna<\/span> <span class=\"meta-nav\">&rarr;<\/span><\/a><\/p>\n","protected":false},"author":1,"featured_media":0,"parent":10,"menu_order":0,"comment_status":"closed","ping_status":"open","template":"","meta":{"ngg_post_thumbnail":0,"footnotes":""},"class_list":["post-1408","page","type-page","status-publish","hentry"],"publishpress_future_action":{"enabled":false,"date":"2026-04-23 20:49:55","action":"change-status","newStatus":"draft","terms":[],"taxonomy":"language","extraData":[]},"publishpress_future_workflow_manual_trigger":{"enabledWorkflows":[]},"_links":{"self":[{"href":"https:\/\/kmim.wm.pwr.edu.pl\/immt\/wp-json\/wp\/v2\/pages\/1408","targetHints":{"allow":["GET"]}}],"collection":[{"href":"https:\/\/kmim.wm.pwr.edu.pl\/immt\/wp-json\/wp\/v2\/pages"}],"about":[{"href":"https:\/\/kmim.wm.pwr.edu.pl\/immt\/wp-json\/wp\/v2\/types\/page"}],"author":[{"embeddable":true,"href":"https:\/\/kmim.wm.pwr.edu.pl\/immt\/wp-json\/wp\/v2\/users\/1"}],"replies":[{"embeddable":true,"href":"https:\/\/kmim.wm.pwr.edu.pl\/immt\/wp-json\/wp\/v2\/comments?post=1408"}],"version-history":[{"count":0,"href":"https:\/\/kmim.wm.pwr.edu.pl\/immt\/wp-json\/wp\/v2\/pages\/1408\/revisions"}],"up":[{"embeddable":true,"href":"https:\/\/kmim.wm.pwr.edu.pl\/immt\/wp-json\/wp\/v2\/pages\/10"}],"wp:attachment":[{"href":"https:\/\/kmim.wm.pwr.edu.pl\/immt\/wp-json\/wp\/v2\/media?parent=1408"}],"curies":[{"name":"wp","href":"https:\/\/api.w.org\/{rel}","templated":true}]}}