{"id":1410,"date":"2003-11-27T09:04:43","date_gmt":"2003-11-27T08:04:43","guid":{"rendered":"http:\/\/kmim.wm.pwr.edu.pl\/immt\/instytut-materialoznawstwa-i-mechaniki-technicznej\/konferencje-organizowane-przez-instytut-materialoznawstwa-i-mechaniki-technicznej\/"},"modified":"2003-11-27T09:04:43","modified_gmt":"2003-11-27T08:04:43","slug":"konferencje-organizowane-przez-instytut-materialoznawstwa-i-mechaniki-technicznej","status":"publish","type":"page","link":"https:\/\/kmim.wm.pwr.edu.pl\/immt\/instytut-materialoznawstwa-i-mechaniki-technicznej\/konferencje-organizowane-przez-instytut-materialoznawstwa-i-mechaniki-technicznej\/","title":{"rendered":"Konferencje organizowane przez Instytut Materia\u0142oznawstwa i Mechaniki Technicznej"},"content":{"rendered":"<p>&nbsp;W roku 2008 organizujemy:<\/p>\n<ul>\n<li><a href=\"http:\/\/sgm.immt.pwr.wroc.pl\/\/index.php?option=com_content&#038;task=blogcategory&#038;id=1&#038;Itemid=22\" target=\"_blank\">V Mi\u0119dzynarodow\u0105 Konferencj\u0119 Materia\u0142\u00f3w Zol-\u017belowych (5th International Conference on Sol-Gel Materials)<\/a><\/li>\n<\/ul>\n<hr style=\"width: 100%; height: 2px;\" \/>\n<p>W roku 2007 organizowa\u0107 b\u0119dziemy:<\/p>\n<ul>\n<li><a target=\"_blank\" href=\"http:\/\/lsmp.immt.pwr.wroc.pl\/\">X Polsko &#8211; Ukrai\u0144sko &#8211; Niemiecka Mi\u0119dzynarodowa Letnia Szko\u0142a Mechaniki P\u0119kania<\/a>.<\/li>\n<\/ul>\n<p>&nbsp;<\/p>\n<hr style=\"width: 100%; height: 2px;\" \/>\n<p \/>\n<p>W roku 2006 organizowali\u015bmy:<\/p>\n<ul>\n<li><a href=\"http:\/\/www.immt.pwr.wroc.pl\/content\/view\/506\/185\/\">Pierwsze Polsko-Czeskie Seminarium Nanomateria\u0142\u00f3w Zol-\u017belowych<\/a> (8-9 lutego 2006)<\/li>\n<li><a href=\"http:\/\/www.immt.pwr.wroc.pl\/content\/view\/562\/189\">7th Bohemians-Saxon-Silesian Mechanics Colloquium<\/a> (16 czerwca, 2006)<\/li>\n<li><a href=\"http:\/\/www.immt.pwr.wroc.pl\/sgm2006\/\">4th International Conference on Sol-Gel Materials<\/a> (18-22.06.2006, Kliczk\u00f3w)<\/li>\n<\/ul>\n<hr style=\"width: 100%; height: 2px;\" \/>\n<p>W roku 2005 organizowali\u015bmy: <\/p>\n<ul>\n<li><a href=\"http:\/\/www.immt.pwr.wroc.pl\/content\/view\/313\/166\/\"> 1st Polish-Finnish Symposium on Functional Sol-Gel Materials<\/a>(wsp\u00f3lnie z Koordynatorem <a target=\"_blank\" href=\"http:\/\/sgmn.immt.pwr.wroc.pl\/\">Centrum Doskona\u0142o\u015bci Sol-Gel Materials and Nanotechnology<\/a>)<br \/><a href=\"http:\/\/sgmn.immt.pwr.wroc.pl\/images\/pl-fi-1st\/web\/\" target=\"_blank\"> Zdj\u0119cia z sympozjum<\/a><\/li>\n<li><a href=\"http:\/\/www.immt.pwr.wroc.pl\/index.php?option=content&#038;task=view&#038;id=468\">Nanotechnologia i materia\u0142y Zol-\u017belowe<\/a> (wsp\u00f3lnie z <a href=\"http:\/\/sgmn.immt.pwr.wroc.pl\/\">Centrum Doskona\u0142o\u015bci Sol-Gel Materials and Nanotechnology<\/a>)<\/li>\n<\/ul>\n<hr style=\"width: 100%; height: 2px;\" \/>\n<p>W roku 2004 organizowane by\u0142y:<\/p>\n<ul>\n<li><a href=\"http:\/\/sgmn.immt.pwr.wroc.pl\/3rdconference.html\">3rd International Conference on Sol-Gel Materials, Wroc\u0142aw 2004<\/a>.<\/li>\n<li>Seminarium <a href=\"http:\/\/recykling.pwr.wroc.pl\/aktualnosci.htm\">Technologie Recyklingu Tworzyw Sztucznych<\/a>.<\/li>\n<\/ul>\n<p align=\"left\">W dniach 24-27 czerwca, we Lwowie odby\u0142a si\u0119 ju\u017c \u00f3sma <a href=\"\/index.php?option=content&#038;task=view&#038;id=19\">Letnia Szko\u0142a Mechaniki P\u0119kania<\/a>.<\/p>\n<p \/>\n<hr \/>\n<p \/>\n<p>W roku 2003 organizowane by\u0142y: <\/p>\n<ul>\n<li>IX Seminarium In\u017cynierii Materia\u0142owej ,,<a href=\"\/seminariumIM\/\"> Programy Bada\u0144 i Kszta\u0142cenia w In\u017cynierii Materia\u0142owej<\/a>&#8221; (18 &#8211; 21 maja); <\/li>\n<li>II Mi\u0119dzynarodowa Konferencja ,,<a target=\"_new\" href=\"http:\/\/smartsite.immt.pwr.wroc.pl\/index\/SolGel\">Sol-Gel Materials 2003<\/a>&#8221; (15-20 czerwca). n <\/li>\n<li>Pierwsza, z cyklu czterech, Konferencja <a target=\"new_\" href=\"http:\/\/smartsite.immt.pwr.wroc.pl\/index\/zagospodarowanie\">Zagospodarowanie Odpad\u00f3w &#8211; Legislacja w Polsce i Unii Europejskiej<\/a> (2 &#8211; 3 pa\u017adziernika) organizowana przez <a target=\"new_\" href=\"http:\/\/smartsite.immt.pwr.wroc.pl\/index\/marec\">Centrum Doskona\u0142o\u015bci Recyklingu Materia\u0142\u00f3w<\/a>. <\/li>\n<li>2nd <a href=\"\/content\/view\/5\/29\/\">Bohemian-Saxon-Silesian Mechanics-Colloquium<\/a> (18 pa\u017adziernika). <\/li>\n<\/ul>\n<hr \/>\n<p>W roku 2002 organizowali\u015bmy III Mi\u0119dzynarodow\u0105 Konferencj\u0119 Naukow\u0105 <a href=\"\/konferencje\/rec2002\/recykling.html\">,,Recykling Tworzyw Sztucznych&#8221;<\/a> R&#8217;2002.<br \/>Jej program znajduje si\u0119 na <a href=\"\/konferencje\/rec2002\/timetable.html\">osobnej stronie<\/a>. <\/p>\n<hr \/>\n<p>W roku 2001 organizowali\u015bmy lub wsp\u00f3\u0142organizowali\u015bmy nast\u0119puj\u0105ce konferencje:<\/p>\n<ol>\n<li><a href=\"\/sgm2001\">International Conference on SOL-GEL MATERIALS (SGM&#8217;2001)<\/a> <\/li>\n<li><a href=\"http:\/\/www.po.opole.pl\/~kmpkm\/ssfm\/index.html\">Letnia szko\u0142a Mechaniki P\u0119kania<\/a> wsp\u00f3lnie z <a href=\"http:\/\/www.po.opole.pl\/\">Politechnik\u0105 Opolsk\u0105<\/a> <\/li>\n<\/ol>\n<hr \/>\n<p>W roku 2000 odby\u0142y si\u0119 nast\u0119puj\u0105ce konferencje:<\/p>\n<ol>\n<li><a href=\"\/konferencje\/konfp.html\">VI Letnia Szko\u0142a Mechaniki P\u0119kania, Drezno 13-16 czerwca 2000<\/a> <\/li>\n<li><a href=\"\/konferencje\/recykling.html\">Recykling Tworzyw Sztucznych<\/a> <\/li>\n<\/ol>\n<p \/>\n<hr \/>\n<p><a href=\"\/content\/view\/19\/46\/\">Historia (i wybrane teksty referat\u00f3w) Letnich Szk\u00f3\u0142 Mechaniki P\u0119kania<\/a><\/p>\n<hr \/>\n<p><a href=\"http:\/\/www.pwr.wroc.pl\/15055.xml\">Inne konferencje<\/a> organizowane przez Politechnik\u0119 Wroc\u0142awsk\u0105 <\/p>\n","protected":false},"excerpt":{"rendered":"<p>&nbsp;W roku 2008 organizujemy: V Mi\u0119dzynarodow\u0105 Konferencj\u0119 Materia\u0142\u00f3w Zol-\u017belowych (5th International Conference on Sol-Gel Materials) W roku 2007 organizowa\u0107 b\u0119dziemy: X Polsko &#8211; Ukrai\u0144sko &#8211; Niemiecka Mi\u0119dzynarodowa Letnia Szko\u0142a Mechaniki P\u0119kania. &nbsp; W roku 2006 organizowali\u015bmy: Pierwsze Polsko-Czeskie Seminarium Nanomateria\u0142\u00f3w Zol-\u017belowych (8-9 lutego 2006) 7th Bohemians-Saxon-Silesian Mechanics Colloquium (16 czerwca, 2006) 4th International Conference on &hellip; <a href=\"https:\/\/kmim.wm.pwr.edu.pl\/immt\/instytut-materialoznawstwa-i-mechaniki-technicznej\/konferencje-organizowane-przez-instytut-materialoznawstwa-i-mechaniki-technicznej\/\" class=\"more-link\">Czytaj dalej <span class=\"screen-reader-text\">Konferencje organizowane przez Instytut Materia\u0142oznawstwa i Mechaniki Technicznej<\/span> <span class=\"meta-nav\">&rarr;<\/span><\/a><\/p>\n","protected":false},"author":1,"featured_media":0,"parent":10,"menu_order":0,"comment_status":"closed","ping_status":"open","template":"","meta":{"ngg_post_thumbnail":0,"footnotes":""},"class_list":["post-1410","page","type-page","status-publish","hentry"],"publishpress_future_action":{"enabled":false,"date":"2026-04-18 18:31:02","action":"change-status","newStatus":"draft","terms":[],"taxonomy":"language","extraData":[]},"publishpress_future_workflow_manual_trigger":{"enabledWorkflows":[]},"_links":{"self":[{"href":"https:\/\/kmim.wm.pwr.edu.pl\/immt\/wp-json\/wp\/v2\/pages\/1410","targetHints":{"allow":["GET"]}}],"collection":[{"href":"https:\/\/kmim.wm.pwr.edu.pl\/immt\/wp-json\/wp\/v2\/pages"}],"about":[{"href":"https:\/\/kmim.wm.pwr.edu.pl\/immt\/wp-json\/wp\/v2\/types\/page"}],"author":[{"embeddable":true,"href":"https:\/\/kmim.wm.pwr.edu.pl\/immt\/wp-json\/wp\/v2\/users\/1"}],"replies":[{"embeddable":true,"href":"https:\/\/kmim.wm.pwr.edu.pl\/immt\/wp-json\/wp\/v2\/comments?post=1410"}],"version-history":[{"count":0,"href":"https:\/\/kmim.wm.pwr.edu.pl\/immt\/wp-json\/wp\/v2\/pages\/1410\/revisions"}],"up":[{"embeddable":true,"href":"https:\/\/kmim.wm.pwr.edu.pl\/immt\/wp-json\/wp\/v2\/pages\/10"}],"wp:attachment":[{"href":"https:\/\/kmim.wm.pwr.edu.pl\/immt\/wp-json\/wp\/v2\/media?parent=1410"}],"curies":[{"name":"wp","href":"https:\/\/api.w.org\/{rel}","templated":true}]}}