{"id":1411,"date":"2014-10-31T19:56:21","date_gmt":"2014-10-31T18:56:21","guid":{"rendered":"http:\/\/kmim.wm.pwr.edu.pl\/immt\/?page_id=1411"},"modified":"2014-10-31T20:48:26","modified_gmt":"2014-10-31T19:48:26","slug":"pracownicy","status":"publish","type":"page","link":"https:\/\/kmim.wm.pwr.edu.pl\/immt\/instytut-materialoznawstwa-i-mechaniki-technicznej\/pracownicy\/","title":{"rendered":"Pracownicy"},"content":{"rendered":"<ol>\n<li>Bogdan Bana\u015b<\/li>\n<li>Karol Baranowski<\/li>\n<li>Agnieszka Baszczuk<\/li>\n<li>Wojciech B\u0142a\u017cejewski<\/li>\n<li>Miros\u0142aw Bocian<\/li>\n<li>Jacek Bomba<\/li>\n<li>Beata Borak<\/li>\n<li>Tomasz Czapli\u0144ski<\/li>\n<li>Julita Czopor<\/li>\n<li>Marian \u0106mikiewicz<\/li>\n<li>W\u0142odzimierz Dudzi\u0144ski<\/li>\n<li>Marian Dziatkiewicz<\/li>\n<li>Bart\u0142omiej Fassa<\/li>\n<li>Magdalena Fassa<\/li>\n<li>Roman Fr\u0105tczak<\/li>\n<li>Stanis\u0142aw Frydman<\/li>\n<li>Aleksandra Gasperowicz<\/li>\n<li>Pawe\u0142 G\u0105sior<\/li>\n<li>Dominika Grygier<\/li>\n<li>Tadeusz Grzegorzewicz<\/li>\n<li>Krystyna Haimann<\/li>\n<li>Mariusz Hasiak<\/li>\n<li>Jan Hejna<\/li>\n<li>Rados\u0142aw Iwankiewicz<\/li>\n<li>Marek Jasiorski<\/li>\n<li>Krzysztof Junik<\/li>\n<li>Jerzy Kaleta<\/li>\n<li>Anna Kami\u0144ska<\/li>\n<li>Wac\u0142aw Kasprzak<\/li>\n<li>\u0141ukasz Konat<\/li>\n<li>Kazimierz Koniarek<\/li>\n<li>Gra\u017cyna Ko\u0144czal<\/li>\n<li>Klaudia Kopczy\u0144ska<\/li>\n<li>R\u00f3\u017ca Kornak<\/li>\n<li>Piotr Kotowski<\/li>\n<li>Katarzyna Koz\u0142owska<\/li>\n<li>Adam Krajczyk<\/li>\n<li>Justyna Krzak<\/li>\n<li>Maciej Kulisiewicz<\/li>\n<li>Bogumi\u0142a Ku\u017anicka<\/li>\n<li>Maciej Lachowicz<\/li>\n<li>Marzena Lachowicz<\/li>\n<li>Grzegorz Lesiuk<\/li>\n<li>Daniel Lewandowski<\/li>\n<li>Anna \u0141ukowiak<\/li>\n<li>\u0141ukasz Maciejewski<\/li>\n<li>Krzysztof Maruszewski<\/li>\n<li>Sylwia Mendel<\/li>\n<li>Ma\u0142gorzata Morawska<\/li>\n<li>Leszek Mroczkowski<\/li>\n<li>Andrzej Mrozek<\/li>\n<li>Wojciech Myszka<\/li>\n<li>Wojciech Nosko<\/li>\n<li>Marian Nowak<\/li>\n<li>Jowita Olszewska<\/li>\n<li>Jan Or\u0142owski<\/li>\n<li>Maciej Panek<\/li>\n<li>Lidia P\u0119kalska<\/li>\n<li>Grzegorz P\u0119kalski<\/li>\n<li>Gra\u017cyna Pierzcha\u0142a<\/li>\n<li>Stanis\u0142aw Piesiak<\/li>\n<li>Monika Plaminiak<\/li>\n<li>Irena P\u0142aczek<\/li>\n<li>Aleksander Przygoda<\/li>\n<li>Malgorzata Rutkowska-Gorczyca<\/li>\n<li>Marek Rybaczuk<\/li>\n<li>Jakub S\u0142owi\u0144ski<\/li>\n<li>Mieczys\u0142aw Szata<\/li>\n<li>Krzysztof Widanka<\/li>\n<li>Przemys\u0142aw Wiewi\u00f3rski<\/li>\n<li>Wojciech Wi\u015bniewski<\/li>\n<li>Piotr Zaj\u0105c<\/li>\n<li>Gra\u017cyna Zi\u0119tek<\/li>\n<li>Bogumi\u0142 Zi\u00f3\u0142kowski<\/li>\n<li>Katarzyna \u017bo\u0142y\u0144ska<\/li>\n<\/ol>\n","protected":false},"excerpt":{"rendered":"<p>Bogdan Bana\u015b Karol Baranowski Agnieszka Baszczuk Wojciech B\u0142a\u017cejewski Miros\u0142aw Bocian Jacek Bomba Beata Borak Tomasz Czapli\u0144ski Julita Czopor Marian \u0106mikiewicz W\u0142odzimierz Dudzi\u0144ski Marian Dziatkiewicz Bart\u0142omiej Fassa Magdalena Fassa Roman Fr\u0105tczak Stanis\u0142aw Frydman Aleksandra Gasperowicz Pawe\u0142 G\u0105sior Dominika Grygier Tadeusz Grzegorzewicz Krystyna Haimann Mariusz Hasiak Jan Hejna Rados\u0142aw Iwankiewicz Marek Jasiorski Krzysztof Junik Jerzy Kaleta Anna &hellip; <a href=\"https:\/\/kmim.wm.pwr.edu.pl\/immt\/instytut-materialoznawstwa-i-mechaniki-technicznej\/pracownicy\/\" class=\"more-link\">Czytaj dalej <span class=\"screen-reader-text\">Pracownicy<\/span> <span class=\"meta-nav\">&rarr;<\/span><\/a><\/p>\n","protected":false},"author":1,"featured_media":0,"parent":10,"menu_order":0,"comment_status":"closed","ping_status":"open","template":"","meta":{"ngg_post_thumbnail":0,"footnotes":""},"class_list":["post-1411","page","type-page","status-publish","hentry"],"publishpress_future_action":{"enabled":false,"date":"2026-04-27 19:17:04","action":"change-status","newStatus":"draft","terms":[],"taxonomy":"language","extraData":[]},"publishpress_future_workflow_manual_trigger":{"enabledWorkflows":[]},"_links":{"self":[{"href":"https:\/\/kmim.wm.pwr.edu.pl\/immt\/wp-json\/wp\/v2\/pages\/1411","targetHints":{"allow":["GET"]}}],"collection":[{"href":"https:\/\/kmim.wm.pwr.edu.pl\/immt\/wp-json\/wp\/v2\/pages"}],"about":[{"href":"https:\/\/kmim.wm.pwr.edu.pl\/immt\/wp-json\/wp\/v2\/types\/page"}],"author":[{"embeddable":true,"href":"https:\/\/kmim.wm.pwr.edu.pl\/immt\/wp-json\/wp\/v2\/users\/1"}],"replies":[{"embeddable":true,"href":"https:\/\/kmim.wm.pwr.edu.pl\/immt\/wp-json\/wp\/v2\/comments?post=1411"}],"version-history":[{"count":4,"href":"https:\/\/kmim.wm.pwr.edu.pl\/immt\/wp-json\/wp\/v2\/pages\/1411\/revisions"}],"predecessor-version":[{"id":1415,"href":"https:\/\/kmim.wm.pwr.edu.pl\/immt\/wp-json\/wp\/v2\/pages\/1411\/revisions\/1415"}],"up":[{"embeddable":true,"href":"https:\/\/kmim.wm.pwr.edu.pl\/immt\/wp-json\/wp\/v2\/pages\/10"}],"wp:attachment":[{"href":"https:\/\/kmim.wm.pwr.edu.pl\/immt\/wp-json\/wp\/v2\/media?parent=1411"}],"curies":[{"name":"wp","href":"https:\/\/api.w.org\/{rel}","templated":true}]}}