{"id":1416,"date":"2004-07-19T22:29:31","date_gmt":"2004-07-19T20:29:31","guid":{"rendered":"http:\/\/kmim.wm.pwr.edu.pl\/immt\/instytut-materialoznawstwa-i-mechaniki-technicznej\/pracownicy\/osobowosci\/"},"modified":"2014-11-03T22:10:10","modified_gmt":"2014-11-03T21:10:10","slug":"osobowosci","status":"publish","type":"page","link":"https:\/\/kmim.wm.pwr.edu.pl\/immt\/instytut-materialoznawstwa-i-mechaniki-technicznej\/pracownicy\/osobowosci\/","title":{"rendered":"Osobowo\u015bci"},"content":{"rendered":"<p>Przedstawiamy sylwetki os\u00f3b wielce zas\u0142u\u017conych w powstanie i dzia\u0142alno\u015b\u0107 naszego Instytutu.<\/p>\n<ul class=\"list-pages-shortcode child-pages\"><li class=\"page_item page-item-1453\"><a href=\"https:\/\/kmim.wm.pwr.edu.pl\/immt\/instytut-materialoznawstwa-i-mechaniki-technicznej\/pracownicy\/osobowosci\/barbara-gabryszewska\/\">Barbara Gabryszewska<\/a><\/li>\n<li class=\"page_item page-item-1452\"><a href=\"https:\/\/kmim.wm.pwr.edu.pl\/immt\/instytut-materialoznawstwa-i-mechaniki-technicznej\/pracownicy\/osobowosci\/bronislaw-okolow\/\">Bronis\u0142aw Oko\u0142\u00f3w<\/a><\/li>\n<li class=\"page_item page-item-1444\"><a href=\"https:\/\/kmim.wm.pwr.edu.pl\/immt\/instytut-materialoznawstwa-i-mechaniki-technicznej\/pracownicy\/osobowosci\/egon-dworzak\/\">Egon Dworzak<\/a><\/li>\n<li class=\"page_item page-item-1455\"><a href=\"https:\/\/kmim.wm.pwr.edu.pl\/immt\/instytut-materialoznawstwa-i-mechaniki-technicznej\/pracownicy\/osobowosci\/ewald-macha\/\">Ewald Macha<\/a><\/li>\n<li class=\"page_item page-item-1447\"><a href=\"https:\/\/kmim.wm.pwr.edu.pl\/immt\/instytut-materialoznawstwa-i-mechaniki-technicznej\/pracownicy\/osobowosci\/jerzy-alfred-zawadzki\/\">Jerzy Alfred Zawadzki<\/a><\/li>\n<li class=\"page_item page-item-1446\"><a href=\"https:\/\/kmim.wm.pwr.edu.pl\/immt\/instytut-materialoznawstwa-i-mechaniki-technicznej\/pracownicy\/osobowosci\/jerzy-henryk-teisseyre\/\">Jerzy Henryk Teisseyre<\/a><\/li>\n<li class=\"page_item page-item-1709\"><a href=\"https:\/\/kmim.wm.pwr.edu.pl\/immt\/instytut-materialoznawstwa-i-mechaniki-technicznej\/pracownicy\/osobowosci\/jerzy-kaleta-2\/\">Jerzy Kaleta<\/a><\/li>\n<li class=\"page_item page-item-1454\"><a href=\"https:\/\/kmim.wm.pwr.edu.pl\/immt\/instytut-materialoznawstwa-i-mechaniki-technicznej\/pracownicy\/osobowosci\/krzysztof-maruszewski\/\">Krzysztof Maruszewski<\/a><\/li>\n<li class=\"page_item page-item-1451\"><a href=\"https:\/\/kmim.wm.pwr.edu.pl\/immt\/instytut-materialoznawstwa-i-mechaniki-technicznej\/pracownicy\/osobowosci\/leszek-golaski\/\">Leszek Go\u0142aski<\/a><\/li>\n<li class=\"page_item page-item-1457\"><a href=\"https:\/\/kmim.wm.pwr.edu.pl\/immt\/instytut-materialoznawstwa-i-mechaniki-technicznej\/pracownicy\/osobowosci\/maciej-kulisiewicz\/\">Maciej Kulisiewicz<\/a><\/li>\n<li class=\"page_item page-item-1460\"><a href=\"https:\/\/kmim.wm.pwr.edu.pl\/immt\/instytut-materialoznawstwa-i-mechaniki-technicznej\/pracownicy\/osobowosci\/marek-zakrzewski\/\">Marek Zakrzewski<\/a><\/li>\n<li class=\"page_item page-item-1456\"><a href=\"https:\/\/kmim.wm.pwr.edu.pl\/immt\/instytut-materialoznawstwa-i-mechaniki-technicznej\/pracownicy\/osobowosci\/radoslaw-iwankiewicz\/\">Rados\u0142aw Iwankiewicz<\/a><\/li>\n<li class=\"page_item page-item-1459\"><a href=\"https:\/\/kmim.wm.pwr.edu.pl\/immt\/instytut-materialoznawstwa-i-mechaniki-technicznej\/pracownicy\/osobowosci\/rudolf-haimann\/\">Rudolf Haimann<\/a><\/li>\n<li class=\"page_item page-item-1449\"><a href=\"https:\/\/kmim.wm.pwr.edu.pl\/immt\/instytut-materialoznawstwa-i-mechaniki-technicznej\/pracownicy\/osobowosci\/ryszard-zuchowski\/\">Ryszard \u017buchowski<\/a><\/li>\n<li class=\"page_item page-item-1445\"><a href=\"https:\/\/kmim.wm.pwr.edu.pl\/immt\/instytut-materialoznawstwa-i-mechaniki-technicznej\/pracownicy\/osobowosci\/stanislaw-bodaszewski\/\">Stanis\u0142aw Bodaszewski<\/a><\/li>\n<li class=\"page_item page-item-1450\"><a href=\"https:\/\/kmim.wm.pwr.edu.pl\/immt\/instytut-materialoznawstwa-i-mechaniki-technicznej\/pracownicy\/osobowosci\/stanislaw-gladysz\/\">Stanis\u0142aw G\u0142adysz<\/a><\/li>\n<li class=\"page_item page-item-1458\"><a href=\"https:\/\/kmim.wm.pwr.edu.pl\/immt\/instytut-materialoznawstwa-i-mechaniki-technicznej\/pracownicy\/osobowosci\/stanislaw-piesiak\/\">Stanis\u0142aw Piesiak<\/a><\/li>\n<li class=\"page_item page-item-1448\"><a href=\"https:\/\/kmim.wm.pwr.edu.pl\/immt\/instytut-materialoznawstwa-i-mechaniki-technicznej\/pracownicy\/osobowosci\/tadeusz-porebski\/\">Tadeusz Por\u0119bski<\/a><\/li>\n<li class=\"page_item page-item-1461\"><a href=\"https:\/\/kmim.wm.pwr.edu.pl\/immt\/instytut-materialoznawstwa-i-mechaniki-technicznej\/pracownicy\/osobowosci\/zdzislaw-gabryszewski\/\">Zdzis\u0142aw Gabryszewski<\/a><\/li>\n<\/ul>\n","protected":false},"excerpt":{"rendered":"<p>Przedstawiamy sylwetki os\u00f3b wielce zas\u0142u\u017conych w powstanie i dzia\u0142alno\u015b\u0107 naszego Instytutu.<\/p>\n","protected":false},"author":1,"featured_media":0,"parent":1411,"menu_order":0,"comment_status":"closed","ping_status":"open","template":"","meta":{"ngg_post_thumbnail":0,"footnotes":""},"class_list":["post-1416","page","type-page","status-publish","hentry"],"publishpress_future_action":{"enabled":false,"date":"2026-04-21 21:12:34","action":"change-status","newStatus":"draft","terms":[],"taxonomy":"language","extraData":[]},"publishpress_future_workflow_manual_trigger":{"enabledWorkflows":[]},"_links":{"self":[{"href":"https:\/\/kmim.wm.pwr.edu.pl\/immt\/wp-json\/wp\/v2\/pages\/1416","targetHints":{"allow":["GET"]}}],"collection":[{"href":"https:\/\/kmim.wm.pwr.edu.pl\/immt\/wp-json\/wp\/v2\/pages"}],"about":[{"href":"https:\/\/kmim.wm.pwr.edu.pl\/immt\/wp-json\/wp\/v2\/types\/page"}],"author":[{"embeddable":true,"href":"https:\/\/kmim.wm.pwr.edu.pl\/immt\/wp-json\/wp\/v2\/users\/1"}],"replies":[{"embeddable":true,"href":"https:\/\/kmim.wm.pwr.edu.pl\/immt\/wp-json\/wp\/v2\/comments?post=1416"}],"version-history":[{"count":2,"href":"https:\/\/kmim.wm.pwr.edu.pl\/immt\/wp-json\/wp\/v2\/pages\/1416\/revisions"}],"predecessor-version":[{"id":1735,"href":"https:\/\/kmim.wm.pwr.edu.pl\/immt\/wp-json\/wp\/v2\/pages\/1416\/revisions\/1735"}],"up":[{"embeddable":true,"href":"https:\/\/kmim.wm.pwr.edu.pl\/immt\/wp-json\/wp\/v2\/pages\/1411"}],"wp:attachment":[{"href":"https:\/\/kmim.wm.pwr.edu.pl\/immt\/wp-json\/wp\/v2\/media?parent=1416"}],"curies":[{"name":"wp","href":"https:\/\/api.w.org\/{rel}","templated":true}]}}