{"id":1418,"date":"2004-01-04T20:45:48","date_gmt":"2004-01-04T19:45:48","guid":{"rendered":"http:\/\/kmim.wm.pwr.edu.pl\/immt\/instytut-materialoznawstwa-i-mechaniki-technicznej\/historia\/rudolf-haimann\/"},"modified":"2014-11-03T20:23:03","modified_gmt":"2014-11-03T19:23:03","slug":"rudolf-haimann","status":"publish","type":"page","link":"https:\/\/kmim.wm.pwr.edu.pl\/immt\/instytut-materialoznawstwa-i-mechaniki-technicznej\/historia\/rudolf-haimann\/","title":{"rendered":"Rudolf Haimann"},"content":{"rendered":"<p><a href=\"http:\/\/kmim.wm.pwr.edu.pl\/immt\/wp-content\/uploads\/sites\/58\/2004\/01\/z05.jpg\"><img loading=\"lazy\" decoding=\"async\" class=\"alignright size-full wp-image-1716\" src=\"http:\/\/kmim.wm.pwr.edu.pl\/immt\/wp-content\/uploads\/sites\/58\/2004\/01\/z05.jpg\" alt=\"z05\" width=\"130\" height=\"97\" \/><\/a>Urodzi\u0142 si\u0119 24.03.1921 r. w Micha\u0142kowicach (powiat Katowice). W roku 1937 uzyska\u0142 ma\u0142\u0105 matur\u0119 i rozpocz\u0105\u0142 nauk\u0119 w Liceum Mechanicznym w \u015al\u0105skich Technicznych Zak\u0142adach Naukowych w Katowicach. Wojna spowodowa\u0142a, \u017ce liceum to uko\u0144czy\u0142 w 1945 roku. W latach 1945-1950 studiowa\u0142 na Wydziale Mechanicznym Politechniki Wroc\u0142awskiej. Studia uko\u0144czy\u0142 w roku 1950 uzyskuj\u0105c tytu\u0142 magistra in\u017cyniera mechanika.<\/p>\n<p>Od roku 1948 pracowa\u0142 w Katedrze Technologii Metali Politechniki Wroc\u0142awskiej, pierwotnie jako zast\u0119pca asystenta, nast\u0119pnie jako asystent (1949), adiunkt (1954). W roku 1962 uzyska\u0142 tytu\u0142 doktora nauk technicznych. W roku 1968 zosta\u0142 mianowany docentem w Instytucie Materia\u0142oznawstwa i Mechaniki Technicznej i Kierownikiem Zak\u0142adu Metaloznawstwa w tym Instytucie. Specjalizowa\u0142 si\u0119 w metaloznawstwie.<\/p>\n<p>Pe\u0142ni\u0142 liczne funkcje na Wydziale i w Uczelni. W latach 1956-1958 by\u0142 prodziekanem Wydzia\u0142u Mechanizacji Rolnictwa, 1982-1984 prorektorem ds. wsp\u00f3\u0142pracy z zagranic\u0105 Politechniki Wroc\u0142awskiej, w latach 1968-1974 zast\u0119pc\u0105 dyrektora Instytutu ds. wsp\u00f3\u0142pracy z przemys\u0142em, od 1975-1981 i od 1984-1987 zast\u0119pc\u0105 dyrektora Instytutu ds. dydaktyki, w latach 1987-1990 dyrektorem Instytutu Materia\u0142oznawstwa i Mechaniki Technicznej.<\/p>\n<p>Jest autorem i wsp\u00f3\u0142autorem kilkudziesi\u0119ciu publikacji naukowych, autorem podr\u0119cznika akademickiego, <a href=\"http:\/\/www.immt.pwr.wroc.pl\/component\/option,com_docman\/Itemid,137\/task,view_category\/catid,52\/order,dmdate_published\/ascdesc,DESC\/\">dw\u00f3ch wyda\u0144 skryptu<\/a>, promotorem 12 doktorat\u00f3w.<\/p>\n<p>Przeszed\u0142 na emerytur\u0119 w roku 1991.<\/p>\n<p><b>Zmar\u0142 8 maja 1996 roku.<\/b><\/p>\n","protected":false},"excerpt":{"rendered":"<p>Urodzi\u0142 si\u0119 24.03.1921 r. w Micha\u0142kowicach (powiat Katowice). W roku 1937 uzyska\u0142 ma\u0142\u0105 matur\u0119 i rozpocz\u0105\u0142 nauk\u0119 w Liceum Mechanicznym w \u015al\u0105skich Technicznych Zak\u0142adach Naukowych w Katowicach. Wojna spowodowa\u0142a, \u017ce liceum to uko\u0144czy\u0142 w 1945 roku. W latach 1945-1950 studiowa\u0142 na Wydziale Mechanicznym Politechniki Wroc\u0142awskiej. Studia uko\u0144czy\u0142 w roku 1950 uzyskuj\u0105c tytu\u0142 magistra in\u017cyniera mechanika. &hellip; <a href=\"https:\/\/kmim.wm.pwr.edu.pl\/immt\/instytut-materialoznawstwa-i-mechaniki-technicznej\/historia\/rudolf-haimann\/\" class=\"more-link\">Czytaj dalej <span class=\"screen-reader-text\">Rudolf Haimann<\/span> <span class=\"meta-nav\">&rarr;<\/span><\/a><\/p>\n","protected":false},"author":1,"featured_media":0,"parent":1405,"menu_order":0,"comment_status":"closed","ping_status":"open","template":"","meta":{"ngg_post_thumbnail":0,"footnotes":""},"class_list":["post-1418","page","type-page","status-publish","hentry"],"publishpress_future_action":{"enabled":false,"date":"2026-05-07 04:54:42","action":"change-status","newStatus":"draft","terms":[],"taxonomy":"language","extraData":[]},"publishpress_future_workflow_manual_trigger":{"enabledWorkflows":[]},"_links":{"self":[{"href":"https:\/\/kmim.wm.pwr.edu.pl\/immt\/wp-json\/wp\/v2\/pages\/1418","targetHints":{"allow":["GET"]}}],"collection":[{"href":"https:\/\/kmim.wm.pwr.edu.pl\/immt\/wp-json\/wp\/v2\/pages"}],"about":[{"href":"https:\/\/kmim.wm.pwr.edu.pl\/immt\/wp-json\/wp\/v2\/types\/page"}],"author":[{"embeddable":true,"href":"https:\/\/kmim.wm.pwr.edu.pl\/immt\/wp-json\/wp\/v2\/users\/1"}],"replies":[{"embeddable":true,"href":"https:\/\/kmim.wm.pwr.edu.pl\/immt\/wp-json\/wp\/v2\/comments?post=1418"}],"version-history":[{"count":1,"href":"https:\/\/kmim.wm.pwr.edu.pl\/immt\/wp-json\/wp\/v2\/pages\/1418\/revisions"}],"predecessor-version":[{"id":1717,"href":"https:\/\/kmim.wm.pwr.edu.pl\/immt\/wp-json\/wp\/v2\/pages\/1418\/revisions\/1717"}],"up":[{"embeddable":true,"href":"https:\/\/kmim.wm.pwr.edu.pl\/immt\/wp-json\/wp\/v2\/pages\/1405"}],"wp:attachment":[{"href":"https:\/\/kmim.wm.pwr.edu.pl\/immt\/wp-json\/wp\/v2\/media?parent=1418"}],"curies":[{"name":"wp","href":"https:\/\/api.w.org\/{rel}","templated":true}]}}