{"id":1419,"date":"2004-05-16T21:36:42","date_gmt":"2004-05-16T19:36:42","guid":{"rendered":"http:\/\/kmim.wm.pwr.edu.pl\/immt\/instytut-materialoznawstwa-i-mechaniki-technicznej\/historia\/marek-zakrzewski\/"},"modified":"2014-11-03T20:21:36","modified_gmt":"2014-11-03T19:21:36","slug":"marek-zakrzewski","status":"publish","type":"page","link":"https:\/\/kmim.wm.pwr.edu.pl\/immt\/instytut-materialoznawstwa-i-mechaniki-technicznej\/historia\/marek-zakrzewski\/","title":{"rendered":"Marek Zakrzewski"},"content":{"rendered":"<p><a href=\"http:\/\/kmim.wm.pwr.edu.pl\/immt\/wp-content\/uploads\/sites\/58\/2004\/05\/za_.jpg\"><img loading=\"lazy\" decoding=\"async\" class=\"alignright size-full wp-image-1713\" src=\"http:\/\/kmim.wm.pwr.edu.pl\/immt\/wp-content\/uploads\/sites\/58\/2004\/05\/za_.jpg\" alt=\"za_\" width=\"130\" height=\"180\" \/><\/a>Urodzi\u0142 si\u0119 13.06.1923 roku we Lwowie. W roku 1942 uko\u0144czy\u0142 szko\u0142\u0119 \u015bredni\u0105 i rozpocz\u0105\u0142 studia na Politechnice Lwowskiej. Studia uko\u0144czy\u0142 w Akademii G\u00f3rniczej w Krakowie, uzyskuj\u0105c tytu\u0142 in\u017cyniera mechanika w 1947 roku. Prac\u0119 w Politechnice Wroc\u0142awskiej podj\u0105\u0142 01.07.1946 roku jako asystent na Wydziale Mechaniczno-Elektrotechnicznym, pocz\u0105tkowo w Katedrze Element\u00f3w Maszyn, nast\u0119pnie Laboratorium Wytrzyma\u0142o\u015bciowym i Instytucie Materia\u0142oznawstwa i Mechaniki Technicznej. W roku 1954 zosta\u0142 kandydatem nauk, w latach 1953-1959 by\u0142 zast\u0119pc\u0105 profesora, docentem w latach 1959-1962. W roku 1962 otrzyma\u0142 tytu\u0142 profesora nadzwyczajnego. Profesorem zwyczajnym zosta\u0142 mianowany w roku 1969.<\/p>\n<p>&nbsp;<\/p>\n<p>Specjalizowa\u0142 si\u0119 w wytrzyma\u0142o\u015bci materia\u0142\u00f3w. Zajmowa\u0142 si\u0119 fizykalnymi aspektami wytrzyma\u0142o\u015bci materia\u0142\u00f3w i problemami dekohezji &#8211; tw\u00f3rca hipotez Zakrzewskiego (hipoteza z\u0142omu kruchego).<\/p>\n<p>Pe\u0142ni\u0142 liczne funkcje. W latach 1951-1953 by\u0142 kierownikiem Laboratorium Wytrzyma\u0142o\u015bciowego, kierownikiem Katedry Metaloznawstwa w latach 1964-1968, dyrektorem Instytutu Materia\u0142oznawstwa i Mechaniki Technicznej w latach 1963-1971 i 1981-1984, dziekanem Wydzia\u0142u Mechanizacji Rolnictwa w latach 1956- 1958, dziekanem Wydzia\u0142u Mechanicznego w latach 1958-1964, rzecznikiem dyscyplinarnym Uczelni w latach 1958-1970, kierownikiem Zak\u0142adu Wytrzyma\u0142o\u015bci w latach 1972-1975, cz\u0142onkiem Zespo\u0142u Dydaktyczno-Naukowego MECHANIKA przy Ministerstwie Nauki Szkolnictwa Wy\u017cszego i Techniki w latach 1961-1983, przewodnicz\u0105cym Zwi\u0105zku Nauczycielstwa Polskiego przy PWr w latach 1955-l956, cz\u0142onek PTMTS, Wroc\u0142awskiego Towarzystwa Naukowego i innych. Pod Jego kierownictwem i z Jego inicjatywy opracowano na pocz\u0105tku lat sze\u015b\u0107dziesi\u0105tych projekt przebudowy Wydzia\u0142u Mechanicznego (organizacja instytutowa), jako Dziekan Wydzia\u0142u kierowa\u0142 jego wdro\u017ceniem.<\/p>\n<p>Jest autorem ponad 70 publikacji w czasopismach krajowych i zagranicznych, 5 opracowa\u0144 ksi\u0105\u017ckowych, licznych patent\u00f3w u\u017cytkowych, promotor 13 doktorat\u00f3w. Przeszed\u0142 na emerytur\u0119 01.10.1984 roku.<\/p>\n<p><b>Zmar\u0142 19 stycznia 1996 roku.<\/b><\/p>\n","protected":false},"excerpt":{"rendered":"<p>Urodzi\u0142 si\u0119 13.06.1923 roku we Lwowie. W roku 1942 uko\u0144czy\u0142 szko\u0142\u0119 \u015bredni\u0105 i rozpocz\u0105\u0142 studia na Politechnice Lwowskiej. Studia uko\u0144czy\u0142 w Akademii G\u00f3rniczej w Krakowie, uzyskuj\u0105c tytu\u0142 in\u017cyniera mechanika w 1947 roku. Prac\u0119 w Politechnice Wroc\u0142awskiej podj\u0105\u0142 01.07.1946 roku jako asystent na Wydziale Mechaniczno-Elektrotechnicznym, pocz\u0105tkowo w Katedrze Element\u00f3w Maszyn, nast\u0119pnie Laboratorium Wytrzyma\u0142o\u015bciowym i Instytucie Materia\u0142oznawstwa &hellip; <a href=\"https:\/\/kmim.wm.pwr.edu.pl\/immt\/instytut-materialoznawstwa-i-mechaniki-technicznej\/historia\/marek-zakrzewski\/\" class=\"more-link\">Czytaj dalej <span class=\"screen-reader-text\">Marek Zakrzewski<\/span> <span class=\"meta-nav\">&rarr;<\/span><\/a><\/p>\n","protected":false},"author":1,"featured_media":0,"parent":1405,"menu_order":0,"comment_status":"closed","ping_status":"open","template":"","meta":{"ngg_post_thumbnail":0,"footnotes":""},"class_list":["post-1419","page","type-page","status-publish","hentry"],"publishpress_future_action":{"enabled":false,"date":"2026-04-24 14:24:28","action":"change-status","newStatus":"draft","terms":[],"taxonomy":"language","extraData":[]},"publishpress_future_workflow_manual_trigger":{"enabledWorkflows":[]},"_links":{"self":[{"href":"https:\/\/kmim.wm.pwr.edu.pl\/immt\/wp-json\/wp\/v2\/pages\/1419","targetHints":{"allow":["GET"]}}],"collection":[{"href":"https:\/\/kmim.wm.pwr.edu.pl\/immt\/wp-json\/wp\/v2\/pages"}],"about":[{"href":"https:\/\/kmim.wm.pwr.edu.pl\/immt\/wp-json\/wp\/v2\/types\/page"}],"author":[{"embeddable":true,"href":"https:\/\/kmim.wm.pwr.edu.pl\/immt\/wp-json\/wp\/v2\/users\/1"}],"replies":[{"embeddable":true,"href":"https:\/\/kmim.wm.pwr.edu.pl\/immt\/wp-json\/wp\/v2\/comments?post=1419"}],"version-history":[{"count":1,"href":"https:\/\/kmim.wm.pwr.edu.pl\/immt\/wp-json\/wp\/v2\/pages\/1419\/revisions"}],"predecessor-version":[{"id":1714,"href":"https:\/\/kmim.wm.pwr.edu.pl\/immt\/wp-json\/wp\/v2\/pages\/1419\/revisions\/1714"}],"up":[{"embeddable":true,"href":"https:\/\/kmim.wm.pwr.edu.pl\/immt\/wp-json\/wp\/v2\/pages\/1405"}],"wp:attachment":[{"href":"https:\/\/kmim.wm.pwr.edu.pl\/immt\/wp-json\/wp\/v2\/media?parent=1419"}],"curies":[{"name":"wp","href":"https:\/\/api.w.org\/{rel}","templated":true}]}}