{"id":1420,"date":"2004-05-16T22:24:41","date_gmt":"2004-05-16T20:24:41","guid":{"rendered":"http:\/\/kmim.wm.pwr.edu.pl\/immt\/instytut-materialoznawstwa-i-mechaniki-technicznej\/historia\/zdzislaw-gabryszewski\/"},"modified":"2014-11-04T09:40:12","modified_gmt":"2014-11-04T08:40:12","slug":"zdzislaw-gabryszewski","status":"publish","type":"page","link":"https:\/\/kmim.wm.pwr.edu.pl\/immt\/instytut-materialoznawstwa-i-mechaniki-technicznej\/historia\/zdzislaw-gabryszewski\/","title":{"rendered":"Zdzis\u0142aw Gabryszewski"},"content":{"rendered":"<p><a href=\"http:\/\/kmim.wm.pwr.edu.pl\/immt\/wp-content\/uploads\/sites\/58\/2004\/05\/gabryszewski.jpg\"><img loading=\"lazy\" decoding=\"async\" class=\"alignright size-full wp-image-1754\" src=\"http:\/\/kmim.wm.pwr.edu.pl\/immt\/wp-content\/uploads\/sites\/58\/2004\/05\/gabryszewski.jpg\" alt=\"gabryszewski\" width=\"250\" height=\"324\" srcset=\"https:\/\/kmim.wm.pwr.edu.pl\/immt\/wp-content\/uploads\/sites\/58\/2004\/05\/gabryszewski.jpg 250w, https:\/\/kmim.wm.pwr.edu.pl\/immt\/wp-content\/uploads\/sites\/58\/2004\/05\/gabryszewski-231x300.jpg 231w\" sizes=\"auto, (max-width: 250px) 100vw, 250px\" \/><\/a>Urodzi\u0142 si\u0119 18.03.1930 roku w Szczarze, powiat S\u0142onim. \u015awiadectwo dojrza\u0142o\u015bci uzyska\u0142 w roku 1950 we Wroc\u0142awiu. W\u00a0latach 1950-1956 studiowa\u0142 na Wydziale Mechanicznym Politechniki Wroc\u0142awskiej, uzyskuj\u0105c w 1956 roku tytu\u0142 magistra in\u017cyniera mechanika w specjalno\u015bci technologia budowy maszyn. W czasie studi\u00f3w w roku 1953 rozpocz\u0105\u0142 prac\u0119 w Katedrze Mechaniki Technicznej na stanowisku zast\u0119pcy asystenta, nast\u0119pnie asystenta (1954-1956), starszego asystenta (1956-1962). W roku 1962 uzyska\u0142 stopie\u0144 doktora nauk technicznych i zosta\u0142 mianowany adiunktem. Stopie\u0144 doktora habilitowanego uzyska\u0142 w roku 1968. Tytu\u0142 profesora nadzwyczajnego otrzyma\u0142 w 1982 roku, a w 1994 stanowisko profesora zwyczajnego.<\/p>\n<p>Zajmowa\u0142 si\u0119 zale\u017cno\u015bci\u0105 chwilowych warunk\u00f3w plastyczno\u015bci i r\u00f3wnaniami konstytutywnymi cia\u0142 o granicach zale\u017cnych od znaku.<\/p>\n<p>Pe\u0142ni\u0142 liczne funkcje na Wydziale i w Instytucie. W latach 1966-1976 by\u0142 kierownikiem Zak\u0142adu Teorii Spr\u0119\u017cysto\u015bci i Plastyczno\u015bci, zast\u0119pc\u0105 dyrektora Instytutu ds. dydaktyki (1970 -1972), dyrektorem Instytutu Materia\u0142oznawstwa i Mechaniki Technicznej w latach 1972-1981 i 1984-1987, dziekanem Wydzia\u0142u Mechanicznego w latach 1987-1990. W latach 1983 -1989 by\u0142 cz\u0142onkiem Zespo\u0142u Dydaktyczno-Naukowego Mechanika. W latach 1987-1993 by\u0142 cz\u0142onkiem Komitetu Mechaniki PAN.<\/p>\n<p>By\u0142 autorem ponad 50 prac publikowanych w czasopismach krajowych i zagranicznych, 6 skrypt\u00f3w, 1 podr\u0119cznika akademickiego oraz promotorem 6 doktorat\u00f3w.<\/p>\n<p>Zmar\u0142 29 sierpnia 2005.<\/p>\n","protected":false},"excerpt":{"rendered":"<p>Urodzi\u0142 si\u0119 18.03.1930 roku w Szczarze, powiat S\u0142onim. \u015awiadectwo dojrza\u0142o\u015bci uzyska\u0142 w roku 1950 we Wroc\u0142awiu. W\u00a0latach 1950-1956 studiowa\u0142 na Wydziale Mechanicznym Politechniki Wroc\u0142awskiej, uzyskuj\u0105c w 1956 roku tytu\u0142 magistra in\u017cyniera mechanika w specjalno\u015bci technologia budowy maszyn. W czasie studi\u00f3w w roku 1953 rozpocz\u0105\u0142 prac\u0119 w Katedrze Mechaniki Technicznej na stanowisku zast\u0119pcy asystenta, nast\u0119pnie asystenta &hellip; <a href=\"https:\/\/kmim.wm.pwr.edu.pl\/immt\/instytut-materialoznawstwa-i-mechaniki-technicznej\/historia\/zdzislaw-gabryszewski\/\" class=\"more-link\">Czytaj dalej <span class=\"screen-reader-text\">Zdzis\u0142aw Gabryszewski<\/span> <span class=\"meta-nav\">&rarr;<\/span><\/a><\/p>\n","protected":false},"author":1,"featured_media":0,"parent":1405,"menu_order":0,"comment_status":"closed","ping_status":"open","template":"","meta":{"ngg_post_thumbnail":0,"footnotes":""},"class_list":["post-1420","page","type-page","status-publish","hentry"],"publishpress_future_action":{"enabled":false,"date":"2026-04-20 19:27:19","action":"change-status","newStatus":"draft","terms":[],"taxonomy":"language","extraData":[]},"publishpress_future_workflow_manual_trigger":{"enabledWorkflows":[]},"_links":{"self":[{"href":"https:\/\/kmim.wm.pwr.edu.pl\/immt\/wp-json\/wp\/v2\/pages\/1420","targetHints":{"allow":["GET"]}}],"collection":[{"href":"https:\/\/kmim.wm.pwr.edu.pl\/immt\/wp-json\/wp\/v2\/pages"}],"about":[{"href":"https:\/\/kmim.wm.pwr.edu.pl\/immt\/wp-json\/wp\/v2\/types\/page"}],"author":[{"embeddable":true,"href":"https:\/\/kmim.wm.pwr.edu.pl\/immt\/wp-json\/wp\/v2\/users\/1"}],"replies":[{"embeddable":true,"href":"https:\/\/kmim.wm.pwr.edu.pl\/immt\/wp-json\/wp\/v2\/comments?post=1420"}],"version-history":[{"count":1,"href":"https:\/\/kmim.wm.pwr.edu.pl\/immt\/wp-json\/wp\/v2\/pages\/1420\/revisions"}],"predecessor-version":[{"id":1755,"href":"https:\/\/kmim.wm.pwr.edu.pl\/immt\/wp-json\/wp\/v2\/pages\/1420\/revisions\/1755"}],"up":[{"embeddable":true,"href":"https:\/\/kmim.wm.pwr.edu.pl\/immt\/wp-json\/wp\/v2\/pages\/1405"}],"wp:attachment":[{"href":"https:\/\/kmim.wm.pwr.edu.pl\/immt\/wp-json\/wp\/v2\/media?parent=1420"}],"curies":[{"name":"wp","href":"https:\/\/api.w.org\/{rel}","templated":true}]}}