{"id":1422,"date":"2003-12-29T09:10:29","date_gmt":"2003-12-29T08:10:29","guid":{"rendered":"http:\/\/kmim.wm.pwr.edu.pl\/immt\/instytut-materialoznawstwa-i-mechaniki-technicznej\/badania-naukowe\/laboratoria\/"},"modified":"2014-11-02T20:27:15","modified_gmt":"2014-11-02T19:27:15","slug":"laboratoria","status":"publish","type":"page","link":"https:\/\/kmim.wm.pwr.edu.pl\/immt\/instytut-materialoznawstwa-i-mechaniki-technicznej\/badania-naukowe\/laboratoria\/","title":{"rendered":"Laboratoria"},"content":{"rendered":"<p>W Instytucie dzia\u0142aj\u0105 nast\u0119puj\u0105ce laboratoria:<\/p>\n<ol>\n<ol>\n<li>Laboratorium Dynamiki<\/li>\n<li>Laboratorium Materia\u0142oznawstwa,<\/li>\n<li>\u015arodowiskowe Laboratorium Mikroskopii Elektronowej,<\/li>\n<li>Laboratorium Materia\u0142\u00f3w Zol-\u017belowych i Nanotechnologii,<\/li>\n<\/ol>\n<\/ol>\n<p><!--\n\t\n\n<li>Laboratorium Recyklingu Materia\u0142\u00f3w<\/li>\n\n\n--><\/p>\n<p>w stadium organizacji znajduje si\u0119 Laboratorium Badawcze Materia\u0142\u00f3w Konstrukcyjnych (akredytowane zgodnie z norm\u0105 PN-EN ISO-17025:2002)<\/p>\n<ul class=\"list-pages-shortcode child-pages\"><li class=\"page_item page-item-1441 page_item_has_children\"><a href=\"https:\/\/kmim.wm.pwr.edu.pl\/immt\/instytut-materialoznawstwa-i-mechaniki-technicznej\/badania-naukowe\/laboratoria\/laboratorium-dynamiki\/\">Laboratorium Dynamiki<\/a><\/li>\n<li class=\"page_item page-item-1440 page_item_has_children\"><a href=\"https:\/\/kmim.wm.pwr.edu.pl\/immt\/instytut-materialoznawstwa-i-mechaniki-technicznej\/badania-naukowe\/laboratoria\/laboratorium-materialow-zol-zelowych-i-nanotechnologii-dczt\/\">Laboratorium Materia\u0142\u00f3w Zol-\u017belowych i Nanotechnologii DCZT<\/a><\/li>\n<li class=\"page_item page-item-1442 page_item_has_children\"><a href=\"https:\/\/kmim.wm.pwr.edu.pl\/immt\/instytut-materialoznawstwa-i-mechaniki-technicznej\/badania-naukowe\/laboratoria\/laboratorium-materialoznawstwa\/\">Laboratorium Materia\u0142oznawstwa<\/a><\/li>\n<li class=\"page_item page-item-1443 page_item_has_children\"><a href=\"https:\/\/kmim.wm.pwr.edu.pl\/immt\/instytut-materialoznawstwa-i-mechaniki-technicznej\/badania-naukowe\/laboratoria\/srodowiskowe-laboratorium-mikroskopii-elektronowej\/\">\u015arodowiskowe Laboratorium Mikroskopii Elektronowej<\/a><\/li>\n<\/ul>\n","protected":false},"excerpt":{"rendered":"<p>W Instytucie dzia\u0142aj\u0105 nast\u0119puj\u0105ce laboratoria: Laboratorium Dynamiki Laboratorium Materia\u0142oznawstwa, \u015arodowiskowe Laboratorium Mikroskopii Elektronowej, Laboratorium Materia\u0142\u00f3w Zol-\u017belowych i Nanotechnologii, w stadium organizacji znajduje si\u0119 Laboratorium Badawcze Materia\u0142\u00f3w Konstrukcyjnych (akredytowane zgodnie z norm\u0105 PN-EN ISO-17025:2002)<\/p>\n","protected":false},"author":1,"featured_media":0,"parent":1407,"menu_order":0,"comment_status":"closed","ping_status":"open","template":"","meta":{"ngg_post_thumbnail":0,"footnotes":""},"class_list":["post-1422","page","type-page","status-publish","hentry"],"publishpress_future_action":{"enabled":false,"date":"2026-04-26 17:04:09","action":"change-status","newStatus":"draft","terms":[],"taxonomy":"language","extraData":[]},"publishpress_future_workflow_manual_trigger":{"enabledWorkflows":[]},"_links":{"self":[{"href":"https:\/\/kmim.wm.pwr.edu.pl\/immt\/wp-json\/wp\/v2\/pages\/1422","targetHints":{"allow":["GET"]}}],"collection":[{"href":"https:\/\/kmim.wm.pwr.edu.pl\/immt\/wp-json\/wp\/v2\/pages"}],"about":[{"href":"https:\/\/kmim.wm.pwr.edu.pl\/immt\/wp-json\/wp\/v2\/types\/page"}],"author":[{"embeddable":true,"href":"https:\/\/kmim.wm.pwr.edu.pl\/immt\/wp-json\/wp\/v2\/users\/1"}],"replies":[{"embeddable":true,"href":"https:\/\/kmim.wm.pwr.edu.pl\/immt\/wp-json\/wp\/v2\/comments?post=1422"}],"version-history":[{"count":3,"href":"https:\/\/kmim.wm.pwr.edu.pl\/immt\/wp-json\/wp\/v2\/pages\/1422\/revisions"}],"predecessor-version":[{"id":1560,"href":"https:\/\/kmim.wm.pwr.edu.pl\/immt\/wp-json\/wp\/v2\/pages\/1422\/revisions\/1560"}],"up":[{"embeddable":true,"href":"https:\/\/kmim.wm.pwr.edu.pl\/immt\/wp-json\/wp\/v2\/pages\/1407"}],"wp:attachment":[{"href":"https:\/\/kmim.wm.pwr.edu.pl\/immt\/wp-json\/wp\/v2\/media?parent=1422"}],"curies":[{"name":"wp","href":"https:\/\/api.w.org\/{rel}","templated":true}]}}