{"id":1423,"date":"2003-12-29T08:59:39","date_gmt":"2003-12-29T07:59:39","guid":{"rendered":"http:\/\/kmim.wm.pwr.edu.pl\/immt\/instytut-materialoznawstwa-i-mechaniki-technicznej\/badania-naukowe\/zaklady\/"},"modified":"2014-11-02T20:50:26","modified_gmt":"2014-11-02T19:50:26","slug":"zaklady","status":"publish","type":"page","link":"https:\/\/kmim.wm.pwr.edu.pl\/immt\/instytut-materialoznawstwa-i-mechaniki-technicznej\/badania-naukowe\/zaklady\/","title":{"rendered":"Zak\u0142ady"},"content":{"rendered":"<p>W Instytucie dzia\u0142aj\u0105 trzy Zak\u0142ady:<\/p>\n<ol>\n<li>Zak\u0142ad Materia\u0142oznawstwa<\/li>\n<li>Zak\u0142ad Mechaniki O\u015brodk\u00f3w Ci\u0105g\u0142ych<\/li>\n<li>Zak\u0142ad Mechaniki Uk\u0142ad\u00f3w Dyskretnych<\/li>\n<\/ol>\n<ul class=\"list-pages-shortcode child-pages\"><li class=\"page_item page-item-1436\"><a href=\"https:\/\/kmim.wm.pwr.edu.pl\/immt\/instytut-materialoznawstwa-i-mechaniki-technicznej\/badania-naukowe\/zaklady\/zaklad-materialoznawstwa\/\">Zak\u0142ad Materia\u0142oznawstwa<\/a><\/li>\n<li class=\"page_item page-item-1437\"><a href=\"https:\/\/kmim.wm.pwr.edu.pl\/immt\/instytut-materialoznawstwa-i-mechaniki-technicznej\/badania-naukowe\/zaklady\/zaklad-mechaniki-osrodkow-ciaglych\/\">Zak\u0142ad Mechaniki O\u015brodk\u00f3w Ci\u0105g\u0142ych<\/a><\/li>\n<li class=\"page_item page-item-1438\"><a href=\"https:\/\/kmim.wm.pwr.edu.pl\/immt\/instytut-materialoznawstwa-i-mechaniki-technicznej\/badania-naukowe\/zaklady\/zaklad-mechaniki-ukladow-dyskretnych\/\">Zak\u0142ad Mechaniki Uk\u0142ad\u00f3w Dyskretnych<\/a><\/li>\n<\/ul>\n","protected":false},"excerpt":{"rendered":"<p>W Instytucie dzia\u0142aj\u0105 trzy Zak\u0142ady: Zak\u0142ad Materia\u0142oznawstwa Zak\u0142ad Mechaniki O\u015brodk\u00f3w Ci\u0105g\u0142ych Zak\u0142ad Mechaniki Uk\u0142ad\u00f3w Dyskretnych<\/p>\n","protected":false},"author":1,"featured_media":0,"parent":1407,"menu_order":0,"comment_status":"closed","ping_status":"open","template":"","meta":{"ngg_post_thumbnail":0,"footnotes":""},"class_list":["post-1423","page","type-page","status-publish","hentry"],"publishpress_future_action":{"enabled":false,"date":"2026-04-23 06:18:32","action":"change-status","newStatus":"draft","terms":[],"taxonomy":"language","extraData":[]},"publishpress_future_workflow_manual_trigger":{"enabledWorkflows":[]},"_links":{"self":[{"href":"https:\/\/kmim.wm.pwr.edu.pl\/immt\/wp-json\/wp\/v2\/pages\/1423","targetHints":{"allow":["GET"]}}],"collection":[{"href":"https:\/\/kmim.wm.pwr.edu.pl\/immt\/wp-json\/wp\/v2\/pages"}],"about":[{"href":"https:\/\/kmim.wm.pwr.edu.pl\/immt\/wp-json\/wp\/v2\/types\/page"}],"author":[{"embeddable":true,"href":"https:\/\/kmim.wm.pwr.edu.pl\/immt\/wp-json\/wp\/v2\/users\/1"}],"replies":[{"embeddable":true,"href":"https:\/\/kmim.wm.pwr.edu.pl\/immt\/wp-json\/wp\/v2\/comments?post=1423"}],"version-history":[{"count":1,"href":"https:\/\/kmim.wm.pwr.edu.pl\/immt\/wp-json\/wp\/v2\/pages\/1423\/revisions"}],"predecessor-version":[{"id":1593,"href":"https:\/\/kmim.wm.pwr.edu.pl\/immt\/wp-json\/wp\/v2\/pages\/1423\/revisions\/1593"}],"up":[{"embeddable":true,"href":"https:\/\/kmim.wm.pwr.edu.pl\/immt\/wp-json\/wp\/v2\/pages\/1407"}],"wp:attachment":[{"href":"https:\/\/kmim.wm.pwr.edu.pl\/immt\/wp-json\/wp\/v2\/media?parent=1423"}],"curies":[{"name":"wp","href":"https:\/\/api.w.org\/{rel}","templated":true}]}}