{"id":1425,"date":"2004-09-14T17:19:41","date_gmt":"2004-09-14T15:19:41","guid":{"rendered":"http:\/\/kmim.wm.pwr.edu.pl\/immt\/instytut-materialoznawstwa-i-mechaniki-technicznej\/badania-naukowe\/czasopisma\/"},"modified":"2004-09-14T17:19:41","modified_gmt":"2004-09-14T15:19:41","slug":"czasopisma","status":"publish","type":"page","link":"https:\/\/kmim.wm.pwr.edu.pl\/immt\/instytut-materialoznawstwa-i-mechaniki-technicznej\/badania-naukowe\/czasopisma\/","title":{"rendered":"Czasopisma"},"content":{"rendered":"<p>Instytut &quot;wsp\u00f3\u0142redauje&quot; dwa czsopisma:<\/p>\n<ol>\n<li><a href=\"http:\/\/www.ib.pwr.wroc.pl\/zmg\/sgem\/sgem.htm\">Studia Geotechnica et Mechanica<\/a> &#8211; b\u0119d\u0105ce najstarszym czasopismem wydawanym przez Politechnik\u0119 Wroc\u0142awsk\u0105 po\u015bwi\u0119conym zagadnieniom mechaniki materia\u0142\u00f3w geologicznych, geotechniki i hydrotechniki, \u0142\u0105cznie z konstrukcj\u0105 modeli, metodami identyfikacji parametr\u00f3w materia\u0142u, technikami do\u015bwiadczalnymi, a tak\u017ce z zaleceniami projektowymi.<\/li>\n<li><a href=\"http:\/\/www.materialsscience.pwr.wroc.pl\/\">Materials Science<\/a> &#8211; po\u015bwi\u0119cone teoretycznym i praktycznym zagadnieniom syntezy, strukkturyy, w\u0142asno\u015bci oraz zastosowa\u0144 materia\u0142\u00f3w.<\/li>\n<\/ol>\n","protected":false},"excerpt":{"rendered":"<p>Instytut &quot;wsp\u00f3\u0142redauje&quot; dwa czsopisma: Studia Geotechnica et Mechanica &#8211; b\u0119d\u0105ce najstarszym czasopismem wydawanym przez Politechnik\u0119 Wroc\u0142awsk\u0105 po\u015bwi\u0119conym zagadnieniom mechaniki materia\u0142\u00f3w geologicznych, geotechniki i hydrotechniki, \u0142\u0105cznie z konstrukcj\u0105 modeli, metodami identyfikacji parametr\u00f3w materia\u0142u, technikami do\u015bwiadczalnymi, a tak\u017ce z zaleceniami projektowymi. Materials Science &#8211; po\u015bwi\u0119cone teoretycznym i praktycznym zagadnieniom syntezy, strukkturyy, w\u0142asno\u015bci oraz zastosowa\u0144 materia\u0142\u00f3w.<\/p>\n","protected":false},"author":1,"featured_media":0,"parent":1407,"menu_order":0,"comment_status":"closed","ping_status":"open","template":"","meta":{"ngg_post_thumbnail":0,"footnotes":""},"class_list":["post-1425","page","type-page","status-publish","hentry"],"publishpress_future_action":{"enabled":false,"date":"2026-04-24 23:50:35","action":"change-status","newStatus":"draft","terms":[],"taxonomy":"language","extraData":[]},"publishpress_future_workflow_manual_trigger":{"enabledWorkflows":[]},"_links":{"self":[{"href":"https:\/\/kmim.wm.pwr.edu.pl\/immt\/wp-json\/wp\/v2\/pages\/1425","targetHints":{"allow":["GET"]}}],"collection":[{"href":"https:\/\/kmim.wm.pwr.edu.pl\/immt\/wp-json\/wp\/v2\/pages"}],"about":[{"href":"https:\/\/kmim.wm.pwr.edu.pl\/immt\/wp-json\/wp\/v2\/types\/page"}],"author":[{"embeddable":true,"href":"https:\/\/kmim.wm.pwr.edu.pl\/immt\/wp-json\/wp\/v2\/users\/1"}],"replies":[{"embeddable":true,"href":"https:\/\/kmim.wm.pwr.edu.pl\/immt\/wp-json\/wp\/v2\/comments?post=1425"}],"version-history":[{"count":0,"href":"https:\/\/kmim.wm.pwr.edu.pl\/immt\/wp-json\/wp\/v2\/pages\/1425\/revisions"}],"up":[{"embeddable":true,"href":"https:\/\/kmim.wm.pwr.edu.pl\/immt\/wp-json\/wp\/v2\/pages\/1407"}],"wp:attachment":[{"href":"https:\/\/kmim.wm.pwr.edu.pl\/immt\/wp-json\/wp\/v2\/media?parent=1425"}],"curies":[{"name":"wp","href":"https:\/\/api.w.org\/{rel}","templated":true}]}}