{"id":1426,"date":"2003-12-30T18:08:31","date_gmt":"2003-12-30T17:08:31","guid":{"rendered":"http:\/\/kmim.wm.pwr.edu.pl\/immt\/instytut-materialoznawstwa-i-mechaniki-technicznej\/badania-naukowe\/wspolpraca-instytutu-z-zagranica\/"},"modified":"2003-12-30T18:08:31","modified_gmt":"2003-12-30T17:08:31","slug":"wspolpraca-instytutu-z-zagranica","status":"publish","type":"page","link":"https:\/\/kmim.wm.pwr.edu.pl\/immt\/instytut-materialoznawstwa-i-mechaniki-technicznej\/badania-naukowe\/wspolpraca-instytutu-z-zagranica\/","title":{"rendered":"Wsp\u00f3\u0142praca Instytutu z zagranic\u0105"},"content":{"rendered":"<p> Instytut prowadzi wsp\u00f3\u0142prac\u0119 naukow\u0105 i dydaktyczn\u0105 z wieloma renomowanymi naukowymi o\u015brodkami zagranicznymi. Umowy mi\u0119dzynarodowe umo\u017cliwiaj\u0105 wymian\u0119 pracownik\u00f3w i student\u00f3w oraz prowadzenie wsp\u00f3lnych bada\u0144 naukowych z Uniwersytetami Technicznymi w Stuttgardzie, Siegen, Dortmundzie, Essen, Dre\u017anie, Karlsruhe, Kaiserslautern i we Lwowie oraz ponadto obejmuje o\u015brodki badawcze z m.in.: Francji, Bia\u0142orusi, Ukrainy, Rosji, Finlandii, W\u0142och, Izraela, USA, Brazylii i Chile. W ramach rozwijaj\u0105cej si\u0119 w ostatnich latach wsp\u00f3\u0142pracy i wymiany naukowej partnerzy ci uczestnicz\u0105 w organizowanych wsp\u00f3lnie badaniach oraz konferencjach naukowych.<\/p>\n<p>Informacje na temat aktualnie realizowanych projekt\u00f3w wsp\u00f3\u0142finansowanych ze \u015brodk\u00f3w Europejskich zawiera <a href=\"http:\/\/www.immt.pwr.wroc.pl\/index.php?option=content&#038;task=view&#038;id=871\">osobna strona<\/a>.<\/p>\n<p>Instytut prowadzi\u0142 dwa programy mi\u0119dzynarodowe w ramach uzyskanych w roku 2002 dw\u00f3ch centr\u00f3w doskona\u0142o\u015bci, a mianowicie: Europejskiego Centrum Doskona\u0142o\u015bci &quot;<a target=\"_blank\" href=\"http:\/\/sgmn.immt.pwr.wroc.pl\/\">Sol-Gel Materials and Nanotechnology<\/a>&quot; SGM&amp;N oraz <a href=\"http:\/\/recykliing.pwr.wroc.pl\/\">Centrum Doskona\u0142o\u015bci Recyklingu Materia\u0142\u00f3w<\/a> (Materials Recycling Center of Excellence) w ramach 5 PR Unii Europejskiej (45 partner\u00f3w z kraju i 25 z zagranicy). <\/p>\n<p>W ramach 6 PR Unii Europejskiej zespo\u0142y badawcze Instytutu zosta\u0142y w\u0142\u0105czone do dw\u00f3ch du\u017cych europejskich konsorcj\u00f3w badawczych.<\/p>\n<p>Instytut wsp\u00f3\u0142pracuje \u015bci\u015ble <a href=\"http:\/\/www.int.pan.wroc.pl\/\">Instytutem Niskich Temperatur i Bada\u0144 Strukturalnych<\/a> Polskiej Akademii Nauk we Wroc\u0142awiu. Organizuje w rytmie dwuletnim mi\u0119dzynarodow\u0105 konferencj\u0119 &quot;International Conference on Sol-Gel Materials. Research, Technology, Applications &#8211; SGM&quot;. <\/p>\n<p>Zesp\u00f3\u0142 bra\u0142 r\u00f3wnie\u017c aktywny udzia\u0142 w edycji angielskoj\u0119zycznego czasopisma &quot;<a href=\"http:\/\/materialsscience.pwr.wroc.pl\/\">Materials Science<\/a>&quot;, kt\u00f3rego redaktorem naukowym by\u0142 dr hab. in\u017c. Krzysztof Maruszewski, prof. nadzw. P.Wr.<\/p>\n<p>Instytut jest koordynatorem projektu CEEPUS (Central-East European Program for University Studies) PL-105 oraz \u015arodkowo-Europejskiej Sieci In\u017cynierii i Recyklingu Tworzyw Sztucznych. Wsp\u00f3lnie realizowane prace magisterskie i doktorskie, tematyczne szko\u0142y letnie, sta\u017ce.<\/p>\n","protected":false},"excerpt":{"rendered":"<p>Instytut prowadzi wsp\u00f3\u0142prac\u0119 naukow\u0105 i dydaktyczn\u0105 z wieloma renomowanymi naukowymi o\u015brodkami zagranicznymi. Umowy mi\u0119dzynarodowe umo\u017cliwiaj\u0105 wymian\u0119 pracownik\u00f3w i student\u00f3w oraz prowadzenie wsp\u00f3lnych bada\u0144 naukowych z Uniwersytetami Technicznymi w Stuttgardzie, Siegen, Dortmundzie, Essen, Dre\u017anie, Karlsruhe, Kaiserslautern i we Lwowie oraz ponadto obejmuje o\u015brodki badawcze z m.in.: Francji, Bia\u0142orusi, Ukrainy, Rosji, Finlandii, W\u0142och, Izraela, USA, Brazylii i &hellip; <a href=\"https:\/\/kmim.wm.pwr.edu.pl\/immt\/instytut-materialoznawstwa-i-mechaniki-technicznej\/badania-naukowe\/wspolpraca-instytutu-z-zagranica\/\" class=\"more-link\">Czytaj dalej <span class=\"screen-reader-text\">Wsp\u00f3\u0142praca Instytutu z zagranic\u0105<\/span> <span class=\"meta-nav\">&rarr;<\/span><\/a><\/p>\n","protected":false},"author":1,"featured_media":0,"parent":1407,"menu_order":0,"comment_status":"closed","ping_status":"open","template":"","meta":{"ngg_post_thumbnail":0,"footnotes":""},"class_list":["post-1426","page","type-page","status-publish","hentry"],"publishpress_future_action":{"enabled":false,"date":"2026-04-30 17:29:38","action":"change-status","newStatus":"draft","terms":[],"taxonomy":"language","extraData":[]},"publishpress_future_workflow_manual_trigger":{"enabledWorkflows":[]},"_links":{"self":[{"href":"https:\/\/kmim.wm.pwr.edu.pl\/immt\/wp-json\/wp\/v2\/pages\/1426","targetHints":{"allow":["GET"]}}],"collection":[{"href":"https:\/\/kmim.wm.pwr.edu.pl\/immt\/wp-json\/wp\/v2\/pages"}],"about":[{"href":"https:\/\/kmim.wm.pwr.edu.pl\/immt\/wp-json\/wp\/v2\/types\/page"}],"author":[{"embeddable":true,"href":"https:\/\/kmim.wm.pwr.edu.pl\/immt\/wp-json\/wp\/v2\/users\/1"}],"replies":[{"embeddable":true,"href":"https:\/\/kmim.wm.pwr.edu.pl\/immt\/wp-json\/wp\/v2\/comments?post=1426"}],"version-history":[{"count":0,"href":"https:\/\/kmim.wm.pwr.edu.pl\/immt\/wp-json\/wp\/v2\/pages\/1426\/revisions"}],"up":[{"embeddable":true,"href":"https:\/\/kmim.wm.pwr.edu.pl\/immt\/wp-json\/wp\/v2\/pages\/1407"}],"wp:attachment":[{"href":"https:\/\/kmim.wm.pwr.edu.pl\/immt\/wp-json\/wp\/v2\/media?parent=1426"}],"curies":[{"name":"wp","href":"https:\/\/api.w.org\/{rel}","templated":true}]}}