{"id":1427,"date":"2009-03-03T18:12:58","date_gmt":"2009-03-03T17:12:58","guid":{"rendered":"http:\/\/kmim.wm.pwr.edu.pl\/immt\/instytut-materialoznawstwa-i-mechaniki-technicznej\/badania-naukowe\/projekty-finansowane-ze-srodkow-europejskich\/"},"modified":"2014-11-02T20:42:10","modified_gmt":"2014-11-02T19:42:10","slug":"projekty-finansowane-ze-srodkow-europejskich","status":"publish","type":"page","link":"https:\/\/kmim.wm.pwr.edu.pl\/immt\/instytut-materialoznawstwa-i-mechaniki-technicznej\/badania-naukowe\/projekty-finansowane-ze-srodkow-europejskich\/","title":{"rendered":"Projekty finansowane ze \u015brodk\u00f3w europejskich"},"content":{"rendered":"<p><a href=\"http:\/\/kmim.wm.pwr.edu.pl\/immt\/wp-content\/uploads\/sites\/58\/2009\/03\/eu-logo_m.png\"><img loading=\"lazy\" decoding=\"async\" class=\"alignright size-full wp-image-1518\" src=\"http:\/\/kmim.wm.pwr.edu.pl\/immt\/wp-content\/uploads\/sites\/58\/2009\/03\/eu-logo_m.png\" alt=\"eu-logo_m\" width=\"120\" height=\"81\" \/><\/a>Bierzemy bardzo aktywny udzia\u0142 w projektach badawczych finansowanych ze \u015brodk\u00f3w Unii Europejskiej w ramach program\u00f3w ramowych 5, 6 i 7.<\/p>\n<ul class=\"list-pages-shortcode child-pages\"><li class=\"page_item page-item-1522\"><a href=\"https:\/\/kmim.wm.pwr.edu.pl\/immt\/instytut-materialoznawstwa-i-mechaniki-technicznej\/badania-naukowe\/projekty-finansowane-ze-srodkow-europejskich\/centra-doskonalosci\/\">Centra Doskona\u0142o\u015bci<\/a><\/li>\n<li class=\"page_item page-item-1521\"><a href=\"https:\/\/kmim.wm.pwr.edu.pl\/immt\/instytut-materialoznawstwa-i-mechaniki-technicznej\/badania-naukowe\/projekty-finansowane-ze-srodkow-europejskich\/nanomitex\/\">Nanomitex<\/a><\/li>\n<\/ul>\n","protected":false},"excerpt":{"rendered":"<p>Bierzemy bardzo aktywny udzia\u0142 w projektach badawczych finansowanych ze \u015brodk\u00f3w Unii Europejskiej w ramach program\u00f3w ramowych 5, 6 i 7.<\/p>\n","protected":false},"author":1,"featured_media":0,"parent":1407,"menu_order":0,"comment_status":"closed","ping_status":"open","template":"","meta":{"ngg_post_thumbnail":0,"footnotes":""},"class_list":["post-1427","page","type-page","status-publish","hentry"],"publishpress_future_action":{"enabled":false,"date":"2026-04-21 21:12:35","action":"change-status","newStatus":"draft","terms":[],"taxonomy":"language","extraData":[]},"publishpress_future_workflow_manual_trigger":{"enabledWorkflows":[]},"_links":{"self":[{"href":"https:\/\/kmim.wm.pwr.edu.pl\/immt\/wp-json\/wp\/v2\/pages\/1427","targetHints":{"allow":["GET"]}}],"collection":[{"href":"https:\/\/kmim.wm.pwr.edu.pl\/immt\/wp-json\/wp\/v2\/pages"}],"about":[{"href":"https:\/\/kmim.wm.pwr.edu.pl\/immt\/wp-json\/wp\/v2\/types\/page"}],"author":[{"embeddable":true,"href":"https:\/\/kmim.wm.pwr.edu.pl\/immt\/wp-json\/wp\/v2\/users\/1"}],"replies":[{"embeddable":true,"href":"https:\/\/kmim.wm.pwr.edu.pl\/immt\/wp-json\/wp\/v2\/comments?post=1427"}],"version-history":[{"count":3,"href":"https:\/\/kmim.wm.pwr.edu.pl\/immt\/wp-json\/wp\/v2\/pages\/1427\/revisions"}],"predecessor-version":[{"id":1581,"href":"https:\/\/kmim.wm.pwr.edu.pl\/immt\/wp-json\/wp\/v2\/pages\/1427\/revisions\/1581"}],"up":[{"embeddable":true,"href":"https:\/\/kmim.wm.pwr.edu.pl\/immt\/wp-json\/wp\/v2\/pages\/1407"}],"wp:attachment":[{"href":"https:\/\/kmim.wm.pwr.edu.pl\/immt\/wp-json\/wp\/v2\/media?parent=1427"}],"curies":[{"name":"wp","href":"https:\/\/api.w.org\/{rel}","templated":true}]}}