{"id":1429,"date":"2004-06-29T21:33:04","date_gmt":"2004-06-29T19:33:04","guid":{"rendered":"http:\/\/kmim.wm.pwr.edu.pl\/immt\/instytut-materialoznawstwa-i-mechaniki-technicznej\/mozliwosci-badawcze-instytutu\/laboratorium-badawcze-materialow-konstrukcyjnych\/"},"modified":"2004-06-29T21:33:04","modified_gmt":"2004-06-29T19:33:04","slug":"laboratorium-badawcze-materialow-konstrukcyjnych","status":"publish","type":"page","link":"https:\/\/kmim.wm.pwr.edu.pl\/immt\/instytut-materialoznawstwa-i-mechaniki-technicznej\/mozliwosci-badawcze-instytutu\/laboratorium-badawcze-materialow-konstrukcyjnych\/","title":{"rendered":"Laboratorium Badawcze Materia\u0142\u00f3w Konstrukcyjnych"},"content":{"rendered":"<p>Laboratorium prowadzi badania materia\u0142\u00f3w konstrukcyjnych z zakresu materia\u0142oznawstwa i wytrzyma\u0142o\u015bci. Wysoko wykwalifikowana kadra oraz <a href=\"http:\/\/www.immt.pwr.wroc.pl\/content\/view\/125\/114\/\">bogate wyposa\u017cenie laboratorium<\/a> s\u0105 w stanie sprosta\u0107 najbardziej skomplikowanym oczekiwaniom klient\u00f3w. <\/p>\n<p>Opr\u00f3cz standardowych pr\u00f3b zawartych w li\u015bcie <a href=\"http:\/\/www.immt.pwr.wroc.pl\/content\/view\/124\/113\/\">procedur badawczych<\/a> laboratorium przeprowadza testy wysokoci\u015bnieniowych zbiornik\u00f3w kompozytowych. Wykonywane s\u0105 tu tak\u017ce badania z zakresu dynamiki konstrukcji (eksperymentalna analiza modalna: wyznaczanie postaci drga\u0144, cz\u0119stotliwo\u015bci rezonansowych itp.)<\/p>\n<p> Laboratorium jest ponadto przystosowane do wykonywania nietypowych bada\u0144 na indywidualne potrzeby klient\u00f3w.<\/p>\n","protected":false},"excerpt":{"rendered":"<p>Laboratorium prowadzi badania materia\u0142\u00f3w konstrukcyjnych z zakresu materia\u0142oznawstwa i wytrzyma\u0142o\u015bci. Wysoko wykwalifikowana kadra oraz bogate wyposa\u017cenie laboratorium s\u0105 w stanie sprosta\u0107 najbardziej skomplikowanym oczekiwaniom klient\u00f3w. Opr\u00f3cz standardowych pr\u00f3b zawartych w li\u015bcie procedur badawczych laboratorium przeprowadza testy wysokoci\u015bnieniowych zbiornik\u00f3w kompozytowych. Wykonywane s\u0105 tu tak\u017ce badania z zakresu dynamiki konstrukcji (eksperymentalna analiza modalna: wyznaczanie postaci drga\u0144, cz\u0119stotliwo\u015bci &hellip; <a href=\"https:\/\/kmim.wm.pwr.edu.pl\/immt\/instytut-materialoznawstwa-i-mechaniki-technicznej\/mozliwosci-badawcze-instytutu\/laboratorium-badawcze-materialow-konstrukcyjnych\/\" class=\"more-link\">Czytaj dalej <span class=\"screen-reader-text\">Laboratorium Badawcze Materia\u0142\u00f3w Konstrukcyjnych<\/span> <span class=\"meta-nav\">&rarr;<\/span><\/a><\/p>\n","protected":false},"author":1,"featured_media":0,"parent":1409,"menu_order":0,"comment_status":"closed","ping_status":"open","template":"","meta":{"ngg_post_thumbnail":0,"footnotes":""},"class_list":["post-1429","page","type-page","status-publish","hentry"],"publishpress_future_action":{"enabled":false,"date":"2026-04-24 23:50:04","action":"change-status","newStatus":"draft","terms":[],"taxonomy":"language","extraData":[]},"publishpress_future_workflow_manual_trigger":{"enabledWorkflows":[]},"_links":{"self":[{"href":"https:\/\/kmim.wm.pwr.edu.pl\/immt\/wp-json\/wp\/v2\/pages\/1429","targetHints":{"allow":["GET"]}}],"collection":[{"href":"https:\/\/kmim.wm.pwr.edu.pl\/immt\/wp-json\/wp\/v2\/pages"}],"about":[{"href":"https:\/\/kmim.wm.pwr.edu.pl\/immt\/wp-json\/wp\/v2\/types\/page"}],"author":[{"embeddable":true,"href":"https:\/\/kmim.wm.pwr.edu.pl\/immt\/wp-json\/wp\/v2\/users\/1"}],"replies":[{"embeddable":true,"href":"https:\/\/kmim.wm.pwr.edu.pl\/immt\/wp-json\/wp\/v2\/comments?post=1429"}],"version-history":[{"count":0,"href":"https:\/\/kmim.wm.pwr.edu.pl\/immt\/wp-json\/wp\/v2\/pages\/1429\/revisions"}],"up":[{"embeddable":true,"href":"https:\/\/kmim.wm.pwr.edu.pl\/immt\/wp-json\/wp\/v2\/pages\/1409"}],"wp:attachment":[{"href":"https:\/\/kmim.wm.pwr.edu.pl\/immt\/wp-json\/wp\/v2\/media?parent=1429"}],"curies":[{"name":"wp","href":"https:\/\/api.w.org\/{rel}","templated":true}]}}