{"id":1430,"date":"2004-05-29T20:18:19","date_gmt":"2004-05-29T18:18:19","guid":{"rendered":"http:\/\/kmim.wm.pwr.edu.pl\/immt\/instytut-materialoznawstwa-i-mechaniki-technicznej\/mozliwosci-badawcze-instytutu\/badania-rentgenograficzne-pomiary-naprezen-wlasnych-i-austenitu-szczatkowego\/"},"modified":"2014-11-03T18:04:04","modified_gmt":"2014-11-03T17:04:04","slug":"badania-rentgenograficzne-pomiary-naprezen-wlasnych-i-austenitu-szczatkowego","status":"publish","type":"page","link":"https:\/\/kmim.wm.pwr.edu.pl\/immt\/instytut-materialoznawstwa-i-mechaniki-technicznej\/mozliwosci-badawcze-instytutu\/badania-rentgenograficzne-pomiary-naprezen-wlasnych-i-austenitu-szczatkowego\/","title":{"rendered":"Badania rentgenograficzne &#8211; pomiary napr\u0119\u017ce\u0144 w\u0142asnych i austenitu szcz\u0105tkowego"},"content":{"rendered":"<p>Oferujemy badania rentgenograficzne w zakresie:<\/p>\n<ul>\n<li>pomiar zawarto\u015bci austenitu szcz\u0105tkowego<\/li>\n<li>okre\u015blanie napr\u0119\u017ce\u0144 w\u0142asnych (I-go rodzaju) w wybranych kierunkach<\/li>\n<li>okre\u015blanie napr\u0119\u017ce\u0144 w\u0142asnych, jako profilu g\u0142\u0119boko\u015bci ( 0 \u00f7 250 \u00b5m)<\/li>\n<li>wyznaczanie tensora napr\u0119\u017ce\u0144 w\u0142asnych<\/li>\n<li>okre\u015blanie napr\u0119\u017ce\u0144 II-go rodzaju i wielko\u015bci blok\u00f3w krystalit\u00f3w<\/li>\n<li>badanie sk\u0142adu fazowego &#8211; analiza fazowa<\/li>\n<li>badanie wielko\u015bci agregat\u00f3w krystalicznych w tworzywach sztucznych<\/li>\n<\/ul>\n<p>Dysponujemy nast\u0119puj\u0105c\u0105 aparatur\u0105:<\/p>\n<p><strong>Dyfraktometr przeno\u015bny XStress3000 (Stresstech Oy, Finlandia)<\/strong><\/p>\n<ul>\n<li>badania w zakresie k\u0105t\u00f3w 2-Teta = 125\u00b0 \u00f7 162\u00b0<\/li>\n<li>lampa Cr<\/li>\n<li>rozmiar plamki: 0.8 \u00f7 5 mm<\/li>\n<li>dowolna pozycja pracy,<\/li>\n<li>mo\u017cliwo\u015b\u0107 zamocowania na dowolnej konstrukcji<\/li>\n<li>mo\u017cliwo\u015b\u0107 badania rur i pier\u015bcieni o \u015brednicy wewn\u0119trznej min. 155mm w odleg\u0142o\u015bci max 80mm od otwartego ko\u0144ca (w kierunku obrotowym)<\/li>\n<li>mo\u017cliwo\u015b\u0107 badania k\u00f3\u0142 z\u0119batych<\/li>\n<\/ul>\n<p>Dodatkowo w ramach pracowni rentgenograficznej: <strong>dyfraktometr URD-6 (VEB Carl Zeiss JENA, NRD)<\/strong>:<\/p>\n<ul>\n<li>badania w zakresie k\u0105t\u00f3w 2-Teta = 3\u00b0 \u00f7 155\u00b0<\/li>\n<li>dok\u0142adno\u015b\u0107 pomiaru \u00b10.005\u00b0<\/li>\n<li>lampy: Mo, Cu, Co, Fe, Cr<\/li>\n<\/ul>\n<p>Badania uzupe\u0142niaj\u0105ce i dodatkowe mo\u017cliwo\u015bci:<\/p>\n<ul>\n<li>badania mikroskopowe<\/li>\n<li>mikroanaliza rentgenowska<\/li>\n<li>badania twardo\u015bci<\/li>\n<li>dost\u0119p do bazy danych krystalograficznych ICDD (ponad 70.000 zwi\u0105zk\u00f3w)<\/li>\n<li>szeroki zakres oprogramowania analitycznego<\/li>\n<\/ul>\n","protected":false},"excerpt":{"rendered":"<p>Oferujemy badania rentgenograficzne w zakresie: pomiar zawarto\u015bci austenitu szcz\u0105tkowego okre\u015blanie napr\u0119\u017ce\u0144 w\u0142asnych (I-go rodzaju) w wybranych kierunkach okre\u015blanie napr\u0119\u017ce\u0144 w\u0142asnych, jako profilu g\u0142\u0119boko\u015bci ( 0 \u00f7 250 \u00b5m) wyznaczanie tensora napr\u0119\u017ce\u0144 w\u0142asnych okre\u015blanie napr\u0119\u017ce\u0144 II-go rodzaju i wielko\u015bci blok\u00f3w krystalit\u00f3w badanie sk\u0142adu fazowego &#8211; analiza fazowa badanie wielko\u015bci agregat\u00f3w krystalicznych w tworzywach sztucznych Dysponujemy nast\u0119puj\u0105c\u0105 &hellip; <a href=\"https:\/\/kmim.wm.pwr.edu.pl\/immt\/instytut-materialoznawstwa-i-mechaniki-technicznej\/mozliwosci-badawcze-instytutu\/badania-rentgenograficzne-pomiary-naprezen-wlasnych-i-austenitu-szczatkowego\/\" class=\"more-link\">Czytaj dalej <span class=\"screen-reader-text\">Badania rentgenograficzne &#8211; pomiary napr\u0119\u017ce\u0144 w\u0142asnych i austenitu szcz\u0105tkowego<\/span> <span class=\"meta-nav\">&rarr;<\/span><\/a><\/p>\n","protected":false},"author":1,"featured_media":0,"parent":1409,"menu_order":0,"comment_status":"closed","ping_status":"open","template":"","meta":{"ngg_post_thumbnail":0,"footnotes":""},"class_list":["post-1430","page","type-page","status-publish","hentry"],"publishpress_future_action":{"enabled":false,"date":"2026-04-22 22:09:49","action":"change-status","newStatus":"draft","terms":[],"taxonomy":"language","extraData":[]},"publishpress_future_workflow_manual_trigger":{"enabledWorkflows":[]},"_links":{"self":[{"href":"https:\/\/kmim.wm.pwr.edu.pl\/immt\/wp-json\/wp\/v2\/pages\/1430","targetHints":{"allow":["GET"]}}],"collection":[{"href":"https:\/\/kmim.wm.pwr.edu.pl\/immt\/wp-json\/wp\/v2\/pages"}],"about":[{"href":"https:\/\/kmim.wm.pwr.edu.pl\/immt\/wp-json\/wp\/v2\/types\/page"}],"author":[{"embeddable":true,"href":"https:\/\/kmim.wm.pwr.edu.pl\/immt\/wp-json\/wp\/v2\/users\/1"}],"replies":[{"embeddable":true,"href":"https:\/\/kmim.wm.pwr.edu.pl\/immt\/wp-json\/wp\/v2\/comments?post=1430"}],"version-history":[{"count":1,"href":"https:\/\/kmim.wm.pwr.edu.pl\/immt\/wp-json\/wp\/v2\/pages\/1430\/revisions"}],"predecessor-version":[{"id":1688,"href":"https:\/\/kmim.wm.pwr.edu.pl\/immt\/wp-json\/wp\/v2\/pages\/1430\/revisions\/1688"}],"up":[{"embeddable":true,"href":"https:\/\/kmim.wm.pwr.edu.pl\/immt\/wp-json\/wp\/v2\/pages\/1409"}],"wp:attachment":[{"href":"https:\/\/kmim.wm.pwr.edu.pl\/immt\/wp-json\/wp\/v2\/media?parent=1430"}],"curies":[{"name":"wp","href":"https:\/\/api.w.org\/{rel}","templated":true}]}}