{"id":1431,"date":"2005-03-16T12:32:24","date_gmt":"2005-03-16T11:32:24","guid":{"rendered":"http:\/\/kmim.wm.pwr.edu.pl\/immt\/instytut-materialoznawstwa-i-mechaniki-technicznej\/konferencje-organizowane-przez-instytut-materialoznawstwa-i-mechaniki-technicznej\/1st-polish-finnish-symposium-on-functional-sol-gel-materials\/"},"modified":"2005-03-16T12:32:24","modified_gmt":"2005-03-16T11:32:24","slug":"1st-polish-finnish-symposium-on-functional-sol-gel-materials","status":"publish","type":"page","link":"https:\/\/kmim.wm.pwr.edu.pl\/immt\/instytut-materialoznawstwa-i-mechaniki-technicznej\/konferencje-organizowane-przez-instytut-materialoznawstwa-i-mechaniki-technicznej\/1st-polish-finnish-symposium-on-functional-sol-gel-materials\/","title":{"rendered":"1st Polish-Finnish Symposium on Functional Sol-Gel Materials"},"content":{"rendered":"<div style=\"text-align: center; font-weight: bold;\"> 18-19.03.05 Wroc\u0142aw University of Technology<\/div>\n<div style=\"text-align: center;\"><span style=\"font-weight: bold;\"> s. 241 A-1<\/span>  <\/div>\n<h5>\n<p><a href=\"http:\/\/sgmn.immt.pwr.wroc.pl\/images\/pl-fi-1st\/web\/\" target=\"_blank\">Pictures from the Symposium<\/a>&nbsp;<\/p>\n<p>Friday 18.03.05<\/p>\n<\/h5>\n<p>   9:00 &#8211;  9:30   Opening &#8211; <b>Krzysztof Maruszewski:<\/b> <i>SGMN &#8211; overview<\/i><br \/>   9:30 &#8211; 10:00 <b>Simo-Pekka Hannula:<\/b> <i>Materials research at VTT and Helsinki University of Technology, an overview<\/i><br \/>  10:00 &#8211; 10:30 <b>Mika Jokinen:<\/b> <i>General: Biomaterials Researches in Turku and Generally about Biomaterials<\/i><br \/>  10:30 &#8211; 11:00 <b>Jerzy Kaleta:<\/b> <i>Smart Magnetic Materials: Properties, Testing, Application and NDT<\/i><br \/>  11:00 &#8211; 11:30 <i>Coffee break<\/i><br \/>  11:30 &#8211; 13:00 <i>Visit in the laboratory<\/i> &#8211; Jerzy Kaleta<br \/>  13:00 &#8211; 14:30 Free time<br \/>  14:30 &#8211; 15:00 <b>Marian Ornat:<\/b> <i>Textiles with analgesic activity<\/i><br \/>  15:00 &#8211; 15:30 <b>Miros\u0142aw Miller:<\/b> <i>Looking for new advanced materials for solid oxide fuel cells (SOFC)<\/i><br \/>  15:30 &#8211; 16:00 <b>Jan Felba:<\/b> <i>New materials for electronic packaging<\/i><br \/>  16:00 &#8211; 16:30 <b>Leszek Golonka\/Tomasz Zawada:<\/b> <i>Ceramic microsystems made in LTCC technology<\/i><br \/>  16:30 &#8211; 17:00 Coffee break<br \/>  17:00 &#8211; 18:30 <i>Visit in the laboratory<\/i> &#8211; Andrzej Szczurek<br \/>  18:45 &#8211;  <b>Dinner:<\/b> (first floor)<\/p>\n<h5>Saturday 19.03.05<\/h5>\n<p>   8:55 &#8211;  9:00   <i>Opening<\/i> &#8211; <b>Krzysztof Maruszewski:<\/b><br \/>   9:00 &#8211;  9:30 <b>Antti Yli-Urpo:<\/b> <i>Fiber &#8211; reinforced composites (mostly methacrylate-based polymers reinforced with glass fibres) as Biomaterials<\/i><br \/>   9:30 &#8211; 10:00 <b>Heimo Ylanen:<\/b> <i>Bioactive glasses; Preparation, properties and applications<\/i><br \/>  10:00 &#8211; 10:30 <b>Joni Korventausta:<\/b> <i>Bioceramics for bioactivity in composites with biodedradable polymers<\/i><br \/>  10:30 &#8211; 11:00 <b>Romuald B\u0119dzi\u0144ski:<\/b> <i>Application and experimental and numerical method in biomechanics<\/i><br \/>  11:00 &#8211; 11:30 Coffee break<br \/>  11:30 &#8211; 13:00 <i>Visit in the laboratory<\/i> &#8211; Romuald B\u0119dzi\u0144ski<br \/>  13:00 &#8211; 14:00 Free time<br \/>  14:00 &#8211; 14:20 <b>Wies\u0142aw Wilczy\u0144ski:<\/b> <i>Influence of magnetic circuit production for their magnetic properties<\/i><br \/>  14:20 -14:35 <b>Boles\u0142aw Mazurek\/Piotr Baj\u0142o:<\/b> <i>Membranes with ionic conductivity for fuel cells<\/i><br \/>  14:35 &#8211; 14:50 <b>Boles\u0142aw Mazurek\/S\u0142awomir Laskowski:<\/b> <i>Silver nanocolloid produced by electromagnetic method<\/i><br \/>  14:50 &#8211; 15:05 <b>Boles\u0142aw Mazurek\/Wojciech Lipiec:<\/b> <i>Hot-pressed Nd-Fe-Be magnets<\/i><br \/>  15:05 &#8211; 15:20 <b>Boles\u0142aw Mazurek\/Pawe\u0142 \u017by\u0142ka:<\/b> <i>Electroactive polymers<\/i><br \/>  15:20 &#8211; 15:35 <b>Boles\u0142aw Mazurek\/Tomasz Krauze:<\/b> <i>The E-J method for discimination between real and polarization charges in selected polymeric films<\/i><br \/>  15:35 &#8211; 15:50 <b>Boles\u0142aw Mazurek\/Adrian Drzazga:<\/b> <i>Impedance biospectroscopy<\/i><br \/>  15:50 &#8211; 16:05 <b>Boles\u0142aw Mazurek\/Katarzyna Gryz\u0142o:<\/b> <i>Research electrokinetic potentials of bioceramic materials<\/i><br \/>  16:05 &#8211; 16:30 Coffee break<br \/>  16:30 &#8211; 17:00 <b>Timo Peltola:<\/b> <i>TiO<sub>2<\/sub>&#8211; and TiO<sub>2<\/sub>-SiO<sub>2<\/sub> thin films as bioactive coatings on different substrates<\/i><br \/>  17:00 &#8211; 17:30<span style=\"font-weight: bold;\">&nbsp;<\/span><b>Ville Meretoja:<\/b> <i>Characterization of different Biomaterials from the viewpoint of biology and medicine<\/i><br \/>  17:30 &#8211; 18:00 <b>Mika Jokinen:<\/b> <i>Sol-gel derived SiO<sub>2<\/sub>:s in the controlled delivery of biologically active agents<\/i><br \/>  18:00 <b>Krzysztof Maruszewski:<\/b> <i>Closing of the Symposium<\/i><\/p>\n","protected":false},"excerpt":{"rendered":"<p>18-19.03.05 Wroc\u0142aw University of Technology s. 241 A-1 Pictures from the Symposium&nbsp; Friday 18.03.05 9:00 &#8211; 9:30 Opening &#8211; Krzysztof Maruszewski: SGMN &#8211; overview 9:30 &#8211; 10:00 Simo-Pekka Hannula: Materials research at VTT and Helsinki University of Technology, an overview 10:00 &#8211; 10:30 Mika Jokinen: General: Biomaterials Researches in Turku and Generally about Biomaterials 10:30 &hellip; <a href=\"https:\/\/kmim.wm.pwr.edu.pl\/immt\/instytut-materialoznawstwa-i-mechaniki-technicznej\/konferencje-organizowane-przez-instytut-materialoznawstwa-i-mechaniki-technicznej\/1st-polish-finnish-symposium-on-functional-sol-gel-materials\/\" class=\"more-link\">Czytaj dalej <span class=\"screen-reader-text\">1st Polish-Finnish Symposium on Functional Sol-Gel Materials<\/span> <span class=\"meta-nav\">&rarr;<\/span><\/a><\/p>\n","protected":false},"author":1,"featured_media":0,"parent":1410,"menu_order":0,"comment_status":"closed","ping_status":"open","template":"","meta":{"ngg_post_thumbnail":0,"footnotes":""},"class_list":["post-1431","page","type-page","status-publish","hentry"],"publishpress_future_action":{"enabled":false,"date":"2026-04-23 20:47:52","action":"change-status","newStatus":"draft","terms":[],"taxonomy":"language","extraData":[]},"publishpress_future_workflow_manual_trigger":{"enabledWorkflows":[]},"_links":{"self":[{"href":"https:\/\/kmim.wm.pwr.edu.pl\/immt\/wp-json\/wp\/v2\/pages\/1431","targetHints":{"allow":["GET"]}}],"collection":[{"href":"https:\/\/kmim.wm.pwr.edu.pl\/immt\/wp-json\/wp\/v2\/pages"}],"about":[{"href":"https:\/\/kmim.wm.pwr.edu.pl\/immt\/wp-json\/wp\/v2\/types\/page"}],"author":[{"embeddable":true,"href":"https:\/\/kmim.wm.pwr.edu.pl\/immt\/wp-json\/wp\/v2\/users\/1"}],"replies":[{"embeddable":true,"href":"https:\/\/kmim.wm.pwr.edu.pl\/immt\/wp-json\/wp\/v2\/comments?post=1431"}],"version-history":[{"count":0,"href":"https:\/\/kmim.wm.pwr.edu.pl\/immt\/wp-json\/wp\/v2\/pages\/1431\/revisions"}],"up":[{"embeddable":true,"href":"https:\/\/kmim.wm.pwr.edu.pl\/immt\/wp-json\/wp\/v2\/pages\/1410"}],"wp:attachment":[{"href":"https:\/\/kmim.wm.pwr.edu.pl\/immt\/wp-json\/wp\/v2\/media?parent=1431"}],"curies":[{"name":"wp","href":"https:\/\/api.w.org\/{rel}","templated":true}]}}