{"id":1432,"date":"2006-02-06T10:32:23","date_gmt":"2006-02-06T09:32:23","guid":{"rendered":"http:\/\/kmim.wm.pwr.edu.pl\/immt\/instytut-materialoznawstwa-i-mechaniki-technicznej\/konferencje-organizowane-przez-instytut-materialoznawstwa-i-mechaniki-technicznej\/the-first-polish-czech-seminar-on-sol-gel-nanomaterials\/"},"modified":"2014-11-17T18:12:36","modified_gmt":"2014-11-17T17:12:36","slug":"the-first-polish-czech-seminar-on-sol-gel-nanomaterials","status":"publish","type":"page","link":"https:\/\/kmim.wm.pwr.edu.pl\/immt\/instytut-materialoznawstwa-i-mechaniki-technicznej\/konferencje-organizowane-przez-instytut-materialoznawstwa-i-mechaniki-technicznej\/the-first-polish-czech-seminar-on-sol-gel-nanomaterials\/","title":{"rendered":"The First Polish-Czech Seminar on Sol-Gel Nanomaterials"},"content":{"rendered":"<p>Programme<\/p>\n<p><b>Wednesday 8.02.<\/b><br \/>\n15:15 \u2013 15:20\u00a0<i>Welcome<\/i><br \/>\n15:20 \u2013 16:05\u00a0<a href=\"http:\/\/kmim.wm.pwr.edu.pl\/immt\/wp-content\/uploads\/sites\/58\/2006\/02\/vejprawowa.pdf\"><strong>J. Poltierow\u00e1 Vejprawow\u00e1<\/strong>: Magnetic Properties of Nanoparticles<\/a><br \/>\n16:05 \u2013 16:35\u00a0<a href=\"http:\/\/kmim.wm.pwr.edu.pl\/immt\/wp-content\/uploads\/sites\/58\/2006\/02\/zaveta.pdf\"><strong>Karel Z\u00e1v\u011bta<\/strong>: Superparamagnetic properties of -Fe<sub>2<\/sub>O<sub>3<\/sub> particles: M\u00f6ssbauer spectroscopy nad DC magnetic measurements<\/a><br \/>\n16:35 \u2013 17:05\u00a0<a href=\"http:\/\/kmim.wm.pwr.edu.pl\/immt\/wp-content\/uploads\/sites\/58\/2006\/02\/kaleta.pdf\"><strong>Jerzy Kaleta at al:<\/strong> Exerimental Methods in Testing of Smart Magnetic Materials<\/a><br \/>\n17:05 \u2013 17:30 Coffee Break<br \/>\n17:30 \u2013 18:30 Lab tour \u2013 Jacek Bomba, Jerzy Kaleta, Daniel Lewandowski, Piotr Zaj\u0105c<br \/>\n18:30 Dinner<\/p>\n<p><b>Thursday 09.02.<\/b><br \/>\n09:00 \u2013 09:30\u00a0<a href=\"http:\/\/kmim.wm.pwr.edu.pl\/immt\/wp-content\/uploads\/sites\/58\/2006\/02\/maruszwski.pdf\"><strong>Krzysztof Maruszewski<\/strong>: The Sol-Gel Materials &amp; Nanotechnology Center of Excellence &#8212; an overview<\/a><br \/>\n09:30 \u2013 10:15\u00a0<a href=\"http:\/\/kmim.wm.pwr.edu.pl\/immt\/wp-content\/uploads\/sites\/58\/2006\/02\/nizansky.pdf\"><strong>Daniel Ni\u017e\u0148ansk\u00fd<\/strong>: Preparation of Silica\/Ferrite Nanocomposites<\/a><br \/>\n10:15 \u2013 10:45\u00a0<b>Adriana Lancok<\/b> \u201c<i>Aerogels containing Fe2O3 &#8212; magnetic behaviour<\/i>\u201d<br \/>\n10:45 \u2013 11:15 Coffee break<br \/>\n11:15 \u2013 11:45\u00a0<a href=\"http:\/\/kmim.wm.pwr.edu.pl\/immt\/wp-content\/uploads\/sites\/58\/2006\/02\/plocek.pdf\"><strong>Ji\u0159\u00ed Plocek<\/strong>: Synthesis of Silica Spheres and CoFe<sub>2<\/sub>O<sub>4<\/sub>\/SiO<sub>2<\/sub> Spheres by Microemulsion Process<\/a><br \/>\n11:45 &#8211; 12:15\u00a0<a href=\"http:\/\/kmim.wm.pwr.edu.pl\/immt\/wp-content\/uploads\/sites\/58\/2006\/02\/lipiec.pdf\"><strong>Wojciech Lipiec<\/strong>: Anisotropic NdFeB magnets by hot plastic deformation<\/a><br \/>\n12:15 \u2013 14:00 Lab tour &#8211; Wies\u0142aw Wilczy\u0144ski, Anna \u0141ukowiak, Beata Borak,Justyna Krzak-Ro\u015b, Bart\u0142omiej Korusiewicz<br \/>\n14:00 -Dinner<\/p>\n","protected":false},"excerpt":{"rendered":"<p>Programme Wednesday 8.02. 15:15 \u2013 15:20\u00a0Welcome 15:20 \u2013 16:05\u00a0J. Poltierow\u00e1 Vejprawow\u00e1: Magnetic Properties of Nanoparticles 16:05 \u2013 16:35\u00a0Karel Z\u00e1v\u011bta: Superparamagnetic properties of -Fe2O3 particles: M\u00f6ssbauer spectroscopy nad DC magnetic measurements 16:35 \u2013 17:05\u00a0Jerzy Kaleta at al: Exerimental Methods in Testing of Smart Magnetic Materials 17:05 \u2013 17:30 Coffee Break 17:30 \u2013 18:30 Lab tour \u2013 &hellip; <a href=\"https:\/\/kmim.wm.pwr.edu.pl\/immt\/instytut-materialoznawstwa-i-mechaniki-technicznej\/konferencje-organizowane-przez-instytut-materialoznawstwa-i-mechaniki-technicznej\/the-first-polish-czech-seminar-on-sol-gel-nanomaterials\/\" class=\"more-link\">Czytaj dalej <span class=\"screen-reader-text\">The First Polish-Czech Seminar on Sol-Gel Nanomaterials<\/span> <span class=\"meta-nav\">&rarr;<\/span><\/a><\/p>\n","protected":false},"author":1,"featured_media":0,"parent":1410,"menu_order":0,"comment_status":"closed","ping_status":"open","template":"","meta":{"ngg_post_thumbnail":0,"footnotes":""},"class_list":["post-1432","page","type-page","status-publish","hentry"],"publishpress_future_action":{"enabled":false,"date":"2026-04-21 23:34:08","action":"change-status","newStatus":"draft","terms":[],"taxonomy":"language","extraData":[]},"publishpress_future_workflow_manual_trigger":{"enabledWorkflows":[]},"_links":{"self":[{"href":"https:\/\/kmim.wm.pwr.edu.pl\/immt\/wp-json\/wp\/v2\/pages\/1432","targetHints":{"allow":["GET"]}}],"collection":[{"href":"https:\/\/kmim.wm.pwr.edu.pl\/immt\/wp-json\/wp\/v2\/pages"}],"about":[{"href":"https:\/\/kmim.wm.pwr.edu.pl\/immt\/wp-json\/wp\/v2\/types\/page"}],"author":[{"embeddable":true,"href":"https:\/\/kmim.wm.pwr.edu.pl\/immt\/wp-json\/wp\/v2\/users\/1"}],"replies":[{"embeddable":true,"href":"https:\/\/kmim.wm.pwr.edu.pl\/immt\/wp-json\/wp\/v2\/comments?post=1432"}],"version-history":[{"count":2,"href":"https:\/\/kmim.wm.pwr.edu.pl\/immt\/wp-json\/wp\/v2\/pages\/1432\/revisions"}],"predecessor-version":[{"id":2420,"href":"https:\/\/kmim.wm.pwr.edu.pl\/immt\/wp-json\/wp\/v2\/pages\/1432\/revisions\/2420"}],"up":[{"embeddable":true,"href":"https:\/\/kmim.wm.pwr.edu.pl\/immt\/wp-json\/wp\/v2\/pages\/1410"}],"wp:attachment":[{"href":"https:\/\/kmim.wm.pwr.edu.pl\/immt\/wp-json\/wp\/v2\/media?parent=1432"}],"curies":[{"name":"wp","href":"https:\/\/api.w.org\/{rel}","templated":true}]}}