{"id":1433,"date":"2003-12-07T13:54:40","date_gmt":"2003-12-07T12:54:40","guid":{"rendered":"http:\/\/kmim.wm.pwr.edu.pl\/immt\/instytut-materialoznawstwa-i-mechaniki-technicznej\/konferencje-organizowane-przez-instytut-materialoznawstwa-i-mechaniki-technicznej\/letnie-szkoly-mechaniki-pekania\/"},"modified":"2003-12-07T13:54:40","modified_gmt":"2003-12-07T12:54:40","slug":"letnie-szkoly-mechaniki-pekania","status":"publish","type":"page","link":"https:\/\/kmim.wm.pwr.edu.pl\/immt\/instytut-materialoznawstwa-i-mechaniki-technicznej\/konferencje-organizowane-przez-instytut-materialoznawstwa-i-mechaniki-technicznej\/letnie-szkoly-mechaniki-pekania\/","title":{"rendered":"Letnie Szko\u0142y Mechaniki P\u0119kania"},"content":{"rendered":"<table width=\"100%\" cols=\"2\" border=\"0\">\n<tbody>\n<tr valign=\"middle\" align=\"center\">\n<td><strong>LETNIE SZKO\u0141Y MECHANIKI P\u0118KANIA<\/strong><\/td>\n<td><strong>&#1051;&#1030;&#1058;&#1053;&#1071; &#1064;&#1050;&#1054;&#1051;&#1040; &#1052;&#1045;&#1061;&#1040;&#1053;&#1030;&#1050;&#1040; &#1056;&#1059;&#1049;&#1053;&#1059;&#1042;&#1040;&#1053;&#1053;&#1071;<\/strong><\/td>\n<td><strong>SUMMER SCHOOLS OF FRACTURE MECHANICS<\/strong><\/td>\n<\/tr>\n<\/tbody>\n<\/table>\n<ol>\n<li>Szklarska Por\u0119ba, 1995 &#8211; <i>Mathematical Basis of Fracture Mechanics<\/i> <\/li>\n<li>Szklarska Por\u0119ba, 1996 &#8211; <i>Dynamic Aspects of Fracture Mechanics<\/i> <\/li>\n<li><a href=\"\/konferencje\/lsmp97\/\">Szklarska Por\u0119ba<\/a>, 1997 &#8211; <i>Corrosive Environment influence Aspects in Fracture Mechanics<\/i> <\/li>\n<li>Lviv (Ukraine), 1998 <\/li>\n<li><a href=\"\/konferencje\/lsmp99\/\">Zlate Hory<\/a>, 1999 &#8211; <i>Nondestructive Methods in Fracture Mechanics and Fatigue of Materials<\/i> <\/li>\n<li>Dresden (Germany) , 2000 <\/li>\n<li><a href=\"\/konferencje\/lsmp01\/\">Pokrzywna<\/a>, 2001 &#8211; <i>Current Research on Ffatigue and Fracture<\/i> <\/li>\n<li>Lviv (Ukraine), 2004 &#8211; <em>Fracture Mechanics and Structural Integrity<\/em><\/li>\n<li><a href=\"http:\/\/lsmp.immt.pwr.wroc.pl\/\">Trzebieszowice<\/a>, 2007 &#8212; X Polsko &#8211; Ukrai\u0144sko &#8211; Niemiecka Mi\u0119dzynarodowa Letnia Szko\u0142a Mechaniki P\u0119kania<\/li>\n<\/ol>\n","protected":false},"excerpt":{"rendered":"<p>LETNIE SZKO\u0141Y MECHANIKI P\u0118KANIA &#1051;&#1030;&#1058;&#1053;&#1071; &#1064;&#1050;&#1054;&#1051;&#1040; &#1052;&#1045;&#1061;&#1040;&#1053;&#1030;&#1050;&#1040; &#1056;&#1059;&#1049;&#1053;&#1059;&#1042;&#1040;&#1053;&#1053;&#1071; SUMMER SCHOOLS OF FRACTURE MECHANICS Szklarska Por\u0119ba, 1995 &#8211; Mathematical Basis of Fracture Mechanics Szklarska Por\u0119ba, 1996 &#8211; Dynamic Aspects of Fracture Mechanics Szklarska Por\u0119ba, 1997 &#8211; Corrosive Environment influence Aspects in Fracture Mechanics Lviv (Ukraine), 1998 Zlate Hory, 1999 &#8211; Nondestructive Methods in Fracture Mechanics and &hellip; <a href=\"https:\/\/kmim.wm.pwr.edu.pl\/immt\/instytut-materialoznawstwa-i-mechaniki-technicznej\/konferencje-organizowane-przez-instytut-materialoznawstwa-i-mechaniki-technicznej\/letnie-szkoly-mechaniki-pekania\/\" class=\"more-link\">Czytaj dalej <span class=\"screen-reader-text\">Letnie Szko\u0142y Mechaniki P\u0119kania<\/span> <span class=\"meta-nav\">&rarr;<\/span><\/a><\/p>\n","protected":false},"author":1,"featured_media":0,"parent":1410,"menu_order":0,"comment_status":"closed","ping_status":"open","template":"","meta":{"ngg_post_thumbnail":0,"footnotes":""},"class_list":["post-1433","page","type-page","status-publish","hentry"],"publishpress_future_action":{"enabled":false,"date":"2026-04-22 23:17:01","action":"change-status","newStatus":"draft","terms":[],"taxonomy":"language","extraData":[]},"publishpress_future_workflow_manual_trigger":{"enabledWorkflows":[]},"_links":{"self":[{"href":"https:\/\/kmim.wm.pwr.edu.pl\/immt\/wp-json\/wp\/v2\/pages\/1433","targetHints":{"allow":["GET"]}}],"collection":[{"href":"https:\/\/kmim.wm.pwr.edu.pl\/immt\/wp-json\/wp\/v2\/pages"}],"about":[{"href":"https:\/\/kmim.wm.pwr.edu.pl\/immt\/wp-json\/wp\/v2\/types\/page"}],"author":[{"embeddable":true,"href":"https:\/\/kmim.wm.pwr.edu.pl\/immt\/wp-json\/wp\/v2\/users\/1"}],"replies":[{"embeddable":true,"href":"https:\/\/kmim.wm.pwr.edu.pl\/immt\/wp-json\/wp\/v2\/comments?post=1433"}],"version-history":[{"count":0,"href":"https:\/\/kmim.wm.pwr.edu.pl\/immt\/wp-json\/wp\/v2\/pages\/1433\/revisions"}],"up":[{"embeddable":true,"href":"https:\/\/kmim.wm.pwr.edu.pl\/immt\/wp-json\/wp\/v2\/pages\/1410"}],"wp:attachment":[{"href":"https:\/\/kmim.wm.pwr.edu.pl\/immt\/wp-json\/wp\/v2\/media?parent=1433"}],"curies":[{"name":"wp","href":"https:\/\/api.w.org\/{rel}","templated":true}]}}