{"id":1434,"date":"2004-01-19T22:10:08","date_gmt":"2004-01-19T21:10:08","guid":{"rendered":"http:\/\/kmim.wm.pwr.edu.pl\/immt\/instytut-materialoznawstwa-i-mechaniki-technicznej\/konferencje-organizowane-przez-instytut-materialoznawstwa-i-mechaniki-technicznej\/technologie-recyklingu-tworzyw-sztucznych\/"},"modified":"2014-11-04T09:44:53","modified_gmt":"2014-11-04T08:44:53","slug":"technologie-recyklingu-tworzyw-sztucznych","status":"publish","type":"page","link":"https:\/\/kmim.wm.pwr.edu.pl\/immt\/instytut-materialoznawstwa-i-mechaniki-technicznej\/konferencje-organizowane-przez-instytut-materialoznawstwa-i-mechaniki-technicznej\/technologie-recyklingu-tworzyw-sztucznych\/","title":{"rendered":"Technologie Recyklingu Tworzyw Sztucznych"},"content":{"rendered":"<p><a href=\"http:\/\/kmim.wm.pwr.edu.pl\/immt\/wp-content\/uploads\/sites\/58\/2004\/01\/Clipboard02.jpg\"><img loading=\"lazy\" decoding=\"async\" class=\"alignleft size-full wp-image-1757\" src=\"http:\/\/kmim.wm.pwr.edu.pl\/immt\/wp-content\/uploads\/sites\/58\/2004\/01\/Clipboard02.jpg\" alt=\"Clipboard02\" width=\"88\" height=\"88\" \/><\/a><a href=\"http:\/\/kmim.wm.pwr.edu.pl\/immt\/wp-content\/uploads\/sites\/58\/2004\/01\/Clipboard03.jpg\"><img loading=\"lazy\" decoding=\"async\" class=\"alignright size-full wp-image-1759\" src=\"http:\/\/kmim.wm.pwr.edu.pl\/immt\/wp-content\/uploads\/sites\/58\/2004\/01\/Clipboard03.jpg\" alt=\"Clipboard03\" width=\"88\" height=\"80\" \/><\/a><\/p>\n<div align=\"center\"><strong>Instytut Materia\u0142oznawstwa i Mechaniki Technicznej<br \/>\nCentrum Doskona\u0142o\u015bci Recyklingu Materia\u0142\u00f3w<\/strong><br \/>\n<a href=\"http:\/\/www.recykling.pwr.wroc.pl\" name=\"tex2html1\">www.recykling.pwr.wroc.pl<\/a><\/div>\n<p><span class=\"textbf\"><a href=\"http:\/\/recykling.pwr.wroc.pl\/\">Centrum Doskona\u0142o\u015bci Recyklingu Materia\u0142\u00f3w<\/a><\/span> utworzone decyzj\u0105 Unii Europejskiej w 2003 r. jako wiod\u0105cy o\u015brodek recyklingu w Europie Centralnej i Wschodniej wsp\u00f3\u0142pracuj\u0105cy z Virtual European Recycling Center, Hiszpania, APME Bruksela, PETCORE Bruksela, koordynator Mi\u0119dzynarodowej Sieci Recyklingu Materia\u0142\u00f3w 3RNET, partner merytoryczny periodyku &#8222;Recykling Review&#8221;. W zwi\u0105zku z istniej\u0105cymi problemami w zakresie recyklingu tworzyw sztucznych organizujemy we Wroc\u0142awiu w dniach 19-20 lutego 2004 r. seminarium:<\/p>\n<div align=\"center\"><strong>Technologie Recyklingu Tworzyw Sztucznych<\/strong><\/div>\n<p>Zapraszamy wszystkich zainteresowanych: in\u017cynier\u00f3w, naukowc\u00f3w, student\u00f3w, firmy zajmuj\u0105ce si\u0119 utylizacj\u0105 odpad\u00f3w oraz przedstawicieli urz\u0119d\u00f3w administracji pa\u0144stwowej i samorz\u0105du terytorialnego odpowiedzialnych za gospodark\u0119 odpadami.<\/p>\n<h5><a name=\"SECTION00010000000000000000\"><\/a>Cel szkolenia<\/h5>\n<p>Upowszechnienie informacji na temat recyklingu tworzyw sztucznych, stosowanych ju\u017c oraz nowych technologii recyklingu, problem\u00f3w technologicznych oraz obowi\u0105zk\u00f3w wynikaj\u0105cych z aktualnych przepis\u00f3w prawnych, praktyki ich wykonania oraz istniej\u0105cych problem\u00f3w.<\/p>\n<h5><a name=\"SECTION00020000000000000000\"><\/a>Program Seminarium<\/h5>\n<p>Zostan\u0105 wyg\u0142oszone referaty dotycz\u0105ce problemu recyklingu odpad\u00f3w z tworzyw sztucznych, m. in.<\/p>\n<ul>\n<li>Przegl\u0105d technologii recyklingu TS stosowanych w Polsce oraz w krajach Unii Europejskiej<\/li>\n<li>Recykling mechaniczny tworzyw sztucznych<\/li>\n<li>Recykling chemiczny odpad\u00f3w<\/li>\n<li>Recykling tworzyw sztucznych do paliw<\/li>\n<li>Odzysk energii z odpad\u00f3w TS<\/li>\n<li>Zmiany w\u0142a\u015bciwo\u015bci u\u017cytkowych materia\u0142\u00f3w po recyklingu<\/li>\n<li>Uszlachetnianie odpad\u00f3w z tworzyw sztucznych<\/li>\n<li>Kompatybilizacja w procesach recyklingu<\/li>\n<li>Recykling folii wielowarstwowych<\/li>\n<\/ul>\n<p>Prezentowane b\u0119d\u0105 w\u0142asne metody i wyniki bada\u0144, pomys\u0142y i refleksje. Tradycyjnie odb\u0119dzie si\u0119 dyskusja nad referatami. Wszystkich ch\u0119tnych prosimy o zg\u0142aszanie temat\u00f3w w\u0142asnych wyst\u0105pie\u0144, referat\u00f3w i prezentacji.<\/p>\n<p>Przewidywana jest prezentacja praktyczna edukacyjnej linii recyklingu tworzyw sztucznych.<\/p>\n<p>Seminarium<\/p>\n<div align=\"center\"><strong>Technologie Recyklingu Tworzyw Sztucznych<\/strong><\/div>\n<p>stanowi drugie z cyklu czterech szkole\u0144. <a href=\"http:\/\/smartsite.immt.pwr.wroc.pl\/index\/zagospodarowanie\">Pierwsze<\/a> odby\u0142o si\u0119 w dniach 2-3.10.2003 na temat legislacji zagospodarowania odpad\u00f3w, a kolejne dotyczy\u0107 b\u0119d\u0105 odpowiednio: recyklingu pojazd\u00f3w samochodowych oraz recyklingu elektroniki.<\/p>\n<p>Uczestnictwo we wszystkich etapach szkolenia b\u0119dzie podstaw\u0105 do uzyskania Certyfikatu Centrum Doskona\u0142o\u015bci Recyklingu Materia\u0142\u00f3w. Przewidujemy mo\u017cliwo\u015b\u0107 zorganizowania seminarium uzupe\u0142niaj\u0105cego dla wszystkich ch\u0119tnych, kt\u00f3rzy nie uczestniczyli w I seminarium.<\/p>\n<p>Prosimy o przesy\u0142anie zg\u0142osze\u0144 uczestnictwa do dnia <span class=\"textbf\">31.01.2004<\/span> r. na adres<br \/>\nSmoluchowskiego 25<br \/>\n50-370 Wroc\u0142aw<br \/>\nTel: (+48) 71 3206216 i 3202765<br \/>\nFax: (+48) 71 3211235<\/p>\n<p>Wp\u0142aty prosimy uiszcza\u0107 na konto Politechniki Wroc\u0142awskiej:<br \/>\nBank Zachodni WBK S.A.<br \/>\n2 Oddzia\u0142 Wroc\u0142aw<br \/>\n37 1090 2402 0000 0006 1000 0434<br \/>\nnr zlecenia: 416069 \/ I-19<\/p>\n<p>Koszt uczestnictwa &#8211; 390 z\u0142 obejmuje materia\u0142y konferencyjne, obiady, przerwy kawowe, uroczyst\u0105 kolacj\u0119 (Op\u0142ata dla uczestnik\u00f3w I Seminarium wynosi 340 z\u0142)<\/p>\n<h5><a name=\"SECTION00030000000000000000\"><\/a>Komitet Organizacyjny Seminarium<\/h5>\n<ul>\n<li>dr hab. in\u017c. Marek Koz\u0142owski<\/li>\n<li>dr in\u017c. Anna Koz\u0142owska<\/li>\n<li>mgr Gra\u017cyna Ko\u0144czal<\/li>\n<li>mgr in\u017c. Olga Bobilak<\/li>\n<li>mgr in\u017c. Inga Po\u0142e\u0107<\/li>\n<\/ul>\n<p>&nbsp;<\/p>\n","protected":false},"excerpt":{"rendered":"<p>Instytut Materia\u0142oznawstwa i Mechaniki Technicznej Centrum Doskona\u0142o\u015bci Recyklingu Materia\u0142\u00f3w www.recykling.pwr.wroc.pl Centrum Doskona\u0142o\u015bci Recyklingu Materia\u0142\u00f3w utworzone decyzj\u0105 Unii Europejskiej w 2003 r. jako wiod\u0105cy o\u015brodek recyklingu w Europie Centralnej i Wschodniej wsp\u00f3\u0142pracuj\u0105cy z Virtual European Recycling Center, Hiszpania, APME Bruksela, PETCORE Bruksela, koordynator Mi\u0119dzynarodowej Sieci Recyklingu Materia\u0142\u00f3w 3RNET, partner merytoryczny periodyku &#8222;Recykling Review&#8221;. W zwi\u0105zku z &hellip; <a href=\"https:\/\/kmim.wm.pwr.edu.pl\/immt\/instytut-materialoznawstwa-i-mechaniki-technicznej\/konferencje-organizowane-przez-instytut-materialoznawstwa-i-mechaniki-technicznej\/technologie-recyklingu-tworzyw-sztucznych\/\" class=\"more-link\">Czytaj dalej <span class=\"screen-reader-text\">Technologie Recyklingu Tworzyw Sztucznych<\/span> <span class=\"meta-nav\">&rarr;<\/span><\/a><\/p>\n","protected":false},"author":1,"featured_media":0,"parent":1410,"menu_order":0,"comment_status":"closed","ping_status":"open","template":"","meta":{"ngg_post_thumbnail":0,"footnotes":""},"class_list":["post-1434","page","type-page","status-publish","hentry"],"publishpress_future_action":{"enabled":false,"date":"2026-04-23 06:18:33","action":"change-status","newStatus":"draft","terms":[],"taxonomy":"language","extraData":[]},"publishpress_future_workflow_manual_trigger":{"enabledWorkflows":[]},"_links":{"self":[{"href":"https:\/\/kmim.wm.pwr.edu.pl\/immt\/wp-json\/wp\/v2\/pages\/1434","targetHints":{"allow":["GET"]}}],"collection":[{"href":"https:\/\/kmim.wm.pwr.edu.pl\/immt\/wp-json\/wp\/v2\/pages"}],"about":[{"href":"https:\/\/kmim.wm.pwr.edu.pl\/immt\/wp-json\/wp\/v2\/types\/page"}],"author":[{"embeddable":true,"href":"https:\/\/kmim.wm.pwr.edu.pl\/immt\/wp-json\/wp\/v2\/users\/1"}],"replies":[{"embeddable":true,"href":"https:\/\/kmim.wm.pwr.edu.pl\/immt\/wp-json\/wp\/v2\/comments?post=1434"}],"version-history":[{"count":3,"href":"https:\/\/kmim.wm.pwr.edu.pl\/immt\/wp-json\/wp\/v2\/pages\/1434\/revisions"}],"predecessor-version":[{"id":1761,"href":"https:\/\/kmim.wm.pwr.edu.pl\/immt\/wp-json\/wp\/v2\/pages\/1434\/revisions\/1761"}],"up":[{"embeddable":true,"href":"https:\/\/kmim.wm.pwr.edu.pl\/immt\/wp-json\/wp\/v2\/pages\/1410"}],"wp:attachment":[{"href":"https:\/\/kmim.wm.pwr.edu.pl\/immt\/wp-json\/wp\/v2\/media?parent=1434"}],"curies":[{"name":"wp","href":"https:\/\/api.w.org\/{rel}","templated":true}]}}