{"id":1436,"date":"2003-12-05T18:17:54","date_gmt":"2003-12-05T17:17:54","guid":{"rendered":"http:\/\/kmim.wm.pwr.edu.pl\/immt\/instytut-materialoznawstwa-i-mechaniki-technicznej\/badania-naukowe\/zaklady\/zaklad-materialoznawstwa\/"},"modified":"2014-11-02T20:51:10","modified_gmt":"2014-11-02T19:51:10","slug":"zaklad-materialoznawstwa","status":"publish","type":"page","link":"https:\/\/kmim.wm.pwr.edu.pl\/immt\/instytut-materialoznawstwa-i-mechaniki-technicznej\/badania-naukowe\/zaklady\/zaklad-materialoznawstwa\/","title":{"rendered":"Zak\u0142ad Materia\u0142oznawstwa"},"content":{"rendered":"<p><strong>Kierownik zak\u0142adu:<\/strong> Dr hab. in\u017c. W\u0142odzimierz DUDZI\u0143SKI, prof. ndzw. PWr.,<\/p>\n<p><strong>Adres:<\/strong> Instytut Materia\u0142oznawstwa i Mechaniki Technicznej Politechniki Wroc\u0142awskiej<br \/>\nul. Mariana Smoluchowskiego<br \/>\n50 &#8211; 370 WROC\u0141AW<br \/>\ne-mail: <a href=\"&#x6d;&#x61;&#x69;&#x6c;&#x74;&#x6f;&#x3a;&#x57;&#x6c;&#x6f;&#x64;&#x7a;&#x69;&#x6d;&#x69;&#x65;&#x72;&#x7a;&#x2e;&#x44;&#x75;&#x64;&#x7a;&#x69;&#x6e;&#x73;&#x6b;&#x69;&#x40;&#x70;&#x77;&#x72;&#x2e;&#x77;&#x72;&#x6f;&#x63;&#x2e;&#x70;&#x6c;:\">Wl&#111;&#100;&#x7a;&#x69;&#x6d;&#x69;er&#122;&#46;&#x44;&#x75;&#x64;&#x7a;in&#115;&#107;&#105;&#x40;&#x70;&#x77;&#x72;&#46;w&#114;&#111;&#x63;&#x2e;&#x70;&#x6c;<\/a><br \/>\ntel (71) 320-37-80<\/p>\n<p>Zak\u0142ad Materia\u0142oznawstwa prowadzi badania struktury oraz w\u0142asno\u015bci mechanicznych i u\u017cytkowych szerokiego spektrum materia\u0142\u00f3w konstrukcyjnych dla wytwarzania maszyn i urz\u0105dze\u0144. W szczeg\u00f3lno\u015bci dotyczy to bada\u0144 metalograficznych i korozyjnych oraz kinetyki i mechanizm\u00f3w przemian fazowych w stopach \u017celaza, miedzi i aluminium oraz struktury i w\u0142asno\u015bci zm\u0119czeniowych materia\u0142\u00f3w spiekanych i wzmocnionych kompozyt\u00f3w polimerowych oraz biomateria\u0142\u00f3w.<\/p>\n<p>Posiadane wyposa\u017cenie laboratoryjne (mikroskopy \u015bwietlne, elektronowe transmisyjne i skaningowe, mikroanalizatory widm energetycznych, dyfraktometry rentgenowskie, urz\u0105dzenia do obr\u00f3bki cieplnej i cieplno-chemicznej w pr\u00f3\u017cni oraz do pomiar\u00f3w w\u0142asno\u015bci fizyko-chemicznych) umo\u017cliwia stosowanie r\u00f3\u017cnorodnych metod bada\u0144 materia\u0142oznawczych dla oceny stopnia degradacji materia\u0142\u00f3w lub przyczyn ich uszkodze\u0144 w d\u0142ugotrwale eksploatowanych maszynach i urz\u0105dzeniach przemys\u0142owych oraz materia\u0142\u00f3w stosowanych na implanty biologiczne.<\/p>\n<p>Zak\u0142ad podejmuje si\u0119 opracowywania technologii wytwarzania nowych materia\u0142\u00f3w dla zastosowa\u0144 laboratoryjnych, przemys\u0142owych i medycznych oraz prowadzi kontrol\u0119 nad procesami ich realizacji.<\/p>\n<ul class=\"list-pages-shortcode sibling-pages\"><li class=\"page_item page-item-1436\"><a href=\"https:\/\/kmim.wm.pwr.edu.pl\/immt\/instytut-materialoznawstwa-i-mechaniki-technicznej\/badania-naukowe\/zaklady\/zaklad-materialoznawstwa\/\">Zak\u0142ad Materia\u0142oznawstwa<\/a><\/li>\n<li class=\"page_item page-item-1437\"><a href=\"https:\/\/kmim.wm.pwr.edu.pl\/immt\/instytut-materialoznawstwa-i-mechaniki-technicznej\/badania-naukowe\/zaklady\/zaklad-mechaniki-osrodkow-ciaglych\/\">Zak\u0142ad Mechaniki O\u015brodk\u00f3w Ci\u0105g\u0142ych<\/a><\/li>\n<li class=\"page_item page-item-1438\"><a href=\"https:\/\/kmim.wm.pwr.edu.pl\/immt\/instytut-materialoznawstwa-i-mechaniki-technicznej\/badania-naukowe\/zaklady\/zaklad-mechaniki-ukladow-dyskretnych\/\">Zak\u0142ad Mechaniki Uk\u0142ad\u00f3w Dyskretnych<\/a><\/li>\n<\/ul>\n","protected":false},"excerpt":{"rendered":"<p>Kierownik zak\u0142adu: Dr hab. in\u017c. W\u0142odzimierz DUDZI\u0143SKI, prof. ndzw. PWr., Adres: Instytut Materia\u0142oznawstwa i Mechaniki Technicznej Politechniki Wroc\u0142awskiej ul. Mariana Smoluchowskiego 50 &#8211; 370 WROC\u0141AW e-mail: &#x57;l&#x6f;d&#x7a;&#105;&#x6d;&#105;e&#x72;z&#x2e;&#68;&#x75;&#100;&#x7a;&#105;n&#x73;k&#x69;&#64;&#x70;&#119;&#x72;&#x2e;w&#x72;o&#x63;&#46;&#x70;&#108; tel (71) 320-37-80 Zak\u0142ad Materia\u0142oznawstwa prowadzi badania struktury oraz w\u0142asno\u015bci mechanicznych i u\u017cytkowych szerokiego spektrum materia\u0142\u00f3w konstrukcyjnych dla wytwarzania maszyn i urz\u0105dze\u0144. W szczeg\u00f3lno\u015bci dotyczy to bada\u0144 metalograficznych &hellip; <a href=\"https:\/\/kmim.wm.pwr.edu.pl\/immt\/instytut-materialoznawstwa-i-mechaniki-technicznej\/badania-naukowe\/zaklady\/zaklad-materialoznawstwa\/\" class=\"more-link\">Czytaj dalej <span class=\"screen-reader-text\">Zak\u0142ad Materia\u0142oznawstwa<\/span> <span class=\"meta-nav\">&rarr;<\/span><\/a><\/p>\n","protected":false},"author":1,"featured_media":0,"parent":1423,"menu_order":0,"comment_status":"closed","ping_status":"open","template":"","meta":{"ngg_post_thumbnail":0,"footnotes":""},"class_list":["post-1436","page","type-page","status-publish","hentry"],"publishpress_future_action":{"enabled":false,"date":"2026-04-12 20:22:56","action":"change-status","newStatus":"draft","terms":[],"taxonomy":"language","extraData":[]},"publishpress_future_workflow_manual_trigger":{"enabledWorkflows":[]},"_links":{"self":[{"href":"https:\/\/kmim.wm.pwr.edu.pl\/immt\/wp-json\/wp\/v2\/pages\/1436","targetHints":{"allow":["GET"]}}],"collection":[{"href":"https:\/\/kmim.wm.pwr.edu.pl\/immt\/wp-json\/wp\/v2\/pages"}],"about":[{"href":"https:\/\/kmim.wm.pwr.edu.pl\/immt\/wp-json\/wp\/v2\/types\/page"}],"author":[{"embeddable":true,"href":"https:\/\/kmim.wm.pwr.edu.pl\/immt\/wp-json\/wp\/v2\/users\/1"}],"replies":[{"embeddable":true,"href":"https:\/\/kmim.wm.pwr.edu.pl\/immt\/wp-json\/wp\/v2\/comments?post=1436"}],"version-history":[{"count":1,"href":"https:\/\/kmim.wm.pwr.edu.pl\/immt\/wp-json\/wp\/v2\/pages\/1436\/revisions"}],"predecessor-version":[{"id":1594,"href":"https:\/\/kmim.wm.pwr.edu.pl\/immt\/wp-json\/wp\/v2\/pages\/1436\/revisions\/1594"}],"up":[{"embeddable":true,"href":"https:\/\/kmim.wm.pwr.edu.pl\/immt\/wp-json\/wp\/v2\/pages\/1423"}],"wp:attachment":[{"href":"https:\/\/kmim.wm.pwr.edu.pl\/immt\/wp-json\/wp\/v2\/media?parent=1436"}],"curies":[{"name":"wp","href":"https:\/\/api.w.org\/{rel}","templated":true}]}}