{"id":1437,"date":"2003-12-29T20:32:32","date_gmt":"2003-12-29T19:32:32","guid":{"rendered":"http:\/\/kmim.wm.pwr.edu.pl\/immt\/instytut-materialoznawstwa-i-mechaniki-technicznej\/badania-naukowe\/zaklady\/zaklad-mechaniki-osrodkow-ciaglych\/"},"modified":"2014-11-02T20:51:34","modified_gmt":"2014-11-02T19:51:34","slug":"zaklad-mechaniki-osrodkow-ciaglych","status":"publish","type":"page","link":"https:\/\/kmim.wm.pwr.edu.pl\/immt\/instytut-materialoznawstwa-i-mechaniki-technicznej\/badania-naukowe\/zaklady\/zaklad-mechaniki-osrodkow-ciaglych\/","title":{"rendered":"Zak\u0142ad Mechaniki O\u015brodk\u00f3w Ci\u0105g\u0142ych"},"content":{"rendered":"<p><strong>Kierownik zak\u0142adu:<\/strong> Dr hab. in\u017c. Jerzy Kaleta<\/p>\n<p><strong>Adres:<\/strong> Instytut Materia\u0142oznawstwa i Mechaniki Technicznej Politechniki Wroc\u0142awskiej<br \/>\nul. Mariana Smoluchowskiego<br \/>\n50 &#8211; 370 WROC\u0141AW<br \/>\ne-mail: <a href=\"m&#97;&#x69;&#x6c;t&#111;&#x3a;&#x4a;e&#114;&#x7a;&#x79;&#46;&#75;&#x61;&#x6c;e&#116;&#x61;&#x40;p&#119;&#114;&#x2e;&#x77;r&#111;&#x63;&#x2e;p&#108;\">&#x4a;&#x65;&#114;&#122;y&#x2e;&#x4b;&#x61;&#108;&#101;t&#x61;&#x40;&#x70;&#119;&#114;&#46;&#x77;&#x72;&#x6f;&#99;&#46;p&#x6c;<\/a><br \/>\ntel (71) 320-34-26<\/p>\n<p>Zak\u0142ad zajmuje si\u0119 rozwojem metod badawczych mechaniki eksperymentalnej, matematycznym modelowaniem proces\u00f3w uszkodzenia materia\u0142\u00f3w oraz ewolucji uk\u0142ad\u00f3w biologicznych, teori\u0105 podobie\u0144stwa modelowego i planowania eksperymentu z wykorzystaniem analizy wymiarowej. Znacz\u0105cym obszarem aktywno\u015bci jest opis rozwoju procesu zm\u0119czenia i p\u0119kania materia\u0142\u00f3w konstrukcyjnych. Realizowane s\u0105 prace maj\u0105ce na celu budow\u0119 modeli cia\u0142a w z\u0142o\u017conym\u00a0 stanie napr\u0119\u017cenia w warunkach obci\u0105\u017ce\u0144 zmiennych. Identyfikacja i aplikacja wybranych krzy\u017cowych efekt\u00f3w magnetomechanicznych i termomechanicznych w procesie zm\u0119czenia jest wykorzystywana do budowy nowych metod bada\u0144 nieniszcz\u0105cych (magnetowizja, termiczna\u00a0 analiza stanu napr\u0119\u017ce\u0144). Przedmiotem zainteresowania s\u0105 r\u00f3\u017cnorodne kompozyty polimerowe o programowanej strukturze i w\u0142asno\u015bciach. Prowadzone s\u0105 badania maj\u0105ce na celu opanowanie metod wytwarzania, badania i identyfikacji w\u0142asno\u015bci nanomateria\u0142\u00f3w uzyskiwanych technologiami zol-\u017cel (sensory polimerowe). Obiektem bada\u0144 jest te\u017c szeroka paleta materia\u0142\u00f3w magnetycznych z grupy SMART (ciecze magnetoreologiczne, materia\u0142y o gigantycznej magnetostrykcji, materia\u0142y z pami\u0119ci\u0105 kszta\u0142tu).<\/p>\n<p>Zak\u0142ad podejmuje si\u0119 opracowywania technologii wytwarzania nowych materia\u0142\u00f3w dla zastosowa\u0144 laboratoryjnych, przemys\u0142owych i medycznych oraz prowadzi kontrol\u0119 nad procesami ich realizacji.<\/p>\n<ul class=\"list-pages-shortcode sibling-pages\"><li class=\"page_item page-item-1436\"><a href=\"https:\/\/kmim.wm.pwr.edu.pl\/immt\/instytut-materialoznawstwa-i-mechaniki-technicznej\/badania-naukowe\/zaklady\/zaklad-materialoznawstwa\/\">Zak\u0142ad Materia\u0142oznawstwa<\/a><\/li>\n<li class=\"page_item page-item-1437\"><a href=\"https:\/\/kmim.wm.pwr.edu.pl\/immt\/instytut-materialoznawstwa-i-mechaniki-technicznej\/badania-naukowe\/zaklady\/zaklad-mechaniki-osrodkow-ciaglych\/\">Zak\u0142ad Mechaniki O\u015brodk\u00f3w Ci\u0105g\u0142ych<\/a><\/li>\n<li class=\"page_item page-item-1438\"><a href=\"https:\/\/kmim.wm.pwr.edu.pl\/immt\/instytut-materialoznawstwa-i-mechaniki-technicznej\/badania-naukowe\/zaklady\/zaklad-mechaniki-ukladow-dyskretnych\/\">Zak\u0142ad Mechaniki Uk\u0142ad\u00f3w Dyskretnych<\/a><\/li>\n<\/ul>\n","protected":false},"excerpt":{"rendered":"<p>Kierownik zak\u0142adu: Dr hab. in\u017c. Jerzy Kaleta Adres: Instytut Materia\u0142oznawstwa i Mechaniki Technicznej Politechniki Wroc\u0142awskiej ul. Mariana Smoluchowskiego 50 &#8211; 370 WROC\u0141AW e-mail: &#x4a;&#x65;&#114;zy&#x2e;&#x4b;&#97;&#108;e&#x74;&#x61;&#64;&#112;w&#x72;&#x2e;&#x77;&#114;oc&#x2e;&#x70;&#108; tel (71) 320-34-26 Zak\u0142ad zajmuje si\u0119 rozwojem metod badawczych mechaniki eksperymentalnej, matematycznym modelowaniem proces\u00f3w uszkodzenia materia\u0142\u00f3w oraz ewolucji uk\u0142ad\u00f3w biologicznych, teori\u0105 podobie\u0144stwa modelowego i planowania eksperymentu z wykorzystaniem analizy wymiarowej. Znacz\u0105cym &hellip; <a href=\"https:\/\/kmim.wm.pwr.edu.pl\/immt\/instytut-materialoznawstwa-i-mechaniki-technicznej\/badania-naukowe\/zaklady\/zaklad-mechaniki-osrodkow-ciaglych\/\" class=\"more-link\">Czytaj dalej <span class=\"screen-reader-text\">Zak\u0142ad Mechaniki O\u015brodk\u00f3w Ci\u0105g\u0142ych<\/span> <span class=\"meta-nav\">&rarr;<\/span><\/a><\/p>\n","protected":false},"author":1,"featured_media":0,"parent":1423,"menu_order":0,"comment_status":"closed","ping_status":"open","template":"","meta":{"ngg_post_thumbnail":0,"footnotes":""},"class_list":["post-1437","page","type-page","status-publish","hentry"],"publishpress_future_action":{"enabled":false,"date":"2026-04-25 06:33:08","action":"change-status","newStatus":"draft","terms":[],"taxonomy":"language","extraData":[]},"publishpress_future_workflow_manual_trigger":{"enabledWorkflows":[]},"_links":{"self":[{"href":"https:\/\/kmim.wm.pwr.edu.pl\/immt\/wp-json\/wp\/v2\/pages\/1437","targetHints":{"allow":["GET"]}}],"collection":[{"href":"https:\/\/kmim.wm.pwr.edu.pl\/immt\/wp-json\/wp\/v2\/pages"}],"about":[{"href":"https:\/\/kmim.wm.pwr.edu.pl\/immt\/wp-json\/wp\/v2\/types\/page"}],"author":[{"embeddable":true,"href":"https:\/\/kmim.wm.pwr.edu.pl\/immt\/wp-json\/wp\/v2\/users\/1"}],"replies":[{"embeddable":true,"href":"https:\/\/kmim.wm.pwr.edu.pl\/immt\/wp-json\/wp\/v2\/comments?post=1437"}],"version-history":[{"count":1,"href":"https:\/\/kmim.wm.pwr.edu.pl\/immt\/wp-json\/wp\/v2\/pages\/1437\/revisions"}],"predecessor-version":[{"id":1595,"href":"https:\/\/kmim.wm.pwr.edu.pl\/immt\/wp-json\/wp\/v2\/pages\/1437\/revisions\/1595"}],"up":[{"embeddable":true,"href":"https:\/\/kmim.wm.pwr.edu.pl\/immt\/wp-json\/wp\/v2\/pages\/1423"}],"wp:attachment":[{"href":"https:\/\/kmim.wm.pwr.edu.pl\/immt\/wp-json\/wp\/v2\/media?parent=1437"}],"curies":[{"name":"wp","href":"https:\/\/api.w.org\/{rel}","templated":true}]}}