{"id":1438,"date":"2003-12-29T20:49:49","date_gmt":"2003-12-29T19:49:49","guid":{"rendered":"http:\/\/kmim.wm.pwr.edu.pl\/immt\/instytut-materialoznawstwa-i-mechaniki-technicznej\/badania-naukowe\/zaklady\/zaklad-mechaniki-ukladow-dyskretnych\/"},"modified":"2014-11-02T20:52:02","modified_gmt":"2014-11-02T19:52:02","slug":"zaklad-mechaniki-ukladow-dyskretnych","status":"publish","type":"page","link":"https:\/\/kmim.wm.pwr.edu.pl\/immt\/instytut-materialoznawstwa-i-mechaniki-technicznej\/badania-naukowe\/zaklady\/zaklad-mechaniki-ukladow-dyskretnych\/","title":{"rendered":"Zak\u0142ad Mechaniki Uk\u0142ad\u00f3w Dyskretnych"},"content":{"rendered":"<p><strong>Kierownik zak\u0142adu:<\/strong> Dr hab. in\u017c. Maciej Kulisiewicz, prof. ndzw. PWr.,<\/p>\n<p><strong>Adres:<\/strong> Instytut Materia\u0142oznawstwa i Mechaniki Technicznej Politechniki Wroc\u0142awskiej<br \/>\nul. Mariana Smoluchowskiego<br \/>\n50 &#8211; 370 Wroc\u0142aw<br \/>\ne-mail: <a href=\"&#109;&#x61;&#x69;l&#116;&#x6f;&#x3a;M&#97;&#x63;i&#101;&#x6a;&#x2e;K&#117;&#x6c;i&#115;&#x69;&#x65;w&#105;&#x63;&#x7a;&#64;&#x70;&#x77;r&#46;&#x77;&#x72;o&#99;&#x2e;p&#108;\">&#77;&#x61;c&#105;&#x65;j&#x2e;&#x4b;&#117;&#x6c;i&#115;&#x69;e&#119;&#x69;&#99;&#x7a;&#64;&#112;&#x77;r&#46;&#x77;&#114;&#x6f;&#x63;&#46;&#x70;l<\/a><br \/>\ntel: +48 (71) 320-27-60<\/p>\n<p>Og\u00f3lnym celem nowo utworzonego zak\u0142adu (wrzesie\u0144 2002) jest rozwijanie metod mechaniki opartych na modelach dyskretnych w sferze teorii i zastosowa\u0144 praktycznych (aplikacja). Dotyczy to zar\u00f3wno dynamiki jak i statyki, przy czym zakres dynamiki jest zdecydowanie wiod\u0105cy. Kierownik Zak\u0142adu jest r\u00f3wnie\u017c redaktorem (vice-editor) czasopisma naukowego &#8222;Studia Geotechnica et Mechanica&#8221; wydawanego przez Politechnik\u0119 Wroc\u0142awsk\u0105 i wysy\u0142anego do ponad 60 kraj\u00f3w \u015bwiata.<\/p>\n<p>Zak\u0142ad zajmuje si\u0119 dynamik\u0105 uk\u0142ad\u00f3w materialnych i konstrukcji, rozwojem metod badawczych mechaniki eksperymentalnej, matematycznym modelowaniem proces\u00f3w uszkodzenia materia\u0142\u00f3w.<\/p>\n<p>W sferze mechaniki eksperymentalnej opracowywane s\u0105 nowe metody bada\u0144 konstrukcji dynamicznych poddanych z\u0142o\u017conym obci\u0105\u017ceniom cyklicznym ( obci\u0105\u017cenia niesinusoidalne ci\u0105g\u0142e, impulsowe ,,losowe&#8221; ). Metody te s\u0105 zbudowane na bazie nieliniowych uk\u0142ad\u00f3w dyskretnych z uwzgl\u0119dnieniem na przyk\u0142ad nieliniowego t\u0142umienia wiskotycznego lub\/i t\u0142umienia typu tarcia suchego. Nowe rozwi\u0105zania w tej dziedzinie s\u0105 weryfikowane eksperymentalnie zar\u00f3wno metodami symulacji komputerowej jak i do\u015bwiadczalnie.<\/p>\n<ul class=\"list-pages-shortcode sibling-pages\"><li class=\"page_item page-item-1436\"><a href=\"https:\/\/kmim.wm.pwr.edu.pl\/immt\/instytut-materialoznawstwa-i-mechaniki-technicznej\/badania-naukowe\/zaklady\/zaklad-materialoznawstwa\/\">Zak\u0142ad Materia\u0142oznawstwa<\/a><\/li>\n<li class=\"page_item page-item-1437\"><a href=\"https:\/\/kmim.wm.pwr.edu.pl\/immt\/instytut-materialoznawstwa-i-mechaniki-technicznej\/badania-naukowe\/zaklady\/zaklad-mechaniki-osrodkow-ciaglych\/\">Zak\u0142ad Mechaniki O\u015brodk\u00f3w Ci\u0105g\u0142ych<\/a><\/li>\n<li class=\"page_item page-item-1438\"><a href=\"https:\/\/kmim.wm.pwr.edu.pl\/immt\/instytut-materialoznawstwa-i-mechaniki-technicznej\/badania-naukowe\/zaklady\/zaklad-mechaniki-ukladow-dyskretnych\/\">Zak\u0142ad Mechaniki Uk\u0142ad\u00f3w Dyskretnych<\/a><\/li>\n<\/ul>\n","protected":false},"excerpt":{"rendered":"<p>Kierownik zak\u0142adu: Dr hab. in\u017c. Maciej Kulisiewicz, prof. ndzw. PWr., Adres: Instytut Materia\u0142oznawstwa i Mechaniki Technicznej Politechniki Wroc\u0142awskiej ul. Mariana Smoluchowskiego 50 &#8211; 370 Wroc\u0142aw e-mail: &#77;&#x61;&#99;&#x69;&#101;&#x6a;&#46;&#x4b;u&#x6c;i&#115;&#x69;&#101;&#x77;&#105;&#x63;&#122;&#x40;p&#x77;r&#x2e;w&#114;&#x6f;&#99;&#x2e;&#112;&#x6c; tel: +48 (71) 320-27-60 Og\u00f3lnym celem nowo utworzonego zak\u0142adu (wrzesie\u0144 2002) jest rozwijanie metod mechaniki opartych na modelach dyskretnych w sferze teorii i zastosowa\u0144 praktycznych (aplikacja). Dotyczy to &hellip; <a href=\"https:\/\/kmim.wm.pwr.edu.pl\/immt\/instytut-materialoznawstwa-i-mechaniki-technicznej\/badania-naukowe\/zaklady\/zaklad-mechaniki-ukladow-dyskretnych\/\" class=\"more-link\">Czytaj dalej <span class=\"screen-reader-text\">Zak\u0142ad Mechaniki Uk\u0142ad\u00f3w Dyskretnych<\/span> <span class=\"meta-nav\">&rarr;<\/span><\/a><\/p>\n","protected":false},"author":1,"featured_media":0,"parent":1423,"menu_order":0,"comment_status":"closed","ping_status":"open","template":"","meta":{"ngg_post_thumbnail":0,"footnotes":""},"class_list":["post-1438","page","type-page","status-publish","hentry"],"publishpress_future_action":{"enabled":false,"date":"2026-04-24 12:38:54","action":"change-status","newStatus":"draft","terms":[],"taxonomy":"language","extraData":[]},"publishpress_future_workflow_manual_trigger":{"enabledWorkflows":[]},"_links":{"self":[{"href":"https:\/\/kmim.wm.pwr.edu.pl\/immt\/wp-json\/wp\/v2\/pages\/1438","targetHints":{"allow":["GET"]}}],"collection":[{"href":"https:\/\/kmim.wm.pwr.edu.pl\/immt\/wp-json\/wp\/v2\/pages"}],"about":[{"href":"https:\/\/kmim.wm.pwr.edu.pl\/immt\/wp-json\/wp\/v2\/types\/page"}],"author":[{"embeddable":true,"href":"https:\/\/kmim.wm.pwr.edu.pl\/immt\/wp-json\/wp\/v2\/users\/1"}],"replies":[{"embeddable":true,"href":"https:\/\/kmim.wm.pwr.edu.pl\/immt\/wp-json\/wp\/v2\/comments?post=1438"}],"version-history":[{"count":1,"href":"https:\/\/kmim.wm.pwr.edu.pl\/immt\/wp-json\/wp\/v2\/pages\/1438\/revisions"}],"predecessor-version":[{"id":1596,"href":"https:\/\/kmim.wm.pwr.edu.pl\/immt\/wp-json\/wp\/v2\/pages\/1438\/revisions\/1596"}],"up":[{"embeddable":true,"href":"https:\/\/kmim.wm.pwr.edu.pl\/immt\/wp-json\/wp\/v2\/pages\/1423"}],"wp:attachment":[{"href":"https:\/\/kmim.wm.pwr.edu.pl\/immt\/wp-json\/wp\/v2\/media?parent=1438"}],"curies":[{"name":"wp","href":"https:\/\/api.w.org\/{rel}","templated":true}]}}