{"id":1442,"date":"2003-12-27T11:03:07","date_gmt":"2003-12-27T10:03:07","guid":{"rendered":"http:\/\/kmim.wm.pwr.edu.pl\/immt\/instytut-materialoznawstwa-i-mechaniki-technicznej\/badania-naukowe\/laboratoria\/laboratorium-materialoznawstwa\/"},"modified":"2014-11-02T20:29:53","modified_gmt":"2014-11-02T19:29:53","slug":"laboratorium-materialoznawstwa","status":"publish","type":"page","link":"https:\/\/kmim.wm.pwr.edu.pl\/immt\/instytut-materialoznawstwa-i-mechaniki-technicznej\/badania-naukowe\/laboratoria\/laboratorium-materialoznawstwa\/","title":{"rendered":"Laboratorium Materia\u0142oznawstwa"},"content":{"rendered":"<p>Kierownik prof. dr hab. in\u017c. <b>W\u0142odzimierz Dudzi\u0144ski<\/b><\/p>\n<p>Adres: 50-372 Wroc\u0142aw<br \/>ul. Smoluchowskiego 25, bud. B-1, pok. 201<br \/>tel. 320-37-80,   320-27-64<br \/>e-mail:<a href=\"&#109;a&#x69;l&#x74;o&#x3a;W&#x6c;&#111;&#x64;&#122;&#x69;&#109;&#x69;&#101;r&#122;&#46;&#x44;u&#x64;z&#x69;&#110;&#x73;&#107;&#x69;&#64;&#x70;&#119;&#x72;&#46;w&#114;o&#x63;&#46;&#x70;l:\">&#87;&#x6c;&#111;&#x64;z&#x69;m&#105;&#x65;&#114;&#x7a;&#46;&#x44;u&#100;&#x7a;&#105;&#x6e;s&#x6b;i&#64;&#x70;&#119;&#x72;&#46;&#x77;r&#111;&#x63;&#46;&#x70;l<\/a><\/p>\n<ul class=\"list-pages-shortcode child-pages\"><li class=\"page_item page-item-1529\"><a href=\"https:\/\/kmim.wm.pwr.edu.pl\/immt\/instytut-materialoznawstwa-i-mechaniki-technicznej\/badania-naukowe\/laboratoria\/laboratorium-materialoznawstwa\/aparatura-specjalistyczna\/\">Aparatura specjalistyczna<\/a><\/li>\n<li class=\"page_item page-item-1528\"><a href=\"https:\/\/kmim.wm.pwr.edu.pl\/immt\/instytut-materialoznawstwa-i-mechaniki-technicznej\/badania-naukowe\/laboratoria\/laboratorium-materialoznawstwa\/charakterystyka-mozliwosci-badawczych\/\">Charakterystyka mo\u017cliwo\u015bci badawczych<\/a><\/li>\n<li class=\"page_item page-item-1527\"><a href=\"https:\/\/kmim.wm.pwr.edu.pl\/immt\/instytut-materialoznawstwa-i-mechaniki-technicznej\/badania-naukowe\/laboratoria\/laboratorium-materialoznawstwa\/prace-naukowo-badawcze-realizowane-w-laboratorium\/\">Prace naukowo-badawcze realizowane w Laboratorium<\/a><\/li>\n<\/ul>\n","protected":false},"excerpt":{"rendered":"<p>Kierownik prof. dr hab. in\u017c. W\u0142odzimierz Dudzi\u0144ski Adres: 50-372 Wroc\u0142awul. Smoluchowskiego 25, bud. B-1, pok. 201tel. 320-37-80, 320-27-64e-mail:&#87;l&#x6f;d&#x7a;&#105;&#x6d;&#105;&#x65;&#114;z&#x2e;D&#x75;&#100;&#x7a;&#105;&#x6e;&#115;&#x6b;&#105;&#64;&#x70;w&#x72;&#46;&#x77;&#114;&#x6f;&#99;&#46;&#x70;l<\/p>\n","protected":false},"author":1,"featured_media":0,"parent":1422,"menu_order":0,"comment_status":"closed","ping_status":"open","template":"","meta":{"ngg_post_thumbnail":0,"footnotes":""},"class_list":["post-1442","page","type-page","status-publish","hentry"],"publishpress_future_action":{"enabled":false,"date":"2026-05-08 15:57:59","action":"change-status","newStatus":"draft","terms":[],"taxonomy":"language","extraData":[]},"publishpress_future_workflow_manual_trigger":{"enabledWorkflows":[]},"_links":{"self":[{"href":"https:\/\/kmim.wm.pwr.edu.pl\/immt\/wp-json\/wp\/v2\/pages\/1442","targetHints":{"allow":["GET"]}}],"collection":[{"href":"https:\/\/kmim.wm.pwr.edu.pl\/immt\/wp-json\/wp\/v2\/pages"}],"about":[{"href":"https:\/\/kmim.wm.pwr.edu.pl\/immt\/wp-json\/wp\/v2\/types\/page"}],"author":[{"embeddable":true,"href":"https:\/\/kmim.wm.pwr.edu.pl\/immt\/wp-json\/wp\/v2\/users\/1"}],"replies":[{"embeddable":true,"href":"https:\/\/kmim.wm.pwr.edu.pl\/immt\/wp-json\/wp\/v2\/comments?post=1442"}],"version-history":[{"count":1,"href":"https:\/\/kmim.wm.pwr.edu.pl\/immt\/wp-json\/wp\/v2\/pages\/1442\/revisions"}],"predecessor-version":[{"id":1563,"href":"https:\/\/kmim.wm.pwr.edu.pl\/immt\/wp-json\/wp\/v2\/pages\/1442\/revisions\/1563"}],"up":[{"embeddable":true,"href":"https:\/\/kmim.wm.pwr.edu.pl\/immt\/wp-json\/wp\/v2\/pages\/1422"}],"wp:attachment":[{"href":"https:\/\/kmim.wm.pwr.edu.pl\/immt\/wp-json\/wp\/v2\/media?parent=1442"}],"curies":[{"name":"wp","href":"https:\/\/api.w.org\/{rel}","templated":true}]}}