{"id":1443,"date":"2005-03-14T11:49:11","date_gmt":"2005-03-14T10:49:11","guid":{"rendered":"http:\/\/kmim.wm.pwr.edu.pl\/immt\/instytut-materialoznawstwa-i-mechaniki-technicznej\/badania-naukowe\/laboratoria\/srodowiskowe-laboratorium-mikroskopii-elektronowej\/"},"modified":"2014-11-02T20:36:53","modified_gmt":"2014-11-02T19:36:53","slug":"srodowiskowe-laboratorium-mikroskopii-elektronowej","status":"publish","type":"page","link":"https:\/\/kmim.wm.pwr.edu.pl\/immt\/instytut-materialoznawstwa-i-mechaniki-technicznej\/badania-naukowe\/laboratoria\/srodowiskowe-laboratorium-mikroskopii-elektronowej\/","title":{"rendered":"\u015arodowiskowe Laboratorium Mikroskopii Elektronowej"},"content":{"rendered":"<p>Kierownik prof. dr hab. in\u017c. <span style=\"font-weight: bold;\">W\u0142odzimierz Dudzi\u0144ski<\/span><br \/> &nbsp;<br \/> Adres:50-372 Wroc\u0142aw<br \/> ul. Smoluchowskiego 25, bud. B-5, pok. 201<br \/> tel. +48 (71) 320-37-80,   +48 (71) 320-27-64<br \/> e-mail: &#x57;l&#x6f;d&#x7a;&#105;&#x6d;&#105;e&#x72;z&#x2e;&#68;&#x75;&#100;&#x7a;&#105;n&#x73;k&#x69;&#64;&#x70;&#119;&#x72;&#x2e;w&#x72;o&#x63;&#46;&#x70;&#108; <\/p>\n<p> \u015arodowiskowe Laboratorium Mikroskopii Elektronowej (\u015aLME) dzia\u0142a w Politechnice Wroc\u0142awskiej jako wyodr\u0119bniona kom\u00f3rka organizacyjna Instytutu Materia\u0142oznawstwa i Mechaniki Technicznej PWr. Kierownikiem Laboratorium jest kierownik Zak\u0142adu Materia\u0142oznawstwa.<\/p>\n<ul class=\"list-pages-shortcode child-pages\"><li class=\"page_item page-item-1532\"><a href=\"https:\/\/kmim.wm.pwr.edu.pl\/immt\/instytut-materialoznawstwa-i-mechaniki-technicznej\/badania-naukowe\/laboratoria\/srodowiskowe-laboratorium-mikroskopii-elektronowej\/aparatura-specjalistyczna\/\">Aparatura specjalistyczna<\/a><\/li>\n<li class=\"page_item page-item-1531\"><a href=\"https:\/\/kmim.wm.pwr.edu.pl\/immt\/instytut-materialoznawstwa-i-mechaniki-technicznej\/badania-naukowe\/laboratoria\/srodowiskowe-laboratorium-mikroskopii-elektronowej\/charakterystyka-mozliwosci-badawczych\/\">Charakterystyka mo\u017cliwo\u015bci badawczych<\/a><\/li>\n<li class=\"page_item page-item-1530\"><a href=\"https:\/\/kmim.wm.pwr.edu.pl\/immt\/instytut-materialoznawstwa-i-mechaniki-technicznej\/badania-naukowe\/laboratoria\/srodowiskowe-laboratorium-mikroskopii-elektronowej\/prace-naukowo-badawcze-realizowane-w-laboratorium\/\">Prace naukowo-badawcze realizowane w laboratorium<\/a><\/li>\n<\/ul>\n","protected":false},"excerpt":{"rendered":"<p>Kierownik prof. dr hab. in\u017c. W\u0142odzimierz Dudzi\u0144ski &nbsp; Adres:50-372 Wroc\u0142aw ul. Smoluchowskiego 25, bud. B-5, pok. 201 tel. +48 (71) 320-37-80, +48 (71) 320-27-64 e-mail: &#x57;&#108;&#111;d&#x7a;&#x69;&#109;i&#x65;&#x72;&#122;&#46;&#x44;&#x75;&#100;z&#x69;&#x6e;&#115;k&#x69;&#x40;&#112;w&#x72;&#x2e;&#119;&#114;o&#x63;&#x2e;&#112;l \u015arodowiskowe Laboratorium Mikroskopii Elektronowej (\u015aLME) dzia\u0142a w Politechnice Wroc\u0142awskiej jako wyodr\u0119bniona kom\u00f3rka organizacyjna Instytutu Materia\u0142oznawstwa i Mechaniki Technicznej PWr. Kierownikiem Laboratorium jest kierownik Zak\u0142adu Materia\u0142oznawstwa.<\/p>\n","protected":false},"author":1,"featured_media":0,"parent":1422,"menu_order":0,"comment_status":"closed","ping_status":"open","template":"","meta":{"ngg_post_thumbnail":0,"footnotes":""},"class_list":["post-1443","page","type-page","status-publish","hentry"],"publishpress_future_action":{"enabled":false,"date":"2026-04-23 04:50:56","action":"change-status","newStatus":"draft","terms":[],"taxonomy":"language","extraData":[]},"publishpress_future_workflow_manual_trigger":{"enabledWorkflows":[]},"_links":{"self":[{"href":"https:\/\/kmim.wm.pwr.edu.pl\/immt\/wp-json\/wp\/v2\/pages\/1443","targetHints":{"allow":["GET"]}}],"collection":[{"href":"https:\/\/kmim.wm.pwr.edu.pl\/immt\/wp-json\/wp\/v2\/pages"}],"about":[{"href":"https:\/\/kmim.wm.pwr.edu.pl\/immt\/wp-json\/wp\/v2\/types\/page"}],"author":[{"embeddable":true,"href":"https:\/\/kmim.wm.pwr.edu.pl\/immt\/wp-json\/wp\/v2\/users\/1"}],"replies":[{"embeddable":true,"href":"https:\/\/kmim.wm.pwr.edu.pl\/immt\/wp-json\/wp\/v2\/comments?post=1443"}],"version-history":[{"count":1,"href":"https:\/\/kmim.wm.pwr.edu.pl\/immt\/wp-json\/wp\/v2\/pages\/1443\/revisions"}],"predecessor-version":[{"id":1575,"href":"https:\/\/kmim.wm.pwr.edu.pl\/immt\/wp-json\/wp\/v2\/pages\/1443\/revisions\/1575"}],"up":[{"embeddable":true,"href":"https:\/\/kmim.wm.pwr.edu.pl\/immt\/wp-json\/wp\/v2\/pages\/1422"}],"wp:attachment":[{"href":"https:\/\/kmim.wm.pwr.edu.pl\/immt\/wp-json\/wp\/v2\/media?parent=1443"}],"curies":[{"name":"wp","href":"https:\/\/api.w.org\/{rel}","templated":true}]}}