{"id":1444,"date":"2008-11-17T12:32:08","date_gmt":"2008-11-17T11:32:08","guid":{"rendered":"http:\/\/kmim.wm.pwr.edu.pl\/immt\/instytut-materialoznawstwa-i-mechaniki-technicznej\/pracownicy\/osobowosci\/egon-dworzak\/"},"modified":"2014-11-03T20:11:50","modified_gmt":"2014-11-03T19:11:50","slug":"egon-dworzak","status":"publish","type":"page","link":"https:\/\/kmim.wm.pwr.edu.pl\/immt\/instytut-materialoznawstwa-i-mechaniki-technicznej\/pracownicy\/osobowosci\/egon-dworzak\/","title":{"rendered":"Egon Dworzak"},"content":{"rendered":"<p><a href=\"http:\/\/kmim.wm.pwr.edu.pl\/immt\/wp-content\/uploads\/sites\/58\/2008\/11\/Dworzak.jpg\"><img loading=\"lazy\" decoding=\"async\" class=\"alignright wp-image-1697 size-medium\" src=\"http:\/\/kmim.wm.pwr.edu.pl\/immt\/wp-content\/uploads\/sites\/58\/2008\/11\/Dworzak-199x300.jpg\" alt=\"Dworzak\" width=\"199\" height=\"300\" srcset=\"https:\/\/kmim.wm.pwr.edu.pl\/immt\/wp-content\/uploads\/sites\/58\/2008\/11\/Dworzak-199x300.jpg 199w, https:\/\/kmim.wm.pwr.edu.pl\/immt\/wp-content\/uploads\/sites\/58\/2008\/11\/Dworzak.jpg 410w\" sizes=\"auto, (max-width: 199px) 100vw, 199px\" \/><\/a>Urodzi\u0142 si\u0119 6.10.1895 roku w Ostrawie, gdzie uko\u0144czy\u0142 szko\u0142\u0119 \u015bredni\u0105. Studia wy\u017csze odbywa\u0142 na Politechnikach w Brnie i w Wiedniu. Uko\u0144czy\u0142 je w 1920 r. W latach 1919-1925 by\u0142 kierownikiem ruchu w przemy\u015ble naftowym, nast\u0119pnie w latach 1925-1937 szefem Wydzia\u0142u Hutnictwa \u017belaza na G\u00f3rnym \u015al\u0105sku. W latach 1937-1939 by\u0142 zatrudniony w przemy\u015ble zbrojeniowym. Po wybuchu wojny przeni\u00f3s\u0142 si\u0119 do Zak\u0142ad\u00f3w Hutniczych w Witkowicach w Czechos\u0142owacji, gdzie pracowa\u0142 do ko\u0144ca wojny. W roku 1943 uzyska\u0142 stopie\u0144 doktora nauk technicznych. Jego zaiteresowania naukowo-badawcze w owym czasie, udokumentowane publikacjami, dotyczy\u0142y zagadnie\u0144 technologicznych i w\u0142asno\u015bci materia\u0142\u00f3w hutniczych.<\/p>\n<p>Od 1945 roku by\u0142 dyrektorem Zak\u0142ad\u00f3w Przemys\u0142u Metalowego we Wroc\u0142awiu i jednocze\u015bnie zosta\u0142 zatrudniony w Politechnice Wroc\u0142awskiej, pocz\u0105tkowo na Wydziale Hutniczym, a nast\u0119pnie na Wydziale Mechaniczno-Energetycznym. Od pocz\u0105tku wsp\u00f3\u0142pracowa\u0142 w organizowaniu Katedry Technologii Maszyn i Laboratori\u00f3w z ni\u0105 zwi\u0105zanych. Od roku 1946 zosta\u0142 kierownikiem tej Katedry. W roku 1947 zosta\u0142 profesorem kontraktowym. Wypromowa\u0142 kilku doktor\u00f3w nauk technicznych. Zmar\u0142 w 1964 roku.<\/p>\n","protected":false},"excerpt":{"rendered":"<p>Urodzi\u0142 si\u0119 6.10.1895 roku w Ostrawie, gdzie uko\u0144czy\u0142 szko\u0142\u0119 \u015bredni\u0105. Studia wy\u017csze odbywa\u0142 na Politechnikach w Brnie i w Wiedniu. Uko\u0144czy\u0142 je w 1920 r. W latach 1919-1925 by\u0142 kierownikiem ruchu w przemy\u015ble naftowym, nast\u0119pnie w latach 1925-1937 szefem Wydzia\u0142u Hutnictwa \u017belaza na G\u00f3rnym \u015al\u0105sku. W latach 1937-1939 by\u0142 zatrudniony w przemy\u015ble zbrojeniowym. Po wybuchu &hellip; <a href=\"https:\/\/kmim.wm.pwr.edu.pl\/immt\/instytut-materialoznawstwa-i-mechaniki-technicznej\/pracownicy\/osobowosci\/egon-dworzak\/\" class=\"more-link\">Czytaj dalej <span class=\"screen-reader-text\">Egon Dworzak<\/span> <span class=\"meta-nav\">&rarr;<\/span><\/a><\/p>\n","protected":false},"author":1,"featured_media":0,"parent":1416,"menu_order":0,"comment_status":"closed","ping_status":"open","template":"","meta":{"ngg_post_thumbnail":0,"footnotes":""},"class_list":["post-1444","page","type-page","status-publish","hentry"],"publishpress_future_action":{"enabled":false,"date":"2026-04-30 01:52:20","action":"change-status","newStatus":"draft","terms":[],"taxonomy":"language","extraData":[]},"publishpress_future_workflow_manual_trigger":{"enabledWorkflows":[]},"_links":{"self":[{"href":"https:\/\/kmim.wm.pwr.edu.pl\/immt\/wp-json\/wp\/v2\/pages\/1444","targetHints":{"allow":["GET"]}}],"collection":[{"href":"https:\/\/kmim.wm.pwr.edu.pl\/immt\/wp-json\/wp\/v2\/pages"}],"about":[{"href":"https:\/\/kmim.wm.pwr.edu.pl\/immt\/wp-json\/wp\/v2\/types\/page"}],"author":[{"embeddable":true,"href":"https:\/\/kmim.wm.pwr.edu.pl\/immt\/wp-json\/wp\/v2\/users\/1"}],"replies":[{"embeddable":true,"href":"https:\/\/kmim.wm.pwr.edu.pl\/immt\/wp-json\/wp\/v2\/comments?post=1444"}],"version-history":[{"count":1,"href":"https:\/\/kmim.wm.pwr.edu.pl\/immt\/wp-json\/wp\/v2\/pages\/1444\/revisions"}],"predecessor-version":[{"id":1698,"href":"https:\/\/kmim.wm.pwr.edu.pl\/immt\/wp-json\/wp\/v2\/pages\/1444\/revisions\/1698"}],"up":[{"embeddable":true,"href":"https:\/\/kmim.wm.pwr.edu.pl\/immt\/wp-json\/wp\/v2\/pages\/1416"}],"wp:attachment":[{"href":"https:\/\/kmim.wm.pwr.edu.pl\/immt\/wp-json\/wp\/v2\/media?parent=1444"}],"curies":[{"name":"wp","href":"https:\/\/api.w.org\/{rel}","templated":true}]}}