{"id":1445,"date":"2008-11-17T12:55:39","date_gmt":"2008-11-17T11:55:39","guid":{"rendered":"http:\/\/kmim.wm.pwr.edu.pl\/immt\/instytut-materialoznawstwa-i-mechaniki-technicznej\/pracownicy\/osobowosci\/stanislaw-bodaszewski\/"},"modified":"2014-11-04T09:38:44","modified_gmt":"2014-11-04T08:38:44","slug":"stanislaw-bodaszewski","status":"publish","type":"page","link":"https:\/\/kmim.wm.pwr.edu.pl\/immt\/instytut-materialoznawstwa-i-mechaniki-technicznej\/pracownicy\/osobowosci\/stanislaw-bodaszewski\/","title":{"rendered":"Stanis\u0142aw Bodaszewski"},"content":{"rendered":"<p><a href=\"http:\/\/kmim.wm.pwr.edu.pl\/immt\/wp-content\/uploads\/sites\/58\/2008\/11\/Bodaszewski.jpg\"><img loading=\"lazy\" decoding=\"async\" class=\"alignright size-medium wp-image-1750\" src=\"http:\/\/kmim.wm.pwr.edu.pl\/immt\/wp-content\/uploads\/sites\/58\/2008\/11\/Bodaszewski-195x300.jpg\" alt=\"Bodaszewski\" width=\"195\" height=\"300\" srcset=\"https:\/\/kmim.wm.pwr.edu.pl\/immt\/wp-content\/uploads\/sites\/58\/2008\/11\/Bodaszewski-195x300.jpg 195w, https:\/\/kmim.wm.pwr.edu.pl\/immt\/wp-content\/uploads\/sites\/58\/2008\/11\/Bodaszewski.jpg 406w\" sizes=\"auto, (max-width: 195px) 100vw, 195px\" \/><\/a>Urodzi\u0142 si\u0119 5.09.1905 roku w Wiedniu. Szko\u0142\u0119 \u015bredni\u0105 uko\u0144czy\u0142 we Lwowie w 1917 roku. W latach 1918-1921 s\u0142u\u017cy\u0142 w wojsku. Studia wy\u017csze na Wydziale In\u017cynierii L\u0105dowej Politechniki Lwowskiej uko\u0144czy\u0142 w roku 1926, dyplom otrzyma\u0142 natomiast w roku 1930. W czasie studi\u00f3w by\u0142 m\u0142odszym asystentem w Katedrze Matematyki. Od roku 1927 pracowa\u0142 jako konstruktor na PKP we Lwowie, a nast\u0119pnie w Toruniu. W roku 1939 powr\u00f3ci\u0142 do Lwowa i pracowa\u0142 w Biurze Budowy i Remont\u00f3w Zarz\u0105du Miejskiego. W roku 1944 zosta\u0142 zatrudniony we Lwowie u prof. W\u0142odzimierza Burzy\u0144skiego.<\/p>\n<p>W roku akademickim 1945\/46 podj\u0105\u0142 prac\u0119 w Politechnice \u015al\u0105skiej oraz Politechnice Wroc\u0142awskiej na stanowisku zast\u0119pcy profesora. Doktoryzowa\u0142 si\u0119 w roku 1950. Jego zaiteresowania naukowe dotyczy\u0142y przede wszystkim teorii wytrzyma\u0142o\u015bci materia\u0142\u00f3w w nietypowych stanach obci\u0105\u017ce\u0144 i hipotez wyt\u0119\u017ceniowych. Prac\u0119 w Politechnice Wroc\u0142awskiej zako\u0144czy\u0142 w sierpniu 1952 r. Zmar\u0142 w 1980 roku.<\/p>\n","protected":false},"excerpt":{"rendered":"<p>Urodzi\u0142 si\u0119 5.09.1905 roku w Wiedniu. Szko\u0142\u0119 \u015bredni\u0105 uko\u0144czy\u0142 we Lwowie w 1917 roku. W latach 1918-1921 s\u0142u\u017cy\u0142 w wojsku. Studia wy\u017csze na Wydziale In\u017cynierii L\u0105dowej Politechniki Lwowskiej uko\u0144czy\u0142 w roku 1926, dyplom otrzyma\u0142 natomiast w roku 1930. W czasie studi\u00f3w by\u0142 m\u0142odszym asystentem w Katedrze Matematyki. Od roku 1927 pracowa\u0142 jako konstruktor na PKP &hellip; <a href=\"https:\/\/kmim.wm.pwr.edu.pl\/immt\/instytut-materialoznawstwa-i-mechaniki-technicznej\/pracownicy\/osobowosci\/stanislaw-bodaszewski\/\" class=\"more-link\">Czytaj dalej <span class=\"screen-reader-text\">Stanis\u0142aw Bodaszewski<\/span> <span class=\"meta-nav\">&rarr;<\/span><\/a><\/p>\n","protected":false},"author":1,"featured_media":0,"parent":1416,"menu_order":0,"comment_status":"closed","ping_status":"open","template":"","meta":{"ngg_post_thumbnail":0,"footnotes":""},"class_list":["post-1445","page","type-page","status-publish","hentry"],"publishpress_future_action":{"enabled":false,"date":"2026-04-30 15:33:58","action":"change-status","newStatus":"draft","terms":[],"taxonomy":"language","extraData":[]},"publishpress_future_workflow_manual_trigger":{"enabledWorkflows":[]},"_links":{"self":[{"href":"https:\/\/kmim.wm.pwr.edu.pl\/immt\/wp-json\/wp\/v2\/pages\/1445","targetHints":{"allow":["GET"]}}],"collection":[{"href":"https:\/\/kmim.wm.pwr.edu.pl\/immt\/wp-json\/wp\/v2\/pages"}],"about":[{"href":"https:\/\/kmim.wm.pwr.edu.pl\/immt\/wp-json\/wp\/v2\/types\/page"}],"author":[{"embeddable":true,"href":"https:\/\/kmim.wm.pwr.edu.pl\/immt\/wp-json\/wp\/v2\/users\/1"}],"replies":[{"embeddable":true,"href":"https:\/\/kmim.wm.pwr.edu.pl\/immt\/wp-json\/wp\/v2\/comments?post=1445"}],"version-history":[{"count":1,"href":"https:\/\/kmim.wm.pwr.edu.pl\/immt\/wp-json\/wp\/v2\/pages\/1445\/revisions"}],"predecessor-version":[{"id":1751,"href":"https:\/\/kmim.wm.pwr.edu.pl\/immt\/wp-json\/wp\/v2\/pages\/1445\/revisions\/1751"}],"up":[{"embeddable":true,"href":"https:\/\/kmim.wm.pwr.edu.pl\/immt\/wp-json\/wp\/v2\/pages\/1416"}],"wp:attachment":[{"href":"https:\/\/kmim.wm.pwr.edu.pl\/immt\/wp-json\/wp\/v2\/media?parent=1445"}],"curies":[{"name":"wp","href":"https:\/\/api.w.org\/{rel}","templated":true}]}}