{"id":1452,"date":"2008-11-18T23:20:12","date_gmt":"2008-11-18T22:20:12","guid":{"rendered":"http:\/\/kmim.wm.pwr.edu.pl\/immt\/instytut-materialoznawstwa-i-mechaniki-technicznej\/pracownicy\/osobowosci\/bronislaw-okolow\/"},"modified":"2014-11-03T20:11:02","modified_gmt":"2014-11-03T19:11:02","slug":"bronislaw-okolow","status":"publish","type":"page","link":"https:\/\/kmim.wm.pwr.edu.pl\/immt\/instytut-materialoznawstwa-i-mechaniki-technicznej\/pracownicy\/osobowosci\/bronislaw-okolow\/","title":{"rendered":"Bronis\u0142aw Oko\u0142\u00f3w"},"content":{"rendered":"<p><a href=\"http:\/\/kmim.wm.pwr.edu.pl\/immt\/wp-content\/uploads\/sites\/58\/2008\/11\/Okolow.jpg\"><img loading=\"lazy\" decoding=\"async\" class=\"alignright wp-image-1694 size-medium\" src=\"http:\/\/kmim.wm.pwr.edu.pl\/immt\/wp-content\/uploads\/sites\/58\/2008\/11\/Okolow-206x300.jpg\" alt=\"Okolow\" width=\"206\" height=\"300\" srcset=\"https:\/\/kmim.wm.pwr.edu.pl\/immt\/wp-content\/uploads\/sites\/58\/2008\/11\/Okolow-206x300.jpg 206w, https:\/\/kmim.wm.pwr.edu.pl\/immt\/wp-content\/uploads\/sites\/58\/2008\/11\/Okolow.jpg 412w\" sizes=\"auto, (max-width: 206px) 100vw, 206px\" \/><\/a>Urodzi\u0142 si\u0119 15.12.1932 roku w Aleksandrowie Kujawskim. W roku 1951 uko\u0144czy\u0142 Liceum Og\u00f3lnokszta\u0142c\u0105ce w Lubaniu \u015al\u0105skim. W latach 1951-1956 studiowa\u0142 na Wydziale Mechanicznym Politechniki Wroc\u0142awskiej, gdzie w roku 1956 otrzyma\u0142 tytu\u0142 magistra in\u017cyniera mechanika. Od 1954 roku rozpocz\u0105\u0142 prac\u0119 w Katedrze Mechaniki Technicznej Politechniki Wroc\u0142awskiej, pocz\u0105tkowo jako asystent, nast\u0119pnie starszy asystent (1958) i adiunkt (1964). W roku 1964 uzyska\u0142 stopie\u0144 doktora nauk technicznych. W roku 1970 zosta\u0142 mianowany docentem.<\/p>\n<p>Specjalizuje si\u0119 w mechanice o\u015brodk\u00f3w ci\u0105g\u0142ych oraz w metodach oblicze\u0144 konstrukcji. Za udzia\u0142 w realizacji pracy <span style=\"font-style: italic;\">Przeno\u015bnik ta\u015bmowy dla g\u00f3rnictwa odkrywkowego<\/span>, nap\u0119dzany silnikiem o mocy 1000kW otrzyma\u0142 w 1979 roku nagrod\u0119 Ministra Nauki Szkolnictwa Wy\u017cszego i Techniki. Prowadzi\u0142 wyk\u0142ady z Mechaniki, Wytrzyma\u0142o\u015bci materia\u0142\u00f3w, Technicznej teorii d\u017awigar\u00f3w powierzchniowych oraz Metody element\u00f3w sko\u0144czonych (pierwsza edycja w 1971 roku).<\/p>\n<p>Pe\u0142ni\u0142 w Instytucie funkcje: kierownika studium doktoranckiego (1972 &#8211; 1975), kierownika zespo\u0142u dydaktycznego (1976 &#8211; 1977), kierownika zespo\u0142u badawczego (1976 &#8211; 1977, 1985 &#8211; 1987). Jest cz\u0142onkiem PTMTS (od 1960 roku) i SIMP (od 1965 roku).<\/p>\n<p>Jest autorem ponad 12 prac w czasopismach krajowych i zagranicznych oraz promotorem 2 prac doktorskich oraz 26 prac dyplomowych.<\/p>\n","protected":false},"excerpt":{"rendered":"<p>Urodzi\u0142 si\u0119 15.12.1932 roku w Aleksandrowie Kujawskim. W roku 1951 uko\u0144czy\u0142 Liceum Og\u00f3lnokszta\u0142c\u0105ce w Lubaniu \u015al\u0105skim. W latach 1951-1956 studiowa\u0142 na Wydziale Mechanicznym Politechniki Wroc\u0142awskiej, gdzie w roku 1956 otrzyma\u0142 tytu\u0142 magistra in\u017cyniera mechanika. Od 1954 roku rozpocz\u0105\u0142 prac\u0119 w Katedrze Mechaniki Technicznej Politechniki Wroc\u0142awskiej, pocz\u0105tkowo jako asystent, nast\u0119pnie starszy asystent (1958) i adiunkt (1964). &hellip; <a href=\"https:\/\/kmim.wm.pwr.edu.pl\/immt\/instytut-materialoznawstwa-i-mechaniki-technicznej\/pracownicy\/osobowosci\/bronislaw-okolow\/\" class=\"more-link\">Czytaj dalej <span class=\"screen-reader-text\">Bronis\u0142aw Oko\u0142\u00f3w<\/span> <span class=\"meta-nav\">&rarr;<\/span><\/a><\/p>\n","protected":false},"author":1,"featured_media":0,"parent":1416,"menu_order":0,"comment_status":"closed","ping_status":"open","template":"","meta":{"ngg_post_thumbnail":0,"footnotes":""},"class_list":["post-1452","page","type-page","status-publish","hentry"],"publishpress_future_action":{"enabled":false,"date":"2026-04-26 20:04:39","action":"change-status","newStatus":"draft","terms":[],"taxonomy":"language","extraData":[]},"publishpress_future_workflow_manual_trigger":{"enabledWorkflows":[]},"_links":{"self":[{"href":"https:\/\/kmim.wm.pwr.edu.pl\/immt\/wp-json\/wp\/v2\/pages\/1452","targetHints":{"allow":["GET"]}}],"collection":[{"href":"https:\/\/kmim.wm.pwr.edu.pl\/immt\/wp-json\/wp\/v2\/pages"}],"about":[{"href":"https:\/\/kmim.wm.pwr.edu.pl\/immt\/wp-json\/wp\/v2\/types\/page"}],"author":[{"embeddable":true,"href":"https:\/\/kmim.wm.pwr.edu.pl\/immt\/wp-json\/wp\/v2\/users\/1"}],"replies":[{"embeddable":true,"href":"https:\/\/kmim.wm.pwr.edu.pl\/immt\/wp-json\/wp\/v2\/comments?post=1452"}],"version-history":[{"count":2,"href":"https:\/\/kmim.wm.pwr.edu.pl\/immt\/wp-json\/wp\/v2\/pages\/1452\/revisions"}],"predecessor-version":[{"id":1696,"href":"https:\/\/kmim.wm.pwr.edu.pl\/immt\/wp-json\/wp\/v2\/pages\/1452\/revisions\/1696"}],"up":[{"embeddable":true,"href":"https:\/\/kmim.wm.pwr.edu.pl\/immt\/wp-json\/wp\/v2\/pages\/1416"}],"wp:attachment":[{"href":"https:\/\/kmim.wm.pwr.edu.pl\/immt\/wp-json\/wp\/v2\/media?parent=1452"}],"curies":[{"name":"wp","href":"https:\/\/api.w.org\/{rel}","templated":true}]}}