{"id":1453,"date":"2008-11-18T23:38:27","date_gmt":"2008-11-18T22:38:27","guid":{"rendered":"http:\/\/kmim.wm.pwr.edu.pl\/immt\/instytut-materialoznawstwa-i-mechaniki-technicznej\/pracownicy\/osobowosci\/barbara-gabryszewska\/"},"modified":"2014-11-03T19:24:11","modified_gmt":"2014-11-03T18:24:11","slug":"barbara-gabryszewska","status":"publish","type":"page","link":"https:\/\/kmim.wm.pwr.edu.pl\/immt\/instytut-materialoznawstwa-i-mechaniki-technicznej\/pracownicy\/osobowosci\/barbara-gabryszewska\/","title":{"rendered":"Barbara Gabryszewska"},"content":{"rendered":"<p><a href=\"http:\/\/kmim.wm.pwr.edu.pl\/immt\/wp-content\/uploads\/sites\/58\/2008\/11\/Gabryszewska.jpg\"><img loading=\"lazy\" decoding=\"async\" class=\"alignright wp-image-1692 size-medium\" src=\"http:\/\/kmim.wm.pwr.edu.pl\/immt\/wp-content\/uploads\/sites\/58\/2008\/11\/Gabryszewska-218x300.jpg\" alt=\"Gabryszewska\" width=\"218\" height=\"300\" srcset=\"https:\/\/kmim.wm.pwr.edu.pl\/immt\/wp-content\/uploads\/sites\/58\/2008\/11\/Gabryszewska-218x300.jpg 218w, https:\/\/kmim.wm.pwr.edu.pl\/immt\/wp-content\/uploads\/sites\/58\/2008\/11\/Gabryszewska.jpg 397w\" sizes=\"auto, (max-width: 218px) 100vw, 218px\" \/><\/a>Urodzi\u0142a si\u0119 18.01.1930 roku w Oktawinie (wojew\u00f3dztwo warszawskie). \u015awiadectwo dojrza\u0142o\u015bci uzyska\u0142a w roku 1951 we Wroc\u0142awiu. W latach 1951 &#8211; 1956 studiowa\u0142a na Wydziale Mechanicznym Politechniki Wroc\u0142awskiej, uzyskuj\u0105c dyplom magistra in\u017cyniera mechanika w specjalno\u015bci technologia budowy maszyn. W czasie studi\u00f3w rozpocz\u0119\u0142a prac\u0119 w Katedrze Mechaniki Technicznej jako m\u0142odszy asystent w roku 1955, asystent w roku 1956, starszy asystent w roku 1958. W roku 1964 uzyska\u0142a stopie\u0144 doktora nauk technicznych i zosta\u0142a mianowana adiunktem. W roku 1972 zosta\u0142a mianowana docentem.<\/p>\n<p>Zajmowa\u0142a si\u0119 wp\u0142ywem r\u00f3wnomiernego wszechstronnego ci\u015bnienia na w\u0142asno\u015bci mechaniczne monokryszta\u0142\u00f3w, w\u0142asno\u015bciami cieczy lepkich, a nast\u0119pnie zagadnieniami wytrzyma\u0142o\u015bci tworzyw sztucznych w z\u0142o\u017conych stanach napr\u0119\u017cenia.<\/p>\n<p>Pe\u0142ni\u0142a liczne funkcje na Wydziale i w Instytucie. W latach 1966 &#8211; 1968 by\u0142a zast\u0119pc\u0105 dyrektora Instytutu ds. gospodarstwa pomocniczego, w latach 1972 &#8211; 1974 Redaktorem Naczelnym Wydawnictw Naukowych i Dydaktycznych, w latach 1974 &#8211; 1987 prodziekanem ds. studenckich Wydzia\u0142u Mechanicznego. W latach 1987 &#8211; 1990 by\u0142a zast\u0119pc\u0105 dyrektora Instytutu ds. dydaktyki.<\/p>\n<p>Jest autork\u0105 i wsp\u00f3\u0142autork\u0105 11 publikacji, ksi\u0105\u017cki oraz skryptu <span style=\"font-style: italic;\">Mechanika og\u00f3lna.<\/span><\/p>\n<p>Przesz\u0142a na emerytur\u0119 w roku 1991.<\/p>\n","protected":false},"excerpt":{"rendered":"<p>Urodzi\u0142a si\u0119 18.01.1930 roku w Oktawinie (wojew\u00f3dztwo warszawskie). \u015awiadectwo dojrza\u0142o\u015bci uzyska\u0142a w roku 1951 we Wroc\u0142awiu. W latach 1951 &#8211; 1956 studiowa\u0142a na Wydziale Mechanicznym Politechniki Wroc\u0142awskiej, uzyskuj\u0105c dyplom magistra in\u017cyniera mechanika w specjalno\u015bci technologia budowy maszyn. W czasie studi\u00f3w rozpocz\u0119\u0142a prac\u0119 w Katedrze Mechaniki Technicznej jako m\u0142odszy asystent w roku 1955, asystent w roku &hellip; <a href=\"https:\/\/kmim.wm.pwr.edu.pl\/immt\/instytut-materialoznawstwa-i-mechaniki-technicznej\/pracownicy\/osobowosci\/barbara-gabryszewska\/\" class=\"more-link\">Czytaj dalej <span class=\"screen-reader-text\">Barbara Gabryszewska<\/span> <span class=\"meta-nav\">&rarr;<\/span><\/a><\/p>\n","protected":false},"author":1,"featured_media":0,"parent":1416,"menu_order":0,"comment_status":"closed","ping_status":"open","template":"","meta":{"ngg_post_thumbnail":0,"footnotes":""},"class_list":["post-1453","page","type-page","status-publish","hentry"],"publishpress_future_action":{"enabled":false,"date":"2026-04-28 15:36:58","action":"change-status","newStatus":"draft","terms":[],"taxonomy":"language","extraData":[]},"publishpress_future_workflow_manual_trigger":{"enabledWorkflows":[]},"_links":{"self":[{"href":"https:\/\/kmim.wm.pwr.edu.pl\/immt\/wp-json\/wp\/v2\/pages\/1453","targetHints":{"allow":["GET"]}}],"collection":[{"href":"https:\/\/kmim.wm.pwr.edu.pl\/immt\/wp-json\/wp\/v2\/pages"}],"about":[{"href":"https:\/\/kmim.wm.pwr.edu.pl\/immt\/wp-json\/wp\/v2\/types\/page"}],"author":[{"embeddable":true,"href":"https:\/\/kmim.wm.pwr.edu.pl\/immt\/wp-json\/wp\/v2\/users\/1"}],"replies":[{"embeddable":true,"href":"https:\/\/kmim.wm.pwr.edu.pl\/immt\/wp-json\/wp\/v2\/comments?post=1453"}],"version-history":[{"count":2,"href":"https:\/\/kmim.wm.pwr.edu.pl\/immt\/wp-json\/wp\/v2\/pages\/1453\/revisions"}],"predecessor-version":[{"id":1693,"href":"https:\/\/kmim.wm.pwr.edu.pl\/immt\/wp-json\/wp\/v2\/pages\/1453\/revisions\/1693"}],"up":[{"embeddable":true,"href":"https:\/\/kmim.wm.pwr.edu.pl\/immt\/wp-json\/wp\/v2\/pages\/1416"}],"wp:attachment":[{"href":"https:\/\/kmim.wm.pwr.edu.pl\/immt\/wp-json\/wp\/v2\/media?parent=1453"}],"curies":[{"name":"wp","href":"https:\/\/api.w.org\/{rel}","templated":true}]}}