{"id":1454,"date":"2008-11-21T19:53:55","date_gmt":"2008-11-21T18:53:55","guid":{"rendered":"http:\/\/kmim.wm.pwr.edu.pl\/immt\/instytut-materialoznawstwa-i-mechaniki-technicznej\/pracownicy\/osobowosci\/krzysztof-maruszewski\/"},"modified":"2008-11-21T19:53:55","modified_gmt":"2008-11-21T18:53:55","slug":"krzysztof-maruszewski","status":"publish","type":"page","link":"https:\/\/kmim.wm.pwr.edu.pl\/immt\/instytut-materialoznawstwa-i-mechaniki-technicznej\/pracownicy\/osobowosci\/krzysztof-maruszewski\/","title":{"rendered":"Krzysztof Maruszewski"},"content":{"rendered":"<p>Urodzi\u0142 si\u0119 dnia 08.08.1964 w Zielonej G\u00f3rze. Uko\u0144czy\u0142 XIV L.O. we Wroc\u0142awiu w roku 1983, a nast\u0119pnie rozpocz\u0105\u0142 studia na Politechnice Wroc\u0142awskiej na Wydziale Po Podstawowych Problem\u00f3w Techniki, kierunek &#8211; Biotechnologia. Studia uko\u0144czy\u0142 w roku 1988 z tytu\u0142em magistra biotechnologii. Nast\u0119pnie wyjecha\u0142 do Stan\u00f3w Zjednoczonych, gdzie w latach 1989 &#8211; 1992 kontynuowa\u0142 nauk\u0119 na studiach doktoranckich w Marquette University, Chemistry Department, Milwaukee. W roku 1992 uzyska\u0142 stopie\u0144 naukowy doktora nauk technicznych. Wr\u00f3ci\u0142 do Polski, gdzie w 1995 roku jego doktorat zosta\u0142 nostryfikowany przez Wydzia\u0142 Chemii Politechniki Wroc\u0142awskiej. W 1999 roku otrzyma\u0142 tytu\u0142 doktora habilitowanego nauk chemicznych. W roku 2000 pracowa\u0142 na stanowisku docenta w Instytucie Niskich Temperatur i Bada\u0144 Strukturalnych &#8211; PAN, we Wroc\u0142awiu. W tym samym roku otrzyma\u0142 tytu\u0142 profesora nadzwyczajnego Politechniki Wroc\u0142awskiej (Wydzia\u0142 Mechaniczny).<br \/> Wielokrotnie odbywa\u0142 sta\u017ce zagraniczne, m.in. w Stanach Zjednoczonych, Finlandii, Izraelu, Francji. Ch\u0119tnie zapraszany do cz\u0142onkostwa w organizacjach i radach naukowych. Zdoby\u0142 wiele cennych nagr\u00f3d i wyr\u00f3\u017cnie\u0144 w kraju i zagranic\u0105.<br \/> Jest autorem i wsp\u00f3\u0142autorem ponad 70 publikacji, g\u0142\u00f3wnie zagranicznych i 2 monografii.<br \/> Obecnie pracuje w Belgii, gdzie obj\u0105\u0142 stanowisko Dyrektora ds. Kontakt\u00f3w Naukowych we Wsp\u00f3lnotowym Centrum Badawczym Komisji Europejskiej (JRC) w Brukseli.<\/p>\n<p> Dodatkowe informacje:<br \/><a href=\"http:\/\/www.immt.pwr.wroc.pl\/~maruszewski\/\" target=\"_blank\">http:\/\/www.immt.pwr.wroc.pl\/~maruszewski\/<\/a><\/p>\n<p><span style=\"text-decoration: underline;\">Chronologicznie<\/span><br \/> Stopnie naukowe:<br \/> 1988 &nbsp;&nbsp; &nbsp;magister biotechnologii praca magisterska: &quot;Komputerowa symulacja ukierunkowanej mutagenezy i jej wp\u0142ywu na aktywno\u015b\u0107 i stabilno\u015b\u0107 bia\u0142ek&quot;, promotor: dr hab. in\u017c. A. Sokalski<br \/> 1992 &nbsp;&nbsp; &nbsp;PhD in Analytical Chemistry, praca doktorska: &quot;Spectroscopy and Physicochemical Properties of Ruthenium(II) Polypyridine Complexes in Free Solutions and Entrapped in Zeolites&quot;promotor: dr J. Kincaid(doktorat nostryfikowany przez Wydzia\u0142 Chemii Politechniki Wroc\u0142awskiej w 1995)<br \/> 1999 &nbsp;&nbsp; &nbsp;doktor habilitowany nauk chemicznych, specjalno\u015b\u0107 &#8211; chemia fizycznarozprawa habilitacyjna: &#8220;Fizykochemiczne i spektroskopowe w\u0142a\u015bciwo\u015bci kompleks\u00f3w metali i moleku\u0142 organicznych immobilizowanych w zeolitach i matrycach zol-\u017celowych<\/p>\n<p> Zajmowane stanowiska:<br \/> 1992 &#8211; 1995 &nbsp;&nbsp; &nbsp;Research Associate Marquette University, Chemistry Department, Milwaukee, WI, USA<br \/> 1995 &#8211; 2000 &nbsp;&nbsp; &nbsp;adjunkt Instytut Chemii, Uniwersytet Opolski<br \/> 1995 &#8211; 2000 &nbsp;&nbsp; &nbsp;adjunkt Instytut Niskich Temperatur i Bada\u0144 Strukturalnych, PAN, Wroc\u0142aw<br \/> 2000 &nbsp;&nbsp; &nbsp;docent Instytut Niskich Temperatur i Bada\u0144 Strukturalnych, PAN, Wroc\u0142aw<br \/> 2000 &nbsp;&nbsp; &nbsp;profesor nadzwyczajny Politechniki Wroc\u0142awskiej Wydzia\u0142 Mechaniczny, Instytut Materia\u0142oznawstwa i Mechaniki Technicznej<\/p>\n<p> Zagraniczne sta\u017ce naukowe:<br \/> 1992 &#8211; 1995 &nbsp;&nbsp; &nbsp;Marquette University, Chemistry Department, Milwaukee, WI, USA<br \/> 1997 &nbsp;&nbsp; &nbsp;2 tyg. w T&uuml;rku University, T&uuml;rku, Finlandia<br \/> 1999 &nbsp;&nbsp; &nbsp;1 tydzie\u0144 w the Hebrew University, Jerozolima, Izrael<br \/> 2002 &nbsp;&nbsp; &nbsp;1 miesi\u0105c w Jackson State University, MS, USA<br \/> 2004 &nbsp;&nbsp; &nbsp;1 miesi\u0105c (Invited Professor) Montpellier University 2, Montpellier, Francja<\/p>\n<p> Cz\u0142onkostwo w organizacjach i radach naukowych:<br \/> 1998 &#8211; &nbsp;&nbsp; &nbsp;cz\u0142onek Polskiego Towarzystwa Chemicznego<br \/> 1999 &#8211; 2000 &nbsp;&nbsp; &nbsp;cz\u0142onek Rady Naukowej Wydzia\u0142u Mat.-Fiz. Chem. Uniwersytetu Opolskiego<br \/> 1999 &#8211; 2000 &nbsp;&nbsp; &nbsp;cz\u0142onek Rady Naukowej Instytutu Chemii Uniwersytetu Opolskiego<br \/> 2000 &nbsp;&nbsp; &nbsp;cz\u0142onek Komisji Doktorskiej Instytutu Chemii Uniwersytetu Opolskiego<br \/> 2000 &#8211; &nbsp;&nbsp; &nbsp;cz\u0142onek Rady Naukowej Wydzia\u0142u Mechanicznego Politechniki Wroc\u0142awskiej<\/p>\n<p> Nagrody i wyr\u00f3\u017cnienia:<br \/> 1985, -86,-88 &nbsp;&nbsp; &nbsp;studenckie nagrody Rektora Politechniki Wroc\u0142awskiej<br \/> 1987 &nbsp;&nbsp; &nbsp;Nagroda Ministra Edukacji i Szkolnictwa Wy\u017cszego &quot;Primus Inter Pares&quot;<br \/> 1994 &nbsp;&nbsp; &nbsp;Certificate of Accomplishment, Marquette Uniwersity<br \/> 1999 &nbsp;&nbsp; &nbsp;z\u0142oty medal z wyr\u00f3\u017cnieniem na 48 Targach Wynalazczo\u015bci Eureka&#8217;99 w Brukseli 2000 Nagroda Indywidualna Ministra Edukacji Narodowej<br \/> 2000 &nbsp;&nbsp; &nbsp;z\u0142oty medal z wyr\u00f3\u017cnieniem na 49 Targach Wynalazczo\u015bci Eureka&#8217;00 w Brukseli<br \/> 2002 &nbsp;&nbsp; &nbsp;z\u0142oty medal na 51 Targach Wynalazczo\u015bci Eureka&#8217;02 w Brukseli<br \/> 2003 &nbsp;&nbsp; &nbsp;z\u0142oty medal na 52 Targach Wynalazczo\u015bci Eureka&#8217;03 w Brukseli<\/p>\n<p> Patenty: 2 (polskie) + 7 wniosk\u00f3w patentowych (polskie).<\/p>\n","protected":false},"excerpt":{"rendered":"<p>Urodzi\u0142 si\u0119 dnia 08.08.1964 w Zielonej G\u00f3rze. Uko\u0144czy\u0142 XIV L.O. we Wroc\u0142awiu w roku 1983, a nast\u0119pnie rozpocz\u0105\u0142 studia na Politechnice Wroc\u0142awskiej na Wydziale Po Podstawowych Problem\u00f3w Techniki, kierunek &#8211; Biotechnologia. Studia uko\u0144czy\u0142 w roku 1988 z tytu\u0142em magistra biotechnologii. Nast\u0119pnie wyjecha\u0142 do Stan\u00f3w Zjednoczonych, gdzie w latach 1989 &#8211; 1992 kontynuowa\u0142 nauk\u0119 na studiach &hellip; <a href=\"https:\/\/kmim.wm.pwr.edu.pl\/immt\/instytut-materialoznawstwa-i-mechaniki-technicznej\/pracownicy\/osobowosci\/krzysztof-maruszewski\/\" class=\"more-link\">Czytaj dalej <span class=\"screen-reader-text\">Krzysztof Maruszewski<\/span> <span class=\"meta-nav\">&rarr;<\/span><\/a><\/p>\n","protected":false},"author":1,"featured_media":0,"parent":1416,"menu_order":0,"comment_status":"closed","ping_status":"open","template":"","meta":{"ngg_post_thumbnail":0,"footnotes":""},"class_list":["post-1454","page","type-page","status-publish","hentry"],"publishpress_future_action":{"enabled":false,"date":"2026-04-23 18:56:59","action":"change-status","newStatus":"draft","terms":[],"taxonomy":"language","extraData":[]},"publishpress_future_workflow_manual_trigger":{"enabledWorkflows":[]},"_links":{"self":[{"href":"https:\/\/kmim.wm.pwr.edu.pl\/immt\/wp-json\/wp\/v2\/pages\/1454","targetHints":{"allow":["GET"]}}],"collection":[{"href":"https:\/\/kmim.wm.pwr.edu.pl\/immt\/wp-json\/wp\/v2\/pages"}],"about":[{"href":"https:\/\/kmim.wm.pwr.edu.pl\/immt\/wp-json\/wp\/v2\/types\/page"}],"author":[{"embeddable":true,"href":"https:\/\/kmim.wm.pwr.edu.pl\/immt\/wp-json\/wp\/v2\/users\/1"}],"replies":[{"embeddable":true,"href":"https:\/\/kmim.wm.pwr.edu.pl\/immt\/wp-json\/wp\/v2\/comments?post=1454"}],"version-history":[{"count":0,"href":"https:\/\/kmim.wm.pwr.edu.pl\/immt\/wp-json\/wp\/v2\/pages\/1454\/revisions"}],"up":[{"embeddable":true,"href":"https:\/\/kmim.wm.pwr.edu.pl\/immt\/wp-json\/wp\/v2\/pages\/1416"}],"wp:attachment":[{"href":"https:\/\/kmim.wm.pwr.edu.pl\/immt\/wp-json\/wp\/v2\/media?parent=1454"}],"curies":[{"name":"wp","href":"https:\/\/api.w.org\/{rel}","templated":true}]}}