{"id":1455,"date":"2008-11-26T12:19:21","date_gmt":"2008-11-26T11:19:21","guid":{"rendered":"http:\/\/kmim.wm.pwr.edu.pl\/immt\/instytut-materialoznawstwa-i-mechaniki-technicznej\/pracownicy\/osobowosci\/ewald-macha\/"},"modified":"2008-11-26T12:19:21","modified_gmt":"2008-11-26T11:19:21","slug":"ewald-macha","status":"publish","type":"page","link":"https:\/\/kmim.wm.pwr.edu.pl\/immt\/instytut-materialoznawstwa-i-mechaniki-technicznej\/pracownicy\/osobowosci\/ewald-macha\/","title":{"rendered":"Ewald Macha"},"content":{"rendered":"<p>Urodzi\u0142 si\u0119 17 sierpnia 1940 roku w Czerwionce. Studia wy\u017csze na Wydziale \u0141\u0105czno\u015bci Politechniki Wroc\u0142awskiej uko\u0144czy\u0142 w 1964r., a nast\u0119pnie rozpocz\u0105\u0142 prac\u0119 w Instytucie Materia\u0142oznawstwa i Mechaniki Technicznej. Tytu\u0142 doktora nauk technicznych otrzyma\u0142 w roku 1970 na Wydziale Elektroniki Politechniki Wroc\u0142awskiej. Tytu\u0142 dra hab. w dyscyplinie Mechanika uzyska\u0142 w 1980 roku na Wydziale Mechanicznym Politechniki Wroc\u0142awskiej.<\/p>\n<p>Prowadzi\u0142 prace zwi\u0105zane z wyznaczaniem napr\u0119\u017cenia zredukowanego na podstawie pomiar\u00f3w stanu odkszta\u0142cenia, nast\u0119pnie zajmowa\u0142 si\u0119 zm\u0119czeniem materia\u0142\u00f3w i konstrukcji w wieloosiowych stanach napr\u0119\u017ce\u0144.<\/p>\n<p>Od roku 1981 pracuje w Politechnice Opolskiej (pierwotnie WSI w Opolu).<\/p>\n<p><\/p>\n<p style=\"font-weight: bold;\">Prof. dr hab. in\u017c Ewald Macha<\/p>\n<ol>\n<li>\n<p><span style=\"font-weight: bold;\">Data i miejsce urodzenia<\/span>: 17.08.1940. Czerwionka<\/p>\n<\/li>\n<li>\n<p><span style=\"font-weight: bold;\">Uko\u0144czone studia<\/span>: Politechnika Wroc\u0142awska<\/p>\n<\/li>\n<li>\n<p><span style=\"font-weight: bold;\">Dyscyplina naukowa<\/span>: budowa i eksploatacja maszyn, mechanika<\/p>\n<\/li>\n<li>\n<p><span style=\"font-weight: bold;\">Specjalno\u015b\u0107<\/span>: wieloosiowe zm\u0119czenie losowe, mechanika cia\u0142a sta\u0142ego<\/p>\n<p>&nbsp;<\/p>\n<\/li>\n<li>\n<p><span style=\"font-weight: bold;\">Stopnie i tytu\u0142y naukowe, stopnie honorowe<\/span>: <\/p>\n<\/li>\n<\/ol>\n<ul>\n<li>\n<p>mgr in\u017c.- Politechnika Wroc\u0142awska &#8211; 1964<\/p>\n<\/li>\n<\/ul>\n<ul>\n<li>\n<p>dr &#8211; Politechnika Wroc\u0142awska &#8211; 1970, <\/p>\n<\/li>\n<li>\n<p>dr hab.&#8211; Politechnika Wroc\u0142awska &#8211; 1980, <\/p>\n<\/li>\n<li>\n<p>prof.&#8211; Politechnika Opolska &#8211; 1992<\/p>\n<p>&nbsp;<\/p>\n<\/li>\n<\/ul>\n<ol start=\"6\">\n<li>\n<p><span style=\"font-weight: bold;\">Stanowiska zwi\u0105zane z dzia\u0142alno\u015bci\u0105 naukow\u0105, w tym stypendia i sta\u017ce d\u0142ugoterminowe<\/span>:<\/p>\n<\/li>\n<\/ol>\n<ul>\n<li>\n<p>Politechnika Wroc\u0142awska &#8211; asystent (1964-1970) i adiunkt (1970-1981), <\/p>\n<\/li>\n<li>\n<p>Wy\u017csza Szko\u0142a In\u017cynierska (WSI) w Opolu &#8211; docent (1981-1990)<\/p>\n<\/li>\n<li>\n<p>WSI w Opolu -prorektor d\/s nauki, (1984-1987), <\/p>\n<\/li>\n<li>\n<p>Politechnika Opolska &#8211; prof. nadzw. (1990-1995) <\/p>\n<\/li>\n<li>\n<p>Politechnika Opolska &#8211; prof. zwycz. ( od 1995 r.)<\/p>\n<\/li>\n<li>\n<p>Kierownik Katedry Mechaniki i Podstaw Konstrukcji Maszyn, Politechnika Opolska (od 1992 r.)<\/p>\n<\/li>\n<\/ul>\n<p><span style=\"font-weight: bold;\"> Stypendia i sta\u017ce<\/span>:<\/p>\n<ul>\n<li>\n<p>IREX grant &#8211; USA, Purdue Univ.,West Lafayette, IN i Univ.of California, Los <span lang=\"pl-PL\">Angeles, CA (1985-1987) &#8211; 7 miesi\u0119cy<\/span><\/p>\n<\/li>\n<\/ul>\n<ul>\n<li>\n<p>DAAD grant &#8211; Niemcy, Ruhr Univ. Bochum i TU Clausthal (1990) &#8211; 3 miesi\u0105ce<\/p>\n<\/li>\n<li>\n<p>TEMPUS grant &#8211; UK, Nottingham Univ. i Bradford Univ. (1993)- 8 miesi\u0119cy<\/p>\n<\/li>\n<li>\n<p>NATO grant &#8211; W\u0142ochy, Parma University (1996)- 4 miesi\u0105ce<\/p>\n<\/li>\n<li>\n<p>Visiting Professor w LAMEFIP ENSAM Bordeaux, Francja (2000) &#8211; 1 miesi\u0105c<\/p>\n<\/li>\n<li>\n<p>Visiting Professor w Tours Univ., Francja (2001) &#8211; 2 miesi\u0105ce<\/p>\n<p>&nbsp;<\/p>\n<\/li>\n<\/ul>\n<ol start=\"7\">\n<li>\n<p><span style=\"font-weight: bold;\">Cz\u0142onkostwo w presti\u017cowych instytucjach, korporacjach i organizacjach naukowych<\/span>:<\/p>\n<\/li>\n<\/ol>\n<ul>\n<li>\n<p>w latach 1970-1989 &#8211; sekretarz naukowy kwartalnika &#8222;Studia Geotechnica et Mechanica &#8221;, <\/p>\n<\/li>\n<\/ul>\n<ul>\n<li>\n<p>od 1987 r. &#8211; cz\u0142onek Mi\u0119dzysekcyjnego Zespo\u0142u Zm\u0119czenia i Mechaniki P\u0119kania Materia\u0142\u00f3w i Konstrukcji, PAN<\/p>\n<\/li>\n<\/ul>\n<ul>\n<li>\n<p>od 1996 r. &#8211; cz\u0142onek Komitetu Naukowego czasopisma &#8222;Problemy Maszyn Robocznych&#8221;<\/p>\n<\/li>\n<\/ul>\n<ul>\n<li>\n<p><span lang=\"en-GB\">od 1998 r. &#8211; cz\u0142one<\/span><span lang=\"en-GB\">k Advisory Board kwartalnika: &#8222;The Archive of Mechanical <\/span>Engineering&#8221;, <\/p>\n<\/li>\n<\/ul>\n<ul>\n<li>\n<p>od 2000 r. &#8211; cz\u0142onek the European Structural Integrity Society (ESIS), <\/p>\n<\/li>\n<li>\n<p><span lang=\"en-GB\">od 1999 r. &#8211; cz\u0142onek American Society for Testing and Materials (ASTM), <\/span>     <\/p>\n<\/li>\n<li>\n<p><span lang=\"pl-PL\">od 1998 r.- cz\u0142onek Polskiej Grupy Mechaniki P\u0119kania,<\/span><span lang=\"pl-PL\">&nbsp;<\/span> <\/p>\n<\/li>\n<\/ul>\n<p>&#8211; od 1987 r &#8211; cz\u0142onek Polskiego Towarzystwa Mechaniki Teoretycznej i Stosowanej <\/p>\n<p>&#8211; od 1998 r. &#8211; Przewodnicz\u0105cy Opolskiego Oddzia\u0142u PTMTS-u,<\/p>\n<ul>\n<li>\n<p>od 2002 r.- Przewodnicz\u0105cy Komitetu Technicznego TC3.1 &#8211; Multiaxial Fatigue w <span lang=\"en-GB\">ramach Euro<\/span><span lang=\"en-GB\">pean Structure Integrity Society ( ESIS)<\/span><\/p>\n<\/li>\n<\/ul>\n<ul>\n<li>\n<p>od 2002 r. cz\u0142onek Klubu Encyklopedii Actus Purus<\/p>\n<\/li>\n<li>\n<p>od 2002 r. cz\u0142onek Jure for the nomination of the Ernst Gassner Award at Fraunhofer Institute for Structural Durability LBF, Darmstadt <\/p>\n<\/li>\n<\/ul>\n<ol start=\"8\">\n<li>\n<p><span style=\"font-weight: bold;\">Badania<\/span>:<\/p>\n<\/li>\n<\/ol>\n<ul>\n<li>\n<p>zapocz\u0105tkowanie i rozwini\u0119cie nowego w skali mi\u0119dzynarodowej kierunku bada\u0144 nad wieloosiowym zm\u0119czeniem losowym tworzyw konstrukcyjnych ,<\/p>\n<\/li>\n<\/ul>\n<ul>\n<li>\n<p>sformu\u0142owanie kryteri\u00f3w wieloosiowego wyt\u0119\u017cenia zm\u0119czeniowego, pozwalaj\u0105cych oblicza\u0107 trwa\u0142o\u015b\u0107 element\u00f3w maszyn i konstrukcji przy obci\u0105\u017ceniach eksploatacyjnych<\/p>\n<\/li>\n<\/ul>\n<ul>\n<li>\n<p>zbudowanie, wraz z zespo\u0142em unikatowego w skali kraju laboratorium wyposa\u017conego w maszyny zm\u0119czeniowe, na kt\u00f3rych prowadzone s\u0105 testy materia\u0142owe precyzuj\u0105ce zakres stosowania opracowanych algorytm\u00f3w oblicze\u0144 wytrzyma\u0142o\u015bciowych.<\/p>\n<\/li>\n<\/ul>\n<ol style=\"font-weight: bold;\" start=\"9\">\n<li>\n<p>Publikacje:<\/p>\n<\/li>\n<\/ol>\n<p> Jest autorem lub wsp\u00f3\u0142autorem ponad 180 prac, w tym 11 monografii i 5 patent\u00f3w. <\/p>\n<ol style=\"font-weight: bold;\" start=\"10\">\n<li>\n<p>Najwa\u017cniejsze publikacje (oko\u0142o 10):<\/p>\n<\/li>\n<\/ol>\n<ul>\n<li>\n<p><span lang=\"en-GB\">Multiaxial Fatigue and Fracture (ESIS 25), Eds: <\/span><span lang=\"en-GB\">E.Macha, W.B\u0119dkowski, T. <\/span>\u0141agoda, Elsevier, Oxford 1999, 288 ps.<\/p>\n<\/li>\n<li>\n<p><span lang=\"en-GB\">Macha E.,<\/span><span lang=\"en-GB\"> Sonsino C.M., Energy criteria of multiaxial fatigue failure, Fatigue <\/span>Fract. Engng. Mater.Struct., Vol.22, 1999, pp.1053-1070<\/p>\n<\/li>\n<li>\n<p><span lang=\"en-GB\">\u0141agoda T., Macha E., Generalisation of energy-based multiaxial fatigue criteria to <\/span>random loading, in: Multiaxial Fatigue and Deformation: Testing and Prediction, ASTM STP 1397, S.Kalluri and P.J. Bonacuse, Eds., American Society for Testing and Materials, West Conshohocken, PA, 2000, pp. 173-190<\/p>\n<\/li>\n<li>\n<p><span lang=\"en-GB\">Macha E.,<\/span><span lang=\"en-GB\"> Reliability of Machines, Handbook No 240, Technical University of <\/span>Opole, Opole, 2001, 113 ps.<\/p>\n<\/li>\n<li>\n<p><span lang=\"en-GB\">\u0141agoda T<\/span><span lang=\"en-GB\">., Macha E., Pawliczek R., The influence of the mean stress on fatigue life <\/span>of 10HNAP steel under random loading, Int. J. Fatigue, Vol. 23, No.4, 2001, pp. 283-251<\/p>\n<\/li>\n<li>\n<p><span lang=\"en-GB\">Macha E<\/span><span lang=\"en-GB\">.,A review of energy &#8211; based multiaxial fatigue failure criteria, The Archive <\/span>of Mechanical Engineering, Vol XLVIII, No 1, 2001, pp.71 &#8211; 101<\/p>\n<\/li>\n<li>\n<p><span lang=\"en-GB\">\u0141agoda T., Macha E., Nies\u0142ony A., Muller A., Fatigue life of cast irons GGG40, <\/span>GGG60 and TS45 under combined variable amplitude tension with torsion, The Archive of Mechanical Engineering, Vol. XLVIII, No 1, 2001, pp. 57-69<\/p>\n<\/li>\n<li>\n<p><span lang=\"en-GB\">Carpinteri A., Karolczuk A., Macha E., Vantadori S., Expected position of the <\/span>fatigue fracture plane by using the weighted mean principal Euler angles, Int. J. Fracture No. 115, 2002, pp.87-99<\/p>\n<\/li>\n<li>\n<p><span lang=\"en-GB\">\u0141agoda T., Macha E., Sakane M., Estimation of high temperature fatigue lifetime of <\/span>SUS304 steel with an energy parameter in the critical plane, J. of Theoretical and Applied Mechanics, Vol. 41, No. 1, 2003, pp.55-73.<\/p>\n<\/li>\n<li>\n<p><span lang=\"en-GB\">\u0141agoda T., Macha E., Nies\u0142ony A., Fatigue life estimation under multiaxial <\/span>loading based on the spectral analysis of stochastic processes in: Fatigue Damage of Materials: Experiment and Analysis, Eds A.Varvani- Farahani and C.A. Brebbia, WIT Press, Southampton 2003, pp. 367-377, <\/p>\n<\/li>\n<\/ul>\n<ol start=\"11\">\n<li>\n<p><span style=\"font-weight: bold;\">Najwa\u017cniejsze nagrody i odznaczenia<\/span>:<\/p>\n<\/li>\n<\/ol>\n<ul>\n<li>\n<p>Z\u0142oty Krzy\u017c Zas\u0142ugi ( 1984)<\/p>\n<\/li>\n<li>\n<p>nagrody II stopnia (1986) i I stopnia (1989) Ministra Nauki i Szkolnictwa Wy\u017cszego <\/p>\n<\/li>\n<li>\n<p>Medal Komisji Edukacji Narodowej ( 1994)<\/p>\n<\/li>\n<\/ul>\n<ol start=\"12\">\n<li>\n<p><span style=\"font-weight: bold;\">Inne istotne informacje<\/span>:<\/p>\n<\/li>\n<\/ol>\n<ul>\n<li>\n<p>koordynator Centrum Doskona\u0142o\u015bci CESTI ( GROW-2001-INTEG programme), FP5, Centre of Structural Integrity ( 2002 &#8211; )<\/p>\n<\/li>\n<\/ul>\n<ul>\n<li>\n<p>koordynator zrealizowanych grant\u00f3w europejskich:<\/p>\n<\/li>\n<\/ul>\n<ul>\n<li>\n<p>1996-1999 &#8211; TEMPUS-PHARE programme S-JEP 11033-96, Development of Y system at the Faculty of Mechanics<\/p>\n<\/li>\n<li>\n<p>1999-2001- LEONARDO DA VINCI programme PL\/99\/2\/011097\/PI\/II.1.1.c\/FPC, Improvement of cooperation between universities and local industry in the area of training in technology<\/p>\n<\/li>\n<li>\n<p>1994-1996 &#8211; Grant HTECH CRG 931187 ( NATO)<\/p>\n<\/li>\n<li>\n<p>COPERNICUS programme CIPA-CT94-0194<\/p>\n<\/li>\n<li>\n<p>1993-1995 Grant &#8211; British Council ( UK) and SCRS (PL)<\/p>\n<\/li>\n<\/ul>\n<ul>\n<li>\n<p>biogram w nast\u0119puj\u0105cych publikacjach:<\/p>\n<\/li>\n<\/ul>\n<ul>\n<li>\n<p>Z\u0142ota Ksi\u0119ga Nauki Polskiej 2000- Naukowcy Prze\u0142omu Wiek\u00f3w, Wydawnictwo HELION, Gliwice 2001<\/p>\n<\/li>\n<li>\n<p>Encyklopedia ACTUS PURUS, Kto jest Kim w Polsce Nowego Milenium <br \/> (2000-2002), Polska Narodowa Oficyna Wydawnicza, Pozna\u0144 2002<\/p>\n<\/li>\n<li>\n<p><span lang=\"pl-PL\">Z\u0142ota Ksi\u0119ga Nauk Technicznych 2003, Wydawnictwo HELION, Gliwice 2003<\/span><\/p>\n<\/li>\n<\/ul>\n","protected":false},"excerpt":{"rendered":"<p>Urodzi\u0142 si\u0119 17 sierpnia 1940 roku w Czerwionce. Studia wy\u017csze na Wydziale \u0141\u0105czno\u015bci Politechniki Wroc\u0142awskiej uko\u0144czy\u0142 w 1964r., a nast\u0119pnie rozpocz\u0105\u0142 prac\u0119 w Instytucie Materia\u0142oznawstwa i Mechaniki Technicznej. Tytu\u0142 doktora nauk technicznych otrzyma\u0142 w roku 1970 na Wydziale Elektroniki Politechniki Wroc\u0142awskiej. Tytu\u0142 dra hab. w dyscyplinie Mechanika uzyska\u0142 w 1980 roku na Wydziale Mechanicznym Politechniki &hellip; <a href=\"https:\/\/kmim.wm.pwr.edu.pl\/immt\/instytut-materialoznawstwa-i-mechaniki-technicznej\/pracownicy\/osobowosci\/ewald-macha\/\" class=\"more-link\">Czytaj dalej <span class=\"screen-reader-text\">Ewald Macha<\/span> <span class=\"meta-nav\">&rarr;<\/span><\/a><\/p>\n","protected":false},"author":1,"featured_media":0,"parent":1416,"menu_order":0,"comment_status":"closed","ping_status":"open","template":"","meta":{"ngg_post_thumbnail":0,"footnotes":""},"class_list":["post-1455","page","type-page","status-publish","hentry"],"publishpress_future_action":{"enabled":false,"date":"2026-04-27 07:54:14","action":"change-status","newStatus":"draft","terms":[],"taxonomy":"language","extraData":[]},"publishpress_future_workflow_manual_trigger":{"enabledWorkflows":[]},"_links":{"self":[{"href":"https:\/\/kmim.wm.pwr.edu.pl\/immt\/wp-json\/wp\/v2\/pages\/1455","targetHints":{"allow":["GET"]}}],"collection":[{"href":"https:\/\/kmim.wm.pwr.edu.pl\/immt\/wp-json\/wp\/v2\/pages"}],"about":[{"href":"https:\/\/kmim.wm.pwr.edu.pl\/immt\/wp-json\/wp\/v2\/types\/page"}],"author":[{"embeddable":true,"href":"https:\/\/kmim.wm.pwr.edu.pl\/immt\/wp-json\/wp\/v2\/users\/1"}],"replies":[{"embeddable":true,"href":"https:\/\/kmim.wm.pwr.edu.pl\/immt\/wp-json\/wp\/v2\/comments?post=1455"}],"version-history":[{"count":0,"href":"https:\/\/kmim.wm.pwr.edu.pl\/immt\/wp-json\/wp\/v2\/pages\/1455\/revisions"}],"up":[{"embeddable":true,"href":"https:\/\/kmim.wm.pwr.edu.pl\/immt\/wp-json\/wp\/v2\/pages\/1416"}],"wp:attachment":[{"href":"https:\/\/kmim.wm.pwr.edu.pl\/immt\/wp-json\/wp\/v2\/media?parent=1455"}],"curies":[{"name":"wp","href":"https:\/\/api.w.org\/{rel}","templated":true}]}}