{"id":1456,"date":"2008-11-28T15:39:51","date_gmt":"2008-11-28T14:39:51","guid":{"rendered":"http:\/\/kmim.wm.pwr.edu.pl\/immt\/instytut-materialoznawstwa-i-mechaniki-technicznej\/pracownicy\/osobowosci\/radoslaw-iwankiewicz\/"},"modified":"2008-11-28T15:39:51","modified_gmt":"2008-11-28T14:39:51","slug":"radoslaw-iwankiewicz","status":"publish","type":"page","link":"https:\/\/kmim.wm.pwr.edu.pl\/immt\/instytut-materialoznawstwa-i-mechaniki-technicznej\/pracownicy\/osobowosci\/radoslaw-iwankiewicz\/","title":{"rendered":"Rados\u0142aw Iwankiewicz"},"content":{"rendered":"<p>Urodzi\u0142em si\u0119 6 lutego 1953 roku we Wroc\u0142awiu, gdzie uko\u0144czy\u0142em w 1969 roku II Liceum Og\u00f3&#769;lnokszta\u0142c\u0105ce, a w 1974 roku, z wyr\u00f3\u017cnieniem, studia na Wydziale Budownictwa L\u0105dowego Politechniki Wroc\u0142awskiej, w specjalno\u015bci: Teoria Konstrukcji. W latach 1974 &#8211; 1977 odby\u0142em studia doktoranckie w Politechnice Wroc\u0142awskiej. Prac\u0119 doktorsk\u0105 w dziedzinie dynamiki konstrukcji, p.t. &#8221;Studium dynamiki kratowego d\u017awigara mostu kolejowego pod obci\u0105\u017ceniem ruchomym&#8221; obroni\u0142em 26 wrze\u015bnia 1978 roku w Instytucie In\u017cynierii L\u0105dowej Politechniki Wroclawskiej. Habilitacj\u0119 w dyscyplinie mechanika otrzyma\u0142em w dniu 2 czerwca 1993 roku na podstawie pracy &#8221;Metody stochastyczne w zagadnieniach uk\u0142ad\u00f3w dynamicznych poddanych losowym seriom impuls\u00f3w&#8221; obronionej przed Rad\u0105 Wydzia\u0142u Mechanicznego Politechniki Wroc\u0142awskiej. <\/p>\n<p> Prac\u0119 na Politechnice Wroc\u0142awskiej rozpocz\u0105\u0142em 4 wrze\u015bnia 1974 roku na stanowisku asystenta sta\u017cysty. Po studiach doktoranckich (1974-1977) od 1977 do 1978 roku by\u0142em starszym asystentem, a od 1978 do 1987 r. adiunktem w Instytucie In\u017cynierii L\u0105dowej. Od 1987 do 1996r. by\u0142em adiunktem w Instytucie Materia\u0142oznawstwa i Mechaniki Technicznej. Od lipca 1996 <br \/> roku do kwietnia 2005 roku pozostawa\u0142em na stanowisku profesora nadzwyczajnego Politechniki Wroc\u0142awskiej (od kwietnia 1998 do kwietnia 2005 roku na urlopie bezp\u0142atnym). <br \/> W okresie 1978 &#8211; 1979 r. odby\u0142em roczny sta\u017c naukowy w Instytucie Podstawowych Problem\u00f3w Techniki P.A.N. w Warszawie. W okresie 1984 &#8211; 1985 r. przebywa\u0142em na o\u015bmiomiesi\u0119cznym stypendium naukowym Rz\u0105du Francuskiego, w Laboratoire de Mecanique et Technologie&#8211;Universite Paris VI\/C.N.R.S.\/E.N.S.E.T. w Cachan. Od wrze\u015bnia 1994 roku do maja 1995 roku bylem zatrudniony, jako profesor wizytuj\u0105cy, na Uniwersytecie w Aalborgu (Dania). Od wrze\u015bnia do listopada 1995 roku przebywa\u0142em, jako stypendysta D.A.A.D. (Studienaufenthalt), na Uniwersytecie Technicznym w Monachium. <\/p>\n<p> Od 1 marca 1998 roku do 28 lutego 2007 roku pe\u0142ni\u0142em stanowisko profesora (kierownika katedry) mechaniki stosowanej (Murray and Roberts Professor (Chair) of Applied Mechanics), w School of Mechanical Engineering, University of the Witwatersrand, Johannesburg, w Republice Po\u0142udniowej Afryki. W mi\u0119dzyczasie, w maju i czerwcu 2003 roku, przebywa\u0142em przez okres dw\u00f3ch&nbsp; miesi\u0119cy jako profesor wizytuj\u0105cy, na Uniwersytecie w Aalborgu oraz przez rok od marca 2004 do lutego 2005 roku jako profesor wizytuj\u0105cy (DAAD Chair: Mechanics for Global Engineers), na Uniwersytecie Technicznym Hamburg-Harburg. <\/p>\n<p> Od 1 marca 2007 roku jestem profesorem na Uniwersytecie Technicznym Hamburg-Harburg. G\u0142\u00f3wn\u0105 dziedzin\u0105 mojej pracy naukowej s\u0105 stochastyczne problemy dynamiki i niezawodno\u015bci konstrukcji oraz metody stochastyczne (stochastyczne modelowanie) w mechanice. W szczeg\u00f3lno\u015bci od wielu lat zajmuje si\u0119 dynamik\u0105 i niezawodno\u015bci\u0105 uk\u0142ad\u00f3w poddanych losowym seriom impuls\u00f3w, a od niedawna tak\u017ce metodami stochastycznymi w mechanice nanomateria\u0142\u00f3w. Rozwija\u0142em w tym zakresie metody analityczne, dok\u0142adne i przybli\u017cone, zwi\u0105zane z zastosowaniem metod proces\u00f3w stochastycznych (przede wszystkim proces\u00f3w punktowych) oraz stochastycznych r\u00f3wna\u0144 r\u00f3\u017cniczkowych. <\/p>\n<p> Jestem autorem i wsp\u00f3\u0142autorem 94 publikacji naukowych, a w tej liczbie: 3 monografii, 32 artyku\u0142\u00f3w w czasopismach naukowych, 37 publikacji w materia\u0142ach konferencji mi\u0119dzynarodowych oraz 22 publikacji w materia\u0142ach konferencji krajowych. Jestem autorem i wsp\u00f3\u0142autorem ponad 30 referat\u00f3w na naukowe konferencje krajowe oraz ponad 50 referat\u00f3w na konferencje zagraniczne (m.in. w Bu\u0142garii, Chinach, Danii, Francji, Grecji, Japonii, Korei P\u0142d., Niemczech, Norwegii, Portugalii, Republice Po\u0142udniowej Afryki, Rosji, U.S.A, na W\u0119grzech i we W\u0142oszech). <br \/> Bylem promotorem 4 zako\u0144czonych przewod\u00f3w doktorskich. <br \/> W latach 1986&#8211;1990 moje badania by\u0142y finansowane przez C.P.B.P.02.02 koordynowany przez I.P.P.T. P.A.N. oraz przez C.P.B.P. 01.02 &#8221;Wykorzystanie metod matematycznych w technice&#8221; koordynowany przez Politechnik\u0119 Wroc\u0142awsk\u0105. W latach 1991&#8211;1998 bylem kierownikiem i wykonawc\u0105 projekt\u00f3w badawczych w ramach K.B.N. W latach 1998&#8211;2007 prowadzi\u0142em projekty badawcze finansowane przez National Research Foundation (N.R.F.) w R.P.A. <br \/> Z wieloma o\u015brodkami naukowymi i uczonymi w \u015bwiecie prowadzi\u0142em i nadal prowadz\u0119 wsp\u00f3\u0142prac\u0119 naukow\u0105 polegaj\u0105c\u0105 na podejmowaniu wsp\u00f3lnych temat\u00f3w badawczych i w konsekwencji publikowaniu prac oraz na organizowaniu kr\u00f3tkich, specjalistycznych cykli wyk\u0142ad\u00f3w. Od roku 1988 wsp\u00f3\u0142pracuj\u0119, w dziedzinie dynamiki stochastycznej, z Uniwersytetem w Aalborgu w Danii. Przez szereg lat wsp\u00f3\u0142pracowa\u0142em w dziedzinie niezawodno\u015bci konstrukcji z Uniwersytetem Technicznym w Monachium. Od kilku lat wsp\u00f3\u0142pracuj\u0119 z University of Northampton, w Wielkiej Brytanii (dynamika urz\u0105dze\u0144 wyci\u0105gowych), z Uniwersytetami w Palermo oraz Chieti-Pescara, we W\u0142oszech (dynamika stochastyczna) oraz z Politechnik\u0105 Warszawsk\u0105 (w dziedzinie mechaniki nanomaterial\u00f3w). Ostatnio wsp\u00f3\u0142pracuj\u0119 w dziedzinie dynamiki tak\u017ce z University of Aberdeen, w Szkocji. <br \/> Prowadzi\u0142em wyk\u0142ady i \u0107wiczenia ze Statyki i Dynamiki Budowli Wydziale Budownictwa L\u0105dowego, z Mechaniki Technicznej i Wytrzyma\u0142o\u015bci Materia\u0142\u00f3w na Wydzia\u0142ach: Mechanicznym, Mechaniczno &#8211; Energetycznym, Elektrycznym oraz Informatyki i Zarz\u0105dzania Politechniki Wroc\u0142awskiej, wyk\u0142ady z Mechaniki Stosowanej, Drga\u0144 Mechanicznych i Zastosowa\u0144 Proces\u00f3w Stochastycznych w Matematyce Finansowej na Uniwersytecie Witwatersrandu w Johannesburgu, wyk\u0142ady z Mechaniki Stosowanej i Teorii Drga\u0144 na Uniwersytecie Technicznym Hamburg-Harburg a tak\u017ce wyk\u0142ady seminaryjne i wyk\u0142ady dla doktorant\u00f3w n.t. Dynamiki Stochastycznej na Politechnice Wroc\u0142awskiej oraz na Uniwersytetach w Aalborgu, Johannesburgu, Kopenhadze, Pary\u017cu, Palermo, Reggio Calabria i Rzymie. <\/p>\n<p> W latach 1987&#8211;1990 pe\u0142ni\u0142em funkcj\u0119 sekretarza naukowego C.P.B.P.01.02 &#8221;Wykorzystanie metod matematycznych w technice&#8221;. By\u0142em cz\u0142onkiem Zespo\u0142u Metod Stochastycznych w Mechanice i Sekcji Dynamiki Uk\u0142ad\u00f3w Materialnych Komitetu Mechaniki P.A.N. oraz cz\u0142onkiem Komisji Mechaniki i Budownictwa Oddzia\u0142u P.A.N. we Wroc\u0142awiu. <br \/> Jestem cz\u0142onkiem: Working Group 7.5 &#8221;Reliability and Optimization of Structural Systems&#8221; w ramach I.F.I.P. (International Federation of Information Processing), Scientific Committee on Stochastic Dynamics (SC2) w ramach IASSAR (The International Association for Structural Safety and Reliability) oraz Rady Wydawniczej czasopisma naukowego: Probabilistic Engineering Mechanics. Poza tym nale\u017c\u0119 do: Polskiego Towarzystwa Mechaniki Teoretycznej i Stosowanej (PTMTS), South African Association for Theoretical and Applied Mechanics oraz GAMM (Gesellschaft fur Angewandte Mathematik und Mechanik). <\/p>\n<p> Otrzyma\u0142em nagrody naukowe: wyr\u00f3\u017cnienie im. Profesora Witolda Wierzbickiego przyznane przez PZITB za osi\u0105gni\u0119te w czasie studi\u00f3w wyniki w przedmiotach z zakresu mechaniki budowli (1974r.), indywidualn\u0105 nagrod\u0119 III stopnia Ministra Nauki, Szkolnictwa Wy\u017cszego i Techniki (1979r.), zespo\u0142ow\u0105 nagrod\u0119 II stopnia Ministra Nauki i Szkolnictwa Wy\u017cszego (1988 r) oraz nagrod\u0119 Ministra Edukacji Narodowej za ksi\u0105\u017ck\u0119 (1996r.). Kilkakrotnie otrzyma\u0142em nagrody naukowe Rektora Politechniki Wroc\u0142awskiej oraz nagrody dydaktyczne Dziekana. <\/p>\n<p> Jestem odznaczony Z\u0142ot\u0105 Odznak\u0105 Politechniki Wroc\u0142awskiej. <br \/> Znam biegle j\u0119zyki: angielski i francuski, dobrze niemiecki, rosyjski i w \u0142oski oraz w stopniu podstawowym hiszpa\u0144ski. <\/p>\n<p> Dnia 13 listopada 2008 roku.<\/p>\n","protected":false},"excerpt":{"rendered":"<p>Urodzi\u0142em si\u0119 6 lutego 1953 roku we Wroc\u0142awiu, gdzie uko\u0144czy\u0142em w 1969 roku II Liceum Og\u00f3&#769;lnokszta\u0142c\u0105ce, a w 1974 roku, z wyr\u00f3\u017cnieniem, studia na Wydziale Budownictwa L\u0105dowego Politechniki Wroc\u0142awskiej, w specjalno\u015bci: Teoria Konstrukcji. W latach 1974 &#8211; 1977 odby\u0142em studia doktoranckie w Politechnice Wroc\u0142awskiej. Prac\u0119 doktorsk\u0105 w dziedzinie dynamiki konstrukcji, p.t. &#8221;Studium dynamiki kratowego d\u017awigara &hellip; <a href=\"https:\/\/kmim.wm.pwr.edu.pl\/immt\/instytut-materialoznawstwa-i-mechaniki-technicznej\/pracownicy\/osobowosci\/radoslaw-iwankiewicz\/\" class=\"more-link\">Czytaj dalej <span class=\"screen-reader-text\">Rados\u0142aw Iwankiewicz<\/span> <span class=\"meta-nav\">&rarr;<\/span><\/a><\/p>\n","protected":false},"author":1,"featured_media":0,"parent":1416,"menu_order":0,"comment_status":"closed","ping_status":"open","template":"","meta":{"ngg_post_thumbnail":0,"footnotes":""},"class_list":["post-1456","page","type-page","status-publish","hentry"],"publishpress_future_action":{"enabled":false,"date":"2026-04-23 06:18:30","action":"change-status","newStatus":"draft","terms":[],"taxonomy":"language","extraData":[]},"publishpress_future_workflow_manual_trigger":{"enabledWorkflows":[]},"_links":{"self":[{"href":"https:\/\/kmim.wm.pwr.edu.pl\/immt\/wp-json\/wp\/v2\/pages\/1456","targetHints":{"allow":["GET"]}}],"collection":[{"href":"https:\/\/kmim.wm.pwr.edu.pl\/immt\/wp-json\/wp\/v2\/pages"}],"about":[{"href":"https:\/\/kmim.wm.pwr.edu.pl\/immt\/wp-json\/wp\/v2\/types\/page"}],"author":[{"embeddable":true,"href":"https:\/\/kmim.wm.pwr.edu.pl\/immt\/wp-json\/wp\/v2\/users\/1"}],"replies":[{"embeddable":true,"href":"https:\/\/kmim.wm.pwr.edu.pl\/immt\/wp-json\/wp\/v2\/comments?post=1456"}],"version-history":[{"count":0,"href":"https:\/\/kmim.wm.pwr.edu.pl\/immt\/wp-json\/wp\/v2\/pages\/1456\/revisions"}],"up":[{"embeddable":true,"href":"https:\/\/kmim.wm.pwr.edu.pl\/immt\/wp-json\/wp\/v2\/pages\/1416"}],"wp:attachment":[{"href":"https:\/\/kmim.wm.pwr.edu.pl\/immt\/wp-json\/wp\/v2\/media?parent=1456"}],"curies":[{"name":"wp","href":"https:\/\/api.w.org\/{rel}","templated":true}]}}