{"id":1465,"date":"2004-06-29T21:38:22","date_gmt":"2004-06-29T19:38:22","guid":{"rendered":"http:\/\/kmim.wm.pwr.edu.pl\/immt\/instytut-materialoznawstwa-i-mechaniki-technicznej\/mozliwosci-badawcze-instytutu\/laboratorium-badawcze-materialow-konstrukcyjnych\/wyposazenie-badawcze\/"},"modified":"2004-06-29T21:38:22","modified_gmt":"2004-06-29T19:38:22","slug":"wyposazenie-badawcze","status":"publish","type":"page","link":"https:\/\/kmim.wm.pwr.edu.pl\/immt\/instytut-materialoznawstwa-i-mechaniki-technicznej\/mozliwosci-badawcze-instytutu\/laboratorium-badawcze-materialow-konstrukcyjnych\/wyposazenie-badawcze\/","title":{"rendered":"Wyposa\u017cenie badawcze"},"content":{"rendered":"<ul>\n<li>dwa jednoosiowe pulsatory hydrauliczne typu MTS 810 si\u0142a maksymalna 100kN <\/li>\n<li>dwuosiowy pulsator hydrauliczny typu MTS si\u0142a maksymalna 250kN, moment maksymalny 2500Nm <\/li>\n<li>twardo\u015bciomierz Zwick <\/li>\n<li>mikroskop elektronowy <\/li>\n<li>mikroskopy \u015bwietlne <\/li>\n<li>piec pr\u00f3\u017cniowy <\/li>\n<li>dyfraktometr rentgenowski <\/li>\n<li>analizator sygna\u0142owy <\/li>\n<li>stanowisko do bada\u0144 zbiornik\u00f3w wysokoci\u015bnieniowych <\/li>\n<\/ul>\n","protected":false},"excerpt":{"rendered":"<p>dwa jednoosiowe pulsatory hydrauliczne typu MTS 810 si\u0142a maksymalna 100kN dwuosiowy pulsator hydrauliczny typu MTS si\u0142a maksymalna 250kN, moment maksymalny 2500Nm twardo\u015bciomierz Zwick mikroskop elektronowy mikroskopy \u015bwietlne piec pr\u00f3\u017cniowy dyfraktometr rentgenowski analizator sygna\u0142owy stanowisko do bada\u0144 zbiornik\u00f3w wysokoci\u015bnieniowych<\/p>\n","protected":false},"author":1,"featured_media":0,"parent":1429,"menu_order":0,"comment_status":"closed","ping_status":"open","template":"","meta":{"ngg_post_thumbnail":0,"footnotes":""},"class_list":["post-1465","page","type-page","status-publish","hentry"],"publishpress_future_action":{"enabled":false,"date":"2026-04-22 08:55:34","action":"change-status","newStatus":"draft","terms":[],"taxonomy":"language","extraData":[]},"publishpress_future_workflow_manual_trigger":{"enabledWorkflows":[]},"_links":{"self":[{"href":"https:\/\/kmim.wm.pwr.edu.pl\/immt\/wp-json\/wp\/v2\/pages\/1465","targetHints":{"allow":["GET"]}}],"collection":[{"href":"https:\/\/kmim.wm.pwr.edu.pl\/immt\/wp-json\/wp\/v2\/pages"}],"about":[{"href":"https:\/\/kmim.wm.pwr.edu.pl\/immt\/wp-json\/wp\/v2\/types\/page"}],"author":[{"embeddable":true,"href":"https:\/\/kmim.wm.pwr.edu.pl\/immt\/wp-json\/wp\/v2\/users\/1"}],"replies":[{"embeddable":true,"href":"https:\/\/kmim.wm.pwr.edu.pl\/immt\/wp-json\/wp\/v2\/comments?post=1465"}],"version-history":[{"count":0,"href":"https:\/\/kmim.wm.pwr.edu.pl\/immt\/wp-json\/wp\/v2\/pages\/1465\/revisions"}],"up":[{"embeddable":true,"href":"https:\/\/kmim.wm.pwr.edu.pl\/immt\/wp-json\/wp\/v2\/pages\/1429"}],"wp:attachment":[{"href":"https:\/\/kmim.wm.pwr.edu.pl\/immt\/wp-json\/wp\/v2\/media?parent=1465"}],"curies":[{"name":"wp","href":"https:\/\/api.w.org\/{rel}","templated":true}]}}